{"id":9965,"date":"2025-11-17T21:28:43","date_gmt":"2025-11-17T21:28:43","guid":{"rendered":"https:\/\/zenandart.pt\/?page_id=9965"},"modified":"2025-11-29T19:15:40","modified_gmt":"2025-11-29T19:15:40","slug":"in-de-pers","status":"publish","type":"page","link":"https:\/\/zenandart.pt\/nl\/in-de-pers\/","title":{"rendered":"In de pers"},"content":{"rendered":"<div data-elementor-type=\"wp-page\" data-elementor-id=\"9965\" class=\"elementor elementor-9965\">\n\t\t\t\t\t\t<section class=\"elementor-section elementor-top-section elementor-element elementor-element-7c5af81 elementor-section-stretched elementor-section-boxed elementor-section-height-default elementor-section-height-default\" data-id=\"7c5af81\" data-element_type=\"section\" data-settings='{\"stretch_section\":\"section-stretched\",\"background_background\":\"classic\"}'>\n\t\t\t\t\t\t<div class=\"elementor-container elementor-column-gap-no\">\n\t\t\t\t\t<div class=\"elementor-column elementor-col-100 elementor-top-column elementor-element elementor-element-0bcaf17\" data-id=\"0bcaf17\" data-element_type=\"column\" data-settings='{\"background_background\":\"classic\"}'>\n\t\t\t<div class=\"elementor-widget-wrap elementor-element-populated\">\n\t\t\t\t\t\t<div class=\"elementor-element elementor-element-2ad0252 elementor-hidden-mobile elementor-invisible elementor-widget elementor-widget-heading\" data-id=\"2ad0252\" data-element_type=\"widget\" data-settings='{\"_animation\":\"slide-up\"}' data-widget_type=\"heading.default\">\n\t\t\t\t<div class=\"elementor-widget-container\">\n\t\t\t<h1 class=\"elementor-heading-title elementor-size-default\">In<span class=\"text-theme\"> Druk op<\/span><\/h1>\t\t<\/div>\n\t\t\t\t<\/div>\n\t\t\t\t<div class=\"elementor-element elementor-element-f883d2d elementor-widget elementor-widget-text-editor\" data-id=\"f883d2d\" data-element_type=\"widget\" data-widget_type=\"text-editor.default\">\n\t\t\t\t<div class=\"elementor-widget-container\">\n\t\t\t\t\t\t\t<p style=\"text-align: left;\">We zijn er trots op vermeld te worden in kranten, tijdschriften, blogs en andere media die onze toewijding aan comfort, design en gemoedsrust erkennen.<\/p><p style=\"text-align: left;\">Op deze pagina hebben we een aantal referenties in de media, artikelen, interviews en publicaties verzameld die ons concept, onze esthetiek en de unieke ervaring die we bieden in het hart van Santa Maria da Feira, Portugal, benadrukken.<\/p>\t\t\t\t\t\t<\/div>\n\t\t\t\t<\/div>\n\t\t\t\t<section class=\"elementor-section elementor-inner-section elementor-element elementor-element-9a0d34b elementor-section-content-middle elementor-section-boxed elementor-section-height-default elementor-section-height-default\" data-id=\"9a0d34b\" data-element_type=\"section\">\n\t\t\t\t\t\t<div class=\"elementor-container elementor-column-gap-extended\">\n\t\t\t\t\t<div class=\"elementor-column elementor-col-50 elementor-inner-column elementor-element elementor-element-fa20b59 elementor-invisible\" data-id=\"fa20b59\" data-element_type=\"column\" data-settings='{\"animation\":\"slide-up\"}'>\n\t\t\t<div class=\"elementor-widget-wrap elementor-element-populated\">\n\t\t\t\t\t\t<div class=\"elementor-element elementor-element-5547737 elementor-widget elementor-widget-text-editor\" data-id=\"5547737\" data-element_type=\"widget\" data-widget_type=\"text-editor.default\">\n\t\t\t\t<div class=\"elementor-widget-container\">\n\t\t\t\t\t\t\t<p><strong>Titel:<\/strong><br>Zen &amp; Art: een charmant hotel in Feira dat een eerbetoon is van een zoon aan zijn vader<\/p><p><strong>Publicatie: <\/strong>Openbaar<strong><br>Datum:<\/strong> 25 maart 2025<br><span style=\"text-decoration: underline;\"><a href=\"https:\/\/www.publico.pt\/2025\/03\/25\/fugas\/noticia\/zen-art-hotel-charme-feira-homenagem-filho-pai-2125108\" target=\"_blank\" rel=\"noopener\" data-umami-event=\"link:Link do Artigo\" data-umami-event-url=\"https:\/\/www.publico.pt\/2025\/03\/25\/fugas\/noticia\/zen-art-hotel-charme-feira-homenagem-filho-pai-2125108\">Artikel link<\/a><\/span><\/p>\t\t\t\t\t\t<\/div>\n\t\t\t\t<\/div>\n\t\t\t\t\t<\/div>\n\t\t<\/div>\n\t\t\t\t<div class=\"elementor-column elementor-col-50 elementor-inner-column elementor-element elementor-element-92ce756\" data-id=\"92ce756\" data-element_type=\"column\">\n\t\t\t<div class=\"elementor-widget-wrap elementor-element-populated\">\n\t\t\t\t\t\t<div class=\"elementor-element elementor-element-4044626 elementor-widget elementor-widget-text-editor\" data-id=\"4044626\" data-element_type=\"widget\" data-widget_type=\"text-editor.default\">\n\t\t\t\t<div class=\"elementor-widget-container\">\n\t\t\t\t\t\t\t<p><strong>Inleiding:<\/strong><br>Het eeuwenoude Casa da Lavandeira in Santa Maria da Feira was ooit een familieboerderij en heeft nu negen kamers, waarvan er vijf zijn ontworpen en ingericht door persoonlijkheden uit de kunst, gastronomie en wijn.<\/p>\t\t\t\t\t\t<\/div>\n\t\t\t\t<\/div>\n\t\t\t\t\t<\/div>\n\t\t<\/div>\n\t\t\t\t\t<\/div>\n\t\t<\/section>\n\t\t\t\t<section class=\"elementor-section elementor-inner-section elementor-element elementor-element-33ba4d0 elementor-section-content-middle elementor-section-boxed elementor-section-height-default elementor-section-height-default\" data-id=\"33ba4d0\" data-element_type=\"section\">\n\t\t\t\t\t\t<div class=\"elementor-container elementor-column-gap-extended\">\n\t\t\t\t\t<div class=\"elementor-column elementor-col-50 elementor-inner-column elementor-element elementor-element-bae69ed elementor-invisible\" data-id=\"bae69ed\" data-element_type=\"column\" data-settings='{\"animation\":\"slide-up\"}'>\n\t\t\t<div class=\"elementor-widget-wrap elementor-element-populated\">\n\t\t\t\t\t\t<div class=\"elementor-element elementor-element-e7af56d elementor-widget elementor-widget-text-editor\" data-id=\"e7af56d\" data-element_type=\"widget\" data-widget_type=\"text-editor.default\">\n\t\t\t\t<div class=\"elementor-widget-container\">\n\t\t\t\t\t\t\t<p><strong>Titel:<\/strong><br>Zen &amp; Kunst: een lofzang op kunst en sereniteit in Santa Maria da Feira<\/p><p><strong>Publicatie: <\/strong>Noordelijk Informatiebureau<strong><br>Datum:<\/strong> 10 april 2025<br><span style=\"text-decoration: underline;\"><a href=\"https:\/\/www.airinformacao.pt\/2025\/04\/10\/zen-art-um-hino-as-artes-e-a-serenidade-em-santa-maria-da-feira\/\" target=\"_blank\" rel=\"noopener\" data-umami-event=\"link:Link do Artigo\" data-umami-event-url=\"https:\/\/www.airinformacao.pt\/2025\/04\/10\/zen-art-um-hino-as-artes-e-a-serenidade-em-santa-maria-da-feira\/\">Artikel link<\/a><\/span><\/p>\t\t\t\t\t\t<\/div>\n\t\t\t\t<\/div>\n\t\t\t\t\t<\/div>\n\t\t<\/div>\n\t\t\t\t<div class=\"elementor-column elementor-col-50 elementor-inner-column elementor-element elementor-element-fabcff4\" data-id=\"fabcff4\" data-element_type=\"column\">\n\t\t\t<div class=\"elementor-widget-wrap elementor-element-populated\">\n\t\t\t\t\t\t<div class=\"elementor-element elementor-element-ff1429c elementor-widget elementor-widget-text-editor\" data-id=\"ff1429c\" data-element_type=\"widget\" data-widget_type=\"text-editor.default\">\n\t\t\t\t<div class=\"elementor-widget-container\">\n\t\t\t\t\t\t\t<p><strong>Inleiding:<\/strong><br>Kunst als anker van een ervaring van ontspanning, rust en contemplatie. Dit is wat Zen &amp; Art, een charmant hotel in het centrum van Santa Maria da Feira, biedt. Een familiehuis met een eeuwenlange geschiedenis is omgetoverd tot een accommodatie die artistiek genot combineert met een band met de natuur.<\/p>\t\t\t\t\t\t<\/div>\n\t\t\t\t<\/div>\n\t\t\t\t\t<\/div>\n\t\t<\/div>\n\t\t\t\t\t<\/div>\n\t\t<\/section>\n\t\t\t\t<section class=\"elementor-section elementor-inner-section elementor-element elementor-element-4d2bfd3 elementor-section-content-middle elementor-section-boxed elementor-section-height-default elementor-section-height-default\" data-id=\"4d2bfd3\" data-element_type=\"section\">\n\t\t\t\t\t\t<div class=\"elementor-container elementor-column-gap-extended\">\n\t\t\t\t\t<div class=\"elementor-column elementor-col-50 elementor-inner-column elementor-element elementor-element-e6f973c elementor-invisible\" data-id=\"e6f973c\" data-element_type=\"column\" data-settings='{\"animation\":\"slide-up\"}'>\n\t\t\t<div class=\"elementor-widget-wrap elementor-element-populated\">\n\t\t\t\t\t\t<div class=\"elementor-element elementor-element-6548b79 elementor-widget elementor-widget-text-editor\" data-id=\"6548b79\" data-element_type=\"widget\" data-widget_type=\"text-editor.default\">\n\t\t\t\t<div class=\"elementor-widget-container\">\n\t\t\t\t\t\t\t<p><strong>Directory:<\/strong><br>Boa Cama Boa Mesa<\/p><p><strong>Publicatie: <\/strong>Express<strong><br>Datum:<\/strong> 1 januari 2025<br><span style=\"text-decoration: underline;\"><a href=\"https:\/\/expresso.pt\/boa-cama-boa-mesa\" target=\"_blank\" rel=\"noopener\" data-umami-event=\"link:Link\" data-umami-event-url=\"https:\/\/expresso.pt\/boa-cama-boa-mesa\">Link<\/a><\/span><\/p>\t\t\t\t\t\t<\/div>\n\t\t\t\t<\/div>\n\t\t\t\t\t<\/div>\n\t\t<\/div>\n\t\t\t\t<div class=\"elementor-column elementor-col-50 elementor-inner-column elementor-element elementor-element-a05ce64\" data-id=\"a05ce64\" data-element_type=\"column\">\n\t\t\t<div class=\"elementor-widget-wrap elementor-element-populated\">\n\t\t\t\t\t\t<div class=\"elementor-element elementor-element-b7e0fee elementor-widget elementor-widget-text-editor\" data-id=\"b7e0fee\" data-element_type=\"widget\" data-widget_type=\"text-editor.default\">\n\t\t\t\t<div class=\"elementor-widget-container\">\n\t\t\t\t\t\t\t<p><strong>Inleiding:<\/strong><br>Met veel plezier en eer ontvingen we het nieuws dat Zen &amp; Art is opgenomen in de gids \"Boa Cama Boa Mesa\" 2025 als een van de toonaangevende accommodaties van Portugal.<\/p>\t\t\t\t\t\t<\/div>\n\t\t\t\t<\/div>\n\t\t\t\t<div class=\"elementor-element elementor-element-66866fd elementor-widget elementor-widget-image-gallery\" data-id=\"66866fd\" data-element_type=\"widget\" data-widget_type=\"image-gallery.default\">\n\t\t\t\t<div class=\"elementor-widget-container\">\n\t\t\t\t\t<div class=\"elementor-image-gallery\">\n\t\t\t<div id=\"gallery-1\" class=\"gallery galleryid-9965 gallery-columns-3 gallery-size-thumbnail\"><figure class=\"gallery-item\">\n\t\t\t<div class=\"gallery-icon landscape\">\n\t\t\t\t<a data-elementor-open-lightbox=\"yes\" data-elementor-lightbox-slideshow=\"66866fd\" data-elementor-lightbox-title=\"boa-cama-boa-mesa\" data-e-action-hash=\"#elementor-action%3Aaction%3Dlightbox%26settings%3DeyJpZCI6MTAwNTEsInVybCI6Imh0dHBzOlwvXC96ZW5hbmRhcnQucHRcL3dwLWNvbnRlbnRcL3VwbG9hZHNcL2JvYS1jYW1hLWJvYS1tZXNhLmpwZyIsInNsaWRlc2hvdyI6IjY2ODY2ZmQifQ%3D%3D\" href=\"https:\/\/zenandart.pt\/wp-content\/uploads\/boa-cama-boa-mesa.jpg\" data-umami-event=\"link_click\" data-umami-event-url=\"https:\/\/zenandart.pt\/wp-content\/uploads\/boa-cama-boa-mesa.jpg\"><img decoding=\"async\" width=\"150\" height=\"150\" src=\"https:\/\/zenandart.pt\/wp-content\/uploads\/boa-cama-boa-mesa-150x150.jpg\" class=\"attachment-thumbnail size-thumbnail\" alt=\"zen &amp; kunst bij boa cama boa mesa 2025\" title=\"\"><\/a>\n\t\t\t<\/div><\/figure><figure class=\"gallery-item\">\n\t\t\t<div class=\"gallery-icon landscape\">\n\t\t\t\t<a data-elementor-open-lightbox=\"yes\" data-elementor-lightbox-slideshow=\"66866fd\" data-elementor-lightbox-title=\"boa-cama-boa-mesa-2025\" data-e-action-hash=\"#elementor-action%3Aaction%3Dlightbox%26settings%3DeyJpZCI6MTAwNTIsInVybCI6Imh0dHBzOlwvXC96ZW5hbmRhcnQucHRcL3dwLWNvbnRlbnRcL3VwbG9hZHNcL2JvYS1jYW1hLWJvYS1tZXNhLTIwMjUuanBnIiwic2xpZGVzaG93IjoiNjY4NjZmZCJ9\" href=\"https:\/\/zenandart.pt\/wp-content\/uploads\/boa-cama-boa-mesa-2025.jpg\" data-umami-event=\"link_click\" data-umami-event-url=\"https:\/\/zenandart.pt\/wp-content\/uploads\/boa-cama-boa-mesa-2025.jpg\"><img decoding=\"async\" width=\"150\" height=\"150\" src=\"https:\/\/zenandart.pt\/wp-content\/uploads\/boa-cama-boa-mesa-2025-150x150.jpg\" class=\"attachment-thumbnail size-thumbnail\" alt=\"goed bed goede tafel 2025\" title=\"\"><\/a>\n\t\t\t<\/div><\/figure><figure class=\"gallery-item\">\n\t\t\t<div class=\"gallery-icon landscape\">\n\t\t\t\t<a data-elementor-open-lightbox=\"yes\" data-elementor-lightbox-slideshow=\"66866fd\" data-elementor-lightbox-title=\"zen-and-art-no-boa-cama-boa-mesa\" data-e-action-hash=\"#elementor-action%3Aaction%3Dlightbox%26settings%3DeyJpZCI6MTAxMTMsInVybCI6Imh0dHBzOlwvXC96ZW5hbmRhcnQucHRcL3dwLWNvbnRlbnRcL3VwbG9hZHNcL3plbi1hbmQtYXJ0LW5vLWJvYS1jYW1hLWJvYS1tZXNhLmpwZyIsInNsaWRlc2hvdyI6IjY2ODY2ZmQifQ%3D%3D\" href=\"https:\/\/zenandart.pt\/wp-content\/uploads\/zen-and-art-no-boa-cama-boa-mesa.jpg\" data-umami-event=\"link_click\" data-umami-event-url=\"https:\/\/zenandart.pt\/wp-content\/uploads\/zen-and-art-no-boa-cama-boa-mesa.jpg\"><img decoding=\"async\" width=\"150\" height=\"150\" src=\"https:\/\/zenandart.pt\/wp-content\/uploads\/zen-and-art-no-boa-cama-boa-mesa-150x150.jpg\" class=\"attachment-thumbnail size-thumbnail\" alt=\"zen &amp; kunst in de boa cama boa mesa gids\" title=\"\"><\/a>\n\t\t\t<\/div><\/figure>\n\t\t<\/div>\n\t\t<\/div>\n\t\t\t\t<\/div>\n\t\t\t\t<\/div>\n\t\t\t\t\t<\/div>\n\t\t<\/div>\n\t\t\t\t\t<\/div>\n\t\t<\/section>\n\t\t\t\t<section class=\"elementor-section elementor-inner-section elementor-element elementor-element-5ee37e3 elementor-section-boxed elementor-section-height-default elementor-section-height-default\" data-id=\"5ee37e3\" data-element_type=\"section\">\n\t\t\t\t\t\t<div class=\"elementor-container elementor-column-gap-extended\">\n\t\t\t\t\t<div class=\"elementor-column elementor-col-100 elementor-inner-column elementor-element elementor-element-76fa733\" data-id=\"76fa733\" data-element_type=\"column\">\n\t\t\t<div class=\"elementor-widget-wrap\">\n\t\t\t\t\t\t\t<\/div>\n\t\t<\/div>\n\t\t\t\t\t<\/div>\n\t\t<\/section>\n\t\t\t\t\t<\/div>\n\t\t<\/div>\n\t\t\t\t\t<\/div>\n\t\t<\/section>\n\t\t\t\t<\/div>","protected":false},"excerpt":{"rendered":"<p>Na Imprensa Temos orgulho em ser mencionados em jornais, revistas, blogs e outros meios de comunica\u00e7\u00e3o que reconhecem a nossa dedica\u00e7\u00e3o ao conforto, ao design e \u00e0 tranquilidade. Nesta p\u00e1gina reunimos algumas das refer\u00eancias medi\u00e1ticas, artigos, entrevistas e publica\u00e7\u00f5es que destacam o nosso conceito, a nossa est\u00e9tica e a experi\u00eancia \u00fanica que oferecemos no cora\u00e7\u00e3o [&hellip;]<\/p>\n","protected":false},"author":1,"featured_media":0,"parent":0,"menu_order":0,"comment_status":"closed","ping_status":"closed","template":"","meta":{"inline_featured_image":false,"footnotes":""},"class_list":["post-9965","page","type-page","status-publish","hentry"],"_links":{"self":[{"href":"https:\/\/zenandart.pt\/nl\/wp-json\/wp\/v2\/pages\/9965","targetHints":{"allow":["GET"]}}],"collection":[{"href":"https:\/\/zenandart.pt\/nl\/wp-json\/wp\/v2\/pages"}],"about":[{"href":"https:\/\/zenandart.pt\/nl\/wp-json\/wp\/v2\/types\/page"}],"author":[{"embeddable":true,"href":"https:\/\/zenandart.pt\/nl\/wp-json\/wp\/v2\/users\/1"}],"replies":[{"embeddable":true,"href":"https:\/\/zenandart.pt\/nl\/wp-json\/wp\/v2\/comments?post=9965"}],"version-history":[{"count":10,"href":"https:\/\/zenandart.pt\/nl\/wp-json\/wp\/v2\/pages\/9965\/revisions"}],"predecessor-version":[{"id":11568,"href":"https:\/\/zenandart.pt\/nl\/wp-json\/wp\/v2\/pages\/9965\/revisions\/11568"}],"wp:attachment":[{"href":"https:\/\/zenandart.pt\/nl\/wp-json\/wp\/v2\/media?parent=9965"}],"curies":[{"name":"wp","href":"https:\/\/api.w.org\/{rel}","templated":true}]}}