{"id":7270,"date":"2024-11-18T01:29:10","date_gmt":"2024-11-18T01:29:10","guid":{"rendered":"https:\/\/zenandart.pt\/?page_id=7270"},"modified":"2026-05-03T23:55:47","modified_gmt":"2026-05-03T22:55:47","slug":"privacybeleid","status":"publish","type":"page","link":"https:\/\/zenandart.pt\/nl\/politica-de-privacidade\/","title":{"rendered":"Privacybeleid"},"content":{"rendered":"<div data-elementor-type=\"wp-page\" data-elementor-id=\"7270\" class=\"elementor elementor-7270\">\n\t\t\t\t\t\t<section class=\"elementor-section elementor-top-section elementor-element elementor-element-704033e elementor-section-stretched elementor-section-boxed elementor-section-height-default elementor-section-height-default\" data-id=\"704033e\" data-element_type=\"section\" data-settings='{\"stretch_section\":\"section-stretched\"}'>\n\t\t\t\t\t\t<div class=\"elementor-container elementor-column-gap-extended\">\n\t\t\t\t\t<div class=\"elementor-column elementor-col-100 elementor-top-column elementor-element elementor-element-8cdee66\" data-id=\"8cdee66\" data-element_type=\"column\">\n\t\t\t<div class=\"elementor-widget-wrap elementor-element-populated\">\n\t\t\t\t\t\t<div class=\"elementor-element elementor-element-c79f466 elementor-invisible elementor-widget elementor-widget-text-editor\" data-id=\"c79f466\" data-element_type=\"widget\" data-settings='{\"_animation\":\"slide-up\"}' data-widget_type=\"text-editor.default\">\n\t\t\t\t<div class=\"elementor-widget-container\">\n\t\t\t\t\t\t\t<p><strong>Privacybeleid<\/strong><\/p>\n<p>Laatst bijgewerkt op: 17 november 2024<\/p>\n<p>A <strong>Zen en kunst<\/strong> (toegankelijk via <a href=\"https:\/\/zenandart.pt\/nl\/\" target=\"_new\" rel=\"noopener\" data-umami-event=\"link:https:\/\/zenandart.pt\" data-umami-event-url=\"https:\/\/zenandart.pt\">https:\/\/zenandart.pt<\/a>) hecht waarde aan de privacy van haar gebruikers en doet er alles aan om de persoonlijke informatie die aan ons wordt verstrekt te beschermen. In dit Privacybeleid wordt uitgelegd hoe wij uw informatie verzamelen, gebruiken, openbaar maken en beschermen.<\/p>\n<h3>1. <strong>Verzamelde informatie<\/strong><\/h3>\n<p>We verzamelen de volgende persoonlijke gegevens van gebruikers:<\/p>\n<ul>\n<li><strong>Persoonlijke gegevens<\/strong>Naam, e-mailadres, adres en telefoonnummer.<\/li>\n<li><strong>Navigatiegegevens<\/strong>Informatie over het apparaat, IP-adres, browsertype, bezochte pagina's en verblijfsduur.<\/li>\n<li><strong>Cookies<\/strong>We gebruiken sessiecookies, analysecookies en marketingcookies om de gebruikerservaring te verbeteren en statistische gegevens over het gebruik van de site te verzamelen.<\/li>\n<\/ul>\n<h3>2. <strong>Gegevensverzameling<\/strong><\/h3>\n<p>De verzamelde gegevens worden voor de volgende doeleinden gebruikt:<\/p>\n<ul>\n<li><strong>Beheer van reserveringen<\/strong>Het verwerken en beheren van boekingen die gebruikers via onze website maken.<\/li>\n<li><strong>Marketing<\/strong>Het versturen van promotionele berichten en nieuwsbrieven naar gebruikers die hier toestemming voor geven.<\/li>\n<li><strong>Analyses en verbeteringen<\/strong>Gebruik van analysetools (zoals Google Analytics) om de prestaties van de site te evalueren en de gebruikerservaring te verbeteren.<\/li>\n<\/ul>\n<h3>3. <strong>Informatie delen met derden<\/strong><\/h3>\n<p>Wij verkopen, verhuren of verstrekken uw persoonlijke gegevens niet aan derden, behalve wanneer dit noodzakelijk is om te voldoen aan wettelijke verplichtingen of wanneer wij gebruik maken van dienstverleners. Gegevens kunnen worden gedeeld met:<\/p>\n<ul>\n<li><strong>Google Analytics<\/strong>Voor het analyseren van verkeer en gebruikersgedrag op de site.<\/li>\n<li><strong>RoomRaccoon<\/strong>Voor het beheer van reserveringen en aanverwante activiteiten.<\/li>\n<\/ul>\n<p>De gegevens die door deze platforms worden verzameld, worden verwerkt in overeenstemming met hun eigen privacybeleid.<\/p>\n<h3>4. <strong>Cookies en traceringstechnologie\u00ebn<\/strong><\/h3>\n<p>We gebruiken cookies om de browse-ervaring op onze website te verbeteren. Cookies zijn kleine bestanden die worden opgeslagen op het apparaat van de gebruiker en die helpen bij het analyseren van verkeer en het personaliseren van inhoud. De soorten cookies die we gebruiken zijn onder andere:<\/p>\n<ul>\n<li><strong>Sessiecookies<\/strong>Bewaart uw browsegegevens tijdens uw bezoek aan de site.<\/li>\n<li><strong>Analyse Cookies<\/strong>Gebruikt om statistische gegevens over het gebruik van de site te verzamelen (bijv. via Google Analytics).<\/li>\n<li><strong>Marketingcookies<\/strong>Gebruikt om relevante advertenties weer te geven aan gebruikers.<\/li>\n<\/ul>\n<p>U kunt cookies beheren en\/of verwijderen via de instellingen van uw browser. Houd er rekening mee dat het uitschakelen van cookies de functionaliteit van de website kan be\u00efnvloeden.<\/p>\n<h3>5. <strong>Gegevensbeveiliging<\/strong><\/h3>\n<p>We nemen passende beveiligingsmaatregelen om gebruikersgegevens te beschermen tegen ongeoorloofde toegang, wijziging, openbaarmaking of vernietiging. We gebruiken encryptie en andere beveiligingstechnologie\u00ebn om de bescherming van uw gegevens te garanderen.<\/p>\n<h3>6. <strong>Rechten van gebruikers<\/strong><\/h3>\n<p>Volgens de General Data Protection Regulation (GDPR) hebben gebruikers de volgende rechten:<\/p>\n<ul>\n<li><strong>Recht op toegang<\/strong>U kunt een kopie opvragen van uw persoonlijke gegevens die door ons zijn opgeslagen.<\/li>\n<li><strong>Recht op correctie<\/strong>U kunt verzoeken om correctie van onjuiste of onvolledige persoonsgegevens.<\/li>\n<li><strong>Recht op wissen<\/strong>U kunt verzoeken om verwijdering van uw persoonlijke gegevens.<\/li>\n<li><strong>Recht op gegevensoverdraagbaarheid<\/strong>U kunt verzoeken om uw gegevens over te dragen aan een andere organisatie, indien van toepassing.<\/li>\n<li><strong>Recht van oppositie<\/strong>U kunt bezwaar maken tegen de verwerking van uw gegevens voor marketingdoeleinden.<\/li>\n<\/ul>\n<p>Als u een van deze rechten wilt uitoefenen, kunt u per e-mail contact met ons opnemen: <a rel=\"noopener\" data-umami-event=\"link:info@zenandart.pt\" href=\"javascript:void(0)\">info@zenandart.pt<\/a>.<\/p>\n<h3>7. <strong>Koppelingen naar websites van derden<\/strong><\/h3>\n<p>Onze site kan links naar andere websites bevatten. Wij hebben geen controle over deze sites en zijn niet verantwoordelijk voor hun privacybeleid. Wij raden u aan het privacybeleid van websites van derden te lezen voordat u persoonlijke gegevens verstrekt.<\/p>\n<h3>8. <strong>Wijzigingen in dit privacybeleid<\/strong><\/h3>\n<p>We kunnen dit Privacybeleid van tijd tot tijd bijwerken. Wijzigingen zullen op deze pagina worden gepubliceerd en de datum van bijwerking zal dienovereenkomstig worden aangepast. We raden u aan deze pagina regelmatig te bekijken om op de hoogte te blijven van de manier waarop we uw gegevens beschermen.<\/p>\n<h3>9. <strong>Neem contact op met<\/strong><\/h3>\n<p>Als u vragen of opmerkingen hebt over dit privacybeleid, kunt u contact met ons opnemen via:<\/p>\n<ul>\n<li><strong>E-mail<\/strong>: <a rel=\"noopener\" data-umami-event=\"link:info@zenandart.pt\" href=\"javascript:void(0)\">info@zenandart.pt<\/a><\/li>\n<li><strong>Adres<\/strong>: Rua Dr. Paulo S\u00e1, n\u00ba2, 4520-219, Santa Maria da Feira, Portugal<\/li>\n<\/ul>\t\t\t\t\t\t<\/div>\n\t\t\t\t<\/div>\n\t\t\t\t\t<\/div>\n\t\t<\/div>\n\t\t\t\t\t<\/div>\n\t\t<\/section>\n\t\t\t\t<\/div>","protected":false},"excerpt":{"rendered":"<p>Pol\u00edtica de Privacidade \u00daltima atualiza\u00e7\u00e3o: 17 Novembro 2024 A Zen and Art (acess\u00edvel em https:\/\/zenandart.pt) valoriza a privacidade dos seus utilizadores e compromete-se a proteger as informa\u00e7\u00f5es pessoais que nos s\u00e3o fornecidas. Esta Pol\u00edtica de Privacidade explica como recolhemos, utilizamos, divulgamos e protegemos as suas informa\u00e7\u00f5es. 1. Informa\u00e7\u00f5es Recolhidas Recolhemos os seguintes dados pessoais dos [&hellip;]<\/p>\n","protected":false},"author":1,"featured_media":0,"parent":0,"menu_order":0,"comment_status":"closed","ping_status":"closed","template":"","meta":{"rs_blank_template":"","rs_page_bg_color":"","slide_template_v7":"","inline_featured_image":false,"footnotes":""},"class_list":["post-7270","page","type-page","status-publish","hentry"],"_links":{"self":[{"href":"https:\/\/zenandart.pt\/nl\/wp-json\/wp\/v2\/pages\/7270","targetHints":{"allow":["GET"]}}],"collection":[{"href":"https:\/\/zenandart.pt\/nl\/wp-json\/wp\/v2\/pages"}],"about":[{"href":"https:\/\/zenandart.pt\/nl\/wp-json\/wp\/v2\/types\/page"}],"author":[{"embeddable":true,"href":"https:\/\/zenandart.pt\/nl\/wp-json\/wp\/v2\/users\/1"}],"replies":[{"embeddable":true,"href":"https:\/\/zenandart.pt\/nl\/wp-json\/wp\/v2\/comments?post=7270"}],"version-history":[{"count":4,"href":"https:\/\/zenandart.pt\/nl\/wp-json\/wp\/v2\/pages\/7270\/revisions"}],"predecessor-version":[{"id":7274,"href":"https:\/\/zenandart.pt\/nl\/wp-json\/wp\/v2\/pages\/7270\/revisions\/7274"}],"wp:attachment":[{"href":"https:\/\/zenandart.pt\/nl\/wp-json\/wp\/v2\/media?parent=7270"}],"curies":[{"name":"wp","href":"https:\/\/api.w.org\/{rel}","templated":true}]}}