{"id":5241,"date":"2024-07-23T14:31:25","date_gmt":"2024-07-23T13:31:25","guid":{"rendered":"https:\/\/zenandart.pt\/?page_id=5241"},"modified":"2026-05-10T23:37:39","modified_gmt":"2026-05-10T22:37:39","slug":"faq","status":"publish","type":"page","link":"https:\/\/zenandart.pt\/nl\/faq\/","title":{"rendered":"Veelgestelde vragen"},"content":{"rendered":"<div data-elementor-type=\"wp-page\" data-elementor-id=\"5241\" class=\"elementor elementor-5241\">\n\t\t\t\t\t\t<section class=\"elementor-section elementor-top-section elementor-element elementor-element-e3c4e3f elementor-section-stretched elementor-section-boxed elementor-section-height-default elementor-section-height-default\" data-id=\"e3c4e3f\" data-element_type=\"section\" data-settings='{\"stretch_section\":\"section-stretched\"}'>\n\t\t\t\t\t\t<div class=\"elementor-container elementor-column-gap-extended\">\n\t\t\t\t\t<div class=\"elementor-column elementor-col-100 elementor-top-column elementor-element elementor-element-ea5328a\" data-id=\"ea5328a\" data-element_type=\"column\">\n\t\t\t<div class=\"elementor-widget-wrap elementor-element-populated\">\n\t\t\t\t\t\t<div class=\"elementor-element elementor-element-78a77da elementor-invisible elementor-widget elementor-widget-heading\" data-id=\"78a77da\" data-element_type=\"widget\" data-settings='{\"_animation\":\"slide-up\"}' data-widget_type=\"heading.default\">\n\t\t\t\t<div class=\"elementor-widget-container\">\n\t\t\t<h2 class=\"elementor-heading-title elementor-size-default\"><span class=\"text-theme\">FAQ<\/span>s<\/h2>\t\t<\/div>\n\t\t\t\t<\/div>\n\t\t\t\t<div class=\"elementor-element elementor-element-2e9ce8e elementor-widget elementor-widget-spacer\" data-id=\"2e9ce8e\" data-element_type=\"widget\" data-widget_type=\"spacer.default\">\n\t\t\t\t<div class=\"elementor-widget-container\">\n\t\t\t\t\t<div class=\"elementor-spacer\">\n\t\t\t<div class=\"elementor-spacer-inner\"><\/div>\n\t\t<\/div>\n\t\t\t\t<\/div>\n\t\t\t\t<\/div>\n\t\t\t\t\t<\/div>\n\t\t<\/div>\n\t\t\t\t\t<\/div>\n\t\t<\/section>\n\t\t\t\t<section class=\"elementor-section elementor-top-section elementor-element elementor-element-49b064b elementor-section-stretched elementor-section-boxed elementor-section-height-default elementor-section-height-default\" data-id=\"49b064b\" data-element_type=\"section\" data-settings='{\"stretch_section\":\"section-stretched\"}'>\n\t\t\t\t\t\t<div class=\"elementor-container elementor-column-gap-extended\">\n\t\t\t\t\t<div class=\"elementor-column elementor-col-100 elementor-top-column elementor-element elementor-element-aaab48e\" data-id=\"aaab48e\" data-element_type=\"column\">\n\t\t\t<div class=\"elementor-widget-wrap elementor-element-populated\">\n\t\t\t\t\t\t<div class=\"elementor-element elementor-element-086d353 elementor-widget__width-initial elementor-invisible elementor-widget elementor-widget-accordion\" data-id=\"086d353\" data-element_type=\"widget\" data-settings='{\"_animation\":\"slide-up\"}' data-widget_type=\"accordion.default\">\n\t\t\t\t<div class=\"elementor-widget-container\">\n\t\t\t\t\t<div class=\"elementor-accordion\">\n\t\t\t\t\t\t\t<div class=\"elementor-accordion-item\">\n\t\t\t\t\t<div id=\"elementor-tab-title-8831\" class=\"elementor-tab-title\" data-tab=\"1\" role=\"button\" aria-controls=\"elementor-tab-content-8831\" aria-expanded=\"false\">\n\t\t\t\t\t\t\t\t\t\t\t\t\t<span class=\"elementor-accordion-icon elementor-accordion-icon-right\" aria-hidden=\"true\">\n\t\t\t\t\t\t\t\t\t\t\t\t\t\t\t<span class=\"elementor-accordion-icon-closed\"><svg xmlns=\"http:\/\/www.w3.org\/2000\/svg\" width=\"28\" height=\"28\" viewbox=\"0 0 28 28\" fill=\"none\"><circle cx=\"14\" cy=\"14\" r=\"13.5\" stroke=\"#C29F7B\"><\/circle><path d=\"M9 13.5H19V14.5H9V13.5Z\" fill=\"#C29F7B\"><\/path><path d=\"M13.5 19L13.5 9L14.5 9L14.5 19H13.5Z\" fill=\"#C29F7B\"><\/path><\/svg><\/span>\n\t\t\t\t\t\t\t\t<span class=\"elementor-accordion-icon-opened\"><svg xmlns=\"http:\/\/www.w3.org\/2000\/svg\" width=\"28\" height=\"28\" viewbox=\"0 0 28 28\" fill=\"none\"><circle cx=\"14\" cy=\"14\" r=\"13.5\" stroke=\"#C29F7B\"><\/circle><path d=\"M9 13.5H19V14.5H9V13.5Z\" fill=\"#C29F7B\"><\/path><\/svg><\/span>\n\t\t\t\t\t\t\t\t\t\t\t\t\t\t<\/span>\n\t\t\t\t\t\t\t\t\t\t\t\t<a class=\"elementor-accordion-title\" tabindex=\"0\" data-umami-event=\"link:1. Onde fica localizado o Zen &amp; Art?\" href=\"javascript:void(0)\">1. Waar bevindt Zen &amp; Art zich?<\/a>\n\t\t\t\t\t<\/div>\n\t\t\t\t\t<div id=\"elementor-tab-content-8831\" class=\"elementor-tab-content elementor-clearfix\" data-tab=\"1\" role=\"region\" aria-labelledby=\"elementor-tab-title-8831\"><p>Het boetiekhotel Zen &amp; Art ligt in Santa Maria da Feira, Portugal, dicht bij het stadscentrum, op minder dan 1 km van het kasteel en op 6 km van Europarque.<\/p><p>De stad Porto en de rivier de Douro liggen op 30 kilometer afstand en de luchthaven Francisco S\u00e1 Carneiro ligt op 45 kilometer afstand. Het strand van Espinho ligt op 15 km afstand.<\/p><\/div>\n\t\t\t\t<\/div>\n\t\t\t\t\t\t\t<div class=\"elementor-accordion-item\">\n\t\t\t\t\t<div id=\"elementor-tab-title-8832\" class=\"elementor-tab-title\" data-tab=\"2\" role=\"button\" aria-controls=\"elementor-tab-content-8832\" aria-expanded=\"false\">\n\t\t\t\t\t\t\t\t\t\t\t\t\t<span class=\"elementor-accordion-icon elementor-accordion-icon-right\" aria-hidden=\"true\">\n\t\t\t\t\t\t\t\t\t\t\t\t\t\t\t<span class=\"elementor-accordion-icon-closed\"><svg xmlns=\"http:\/\/www.w3.org\/2000\/svg\" width=\"28\" height=\"28\" viewbox=\"0 0 28 28\" fill=\"none\"><circle cx=\"14\" cy=\"14\" r=\"13.5\" stroke=\"#C29F7B\"><\/circle><path d=\"M9 13.5H19V14.5H9V13.5Z\" fill=\"#C29F7B\"><\/path><path d=\"M13.5 19L13.5 9L14.5 9L14.5 19H13.5Z\" fill=\"#C29F7B\"><\/path><\/svg><\/span>\n\t\t\t\t\t\t\t\t<span class=\"elementor-accordion-icon-opened\"><svg xmlns=\"http:\/\/www.w3.org\/2000\/svg\" width=\"28\" height=\"28\" viewbox=\"0 0 28 28\" fill=\"none\"><circle cx=\"14\" cy=\"14\" r=\"13.5\" stroke=\"#C29F7B\"><\/circle><path d=\"M9 13.5H19V14.5H9V13.5Z\" fill=\"#C29F7B\"><\/path><\/svg><\/span>\n\t\t\t\t\t\t\t\t\t\t\t\t\t\t<\/span>\n\t\t\t\t\t\t\t\t\t\t\t\t<a class=\"elementor-accordion-title\" tabindex=\"0\" data-umami-event=\"link:2. Qual a diferen\u00e7a entre as tarifas Standard, Flex\u00edvel e N\u00e3o Reembols\u00e1vel?\" href=\"javascript:void(0)\">2. Wat is het verschil tussen standaard-, flexibele en niet-terugbetaalbare tarieven?<\/a>\n\t\t\t\t\t<\/div>\n\t\t\t\t\t<div id=\"elementor-tab-content-8832\" class=\"elementor-tab-content elementor-clearfix\" data-tab=\"2\" role=\"region\" aria-labelledby=\"elementor-tab-title-8832\"><p><strong>Standaard: <\/strong>Gratis annuleren tot 7 dagen voor aankomst. Na deze periode wordt het volledige bedrag van de reservering in rekening gebracht in geval van annulering of no-show. Impliceert vooruitbetaling van het volledige bedrag van de reservering op het moment van bevestiging.<\/p><p><strong>Niet-terugbetaalbaar: <\/strong>Geen restitutie in geval van annulering, wijziging of no-show. Het volledige bedrag van de reservering moet vooraf worden betaald op het moment van bevestiging.<\/p><p><strong>Flexibel: <\/strong>Annulering is kosteloos tot 24 uur voor aankomst. Na deze tijd wordt het volledige bedrag van de reservering in rekening gebracht in geval van annulering of no-show. Er is geen vooruitbetaling vereist om de reservering te bevestigen. De betaling kan online worden gedaan of bij aankomst bij het inchecken worden betaald.<\/p><p>Online boeken, <span style=\"text-decoration: underline;\"><strong><a href=\"https:\/\/booking.roomraccoon.pt\/zen-and-art\/en\/\" rel=\"noopener\" data-umami-event=\"link:clique aqui\" data-umami-event-url=\"https:\/\/booking.roomraccoon.pt\/zen-and-art\/\">klik hier<\/a><\/strong><\/span>.<\/p><\/div>\n\t\t\t\t<\/div>\n\t\t\t\t\t\t\t<div class=\"elementor-accordion-item\">\n\t\t\t\t\t<div id=\"elementor-tab-title-8833\" class=\"elementor-tab-title\" data-tab=\"3\" role=\"button\" aria-controls=\"elementor-tab-content-8833\" aria-expanded=\"false\">\n\t\t\t\t\t\t\t\t\t\t\t\t\t<span class=\"elementor-accordion-icon elementor-accordion-icon-right\" aria-hidden=\"true\">\n\t\t\t\t\t\t\t\t\t\t\t\t\t\t\t<span class=\"elementor-accordion-icon-closed\"><svg xmlns=\"http:\/\/www.w3.org\/2000\/svg\" width=\"28\" height=\"28\" viewbox=\"0 0 28 28\" fill=\"none\"><circle cx=\"14\" cy=\"14\" r=\"13.5\" stroke=\"#C29F7B\"><\/circle><path d=\"M9 13.5H19V14.5H9V13.5Z\" fill=\"#C29F7B\"><\/path><path d=\"M13.5 19L13.5 9L14.5 9L14.5 19H13.5Z\" fill=\"#C29F7B\"><\/path><\/svg><\/span>\n\t\t\t\t\t\t\t\t<span class=\"elementor-accordion-icon-opened\"><svg xmlns=\"http:\/\/www.w3.org\/2000\/svg\" width=\"28\" height=\"28\" viewbox=\"0 0 28 28\" fill=\"none\"><circle cx=\"14\" cy=\"14\" r=\"13.5\" stroke=\"#C29F7B\"><\/circle><path d=\"M9 13.5H19V14.5H9V13.5Z\" fill=\"#C29F7B\"><\/path><\/svg><\/span>\n\t\t\t\t\t\t\t\t\t\t\t\t\t\t<\/span>\n\t\t\t\t\t\t\t\t\t\t\t\t<a class=\"elementor-accordion-title\" tabindex=\"0\" data-umami-event=\"link:3. Hor\u00e1rio de check-in e check-out?\" href=\"javascript:void(0)\">3. Check-in en check-out tijden?<\/a>\n\t\t\t\t\t<\/div>\n\t\t\t\t\t<div id=\"elementor-tab-content-8833\" class=\"elementor-tab-content elementor-clearfix\" data-tab=\"3\" role=\"region\" aria-labelledby=\"elementor-tab-title-8833\"><p>Inchecken kan tussen 15.00 en 18.00 uur, en uitchecken moet tussen 9.00 en 12.00 uur.<\/p><\/div>\n\t\t\t\t<\/div>\n\t\t\t\t\t\t\t<div class=\"elementor-accordion-item\">\n\t\t\t\t\t<div id=\"elementor-tab-title-8834\" class=\"elementor-tab-title\" data-tab=\"4\" role=\"button\" aria-controls=\"elementor-tab-content-8834\" aria-expanded=\"false\">\n\t\t\t\t\t\t\t\t\t\t\t\t\t<span class=\"elementor-accordion-icon elementor-accordion-icon-right\" aria-hidden=\"true\">\n\t\t\t\t\t\t\t\t\t\t\t\t\t\t\t<span class=\"elementor-accordion-icon-closed\"><svg xmlns=\"http:\/\/www.w3.org\/2000\/svg\" width=\"28\" height=\"28\" viewbox=\"0 0 28 28\" fill=\"none\"><circle cx=\"14\" cy=\"14\" r=\"13.5\" stroke=\"#C29F7B\"><\/circle><path d=\"M9 13.5H19V14.5H9V13.5Z\" fill=\"#C29F7B\"><\/path><path d=\"M13.5 19L13.5 9L14.5 9L14.5 19H13.5Z\" fill=\"#C29F7B\"><\/path><\/svg><\/span>\n\t\t\t\t\t\t\t\t<span class=\"elementor-accordion-icon-opened\"><svg xmlns=\"http:\/\/www.w3.org\/2000\/svg\" width=\"28\" height=\"28\" viewbox=\"0 0 28 28\" fill=\"none\"><circle cx=\"14\" cy=\"14\" r=\"13.5\" stroke=\"#C29F7B\"><\/circle><path d=\"M9 13.5H19V14.5H9V13.5Z\" fill=\"#C29F7B\"><\/path><\/svg><\/span>\n\t\t\t\t\t\t\t\t\t\t\t\t\t\t<\/span>\n\t\t\t\t\t\t\t\t\t\t\t\t<a class=\"elementor-accordion-title\" tabindex=\"0\" data-umami-event=\"link:4. Condi\u00e7\u00f5es e ber\u00e7os para crian\u00e7as\" href=\"javascript:void(0)\">4. Voorwaarden en kinderbedjes<\/a>\n\t\t\t\t\t<\/div>\n\t\t\t\t\t<div id=\"elementor-tab-content-8834\" class=\"elementor-tab-content elementor-clearfix\" data-tab=\"4\" role=\"region\" aria-labelledby=\"elementor-tab-title-8834\"><p>Alle kinderen zijn welkom!<\/p><p>Om prijzen en bezettingsinformatie te zien, voeg je het aantal kinderen en hun leeftijd toe aan je zoekopdracht. Voor kinderen van 0 tot 3 jaar oud hebben we babybedjes beschikbaar (op aanvraag) tegen een kostprijs van \u20ac30 per nacht. Kinderbedjes zijn niet inbegrepen in de totale prijs van de reservering en moeten apart worden betaald tijdens je verblijf.<\/p><\/div>\n\t\t\t\t<\/div>\n\t\t\t\t\t\t\t<div class=\"elementor-accordion-item\">\n\t\t\t\t\t<div id=\"elementor-tab-title-8835\" class=\"elementor-tab-title\" data-tab=\"5\" role=\"button\" aria-controls=\"elementor-tab-content-8835\" aria-expanded=\"false\">\n\t\t\t\t\t\t\t\t\t\t\t\t\t<span class=\"elementor-accordion-icon elementor-accordion-icon-right\" aria-hidden=\"true\">\n\t\t\t\t\t\t\t\t\t\t\t\t\t\t\t<span class=\"elementor-accordion-icon-closed\"><svg xmlns=\"http:\/\/www.w3.org\/2000\/svg\" width=\"28\" height=\"28\" viewbox=\"0 0 28 28\" fill=\"none\"><circle cx=\"14\" cy=\"14\" r=\"13.5\" stroke=\"#C29F7B\"><\/circle><path d=\"M9 13.5H19V14.5H9V13.5Z\" fill=\"#C29F7B\"><\/path><path d=\"M13.5 19L13.5 9L14.5 9L14.5 19H13.5Z\" fill=\"#C29F7B\"><\/path><\/svg><\/span>\n\t\t\t\t\t\t\t\t<span class=\"elementor-accordion-icon-opened\"><svg xmlns=\"http:\/\/www.w3.org\/2000\/svg\" width=\"28\" height=\"28\" viewbox=\"0 0 28 28\" fill=\"none\"><circle cx=\"14\" cy=\"14\" r=\"13.5\" stroke=\"#C29F7B\"><\/circle><path d=\"M9 13.5H19V14.5H9V13.5Z\" fill=\"#C29F7B\"><\/path><\/svg><\/span>\n\t\t\t\t\t\t\t\t\t\t\t\t\t\t<\/span>\n\t\t\t\t\t\t\t\t\t\t\t\t<a class=\"elementor-accordion-title\" tabindex=\"0\" data-umami-event=\"link:5. Servem pequeno-almo\u00e7o?\" href=\"javascript:void(0)\">5. Serveert u ontbijt?<\/a>\n\t\t\t\t\t<\/div>\n\t\t\t\t\t<div id=\"elementor-tab-content-8835\" class=\"elementor-tab-content elementor-clearfix\" data-tab=\"5\" role=\"region\" aria-labelledby=\"elementor-tab-title-8835\"><p>Ja, ontbijt is inbegrepen. We serveren een ontbijt bereid met verse lokale producten om je dag zo goed mogelijk te beginnen.<\/p><\/div>\n\t\t\t\t<\/div>\n\t\t\t\t\t\t\t\t<\/div>\n\t\t\t\t<\/div>\n\t\t\t\t<\/div>\n\t\t\t\t<div class=\"elementor-element elementor-element-dd5b7a0 elementor-widget elementor-widget-spacer\" data-id=\"dd5b7a0\" data-element_type=\"widget\" data-widget_type=\"spacer.default\">\n\t\t\t\t<div class=\"elementor-widget-container\">\n\t\t\t\t\t<div class=\"elementor-spacer\">\n\t\t\t<div class=\"elementor-spacer-inner\"><\/div>\n\t\t<\/div>\n\t\t\t\t<\/div>\n\t\t\t\t<\/div>\n\t\t\t\t\t<\/div>\n\t\t<\/div>\n\t\t\t\t\t<\/div>\n\t\t<\/section>\n\t\t\t\t<section class=\"elementor-section elementor-top-section elementor-element elementor-element-88ff118 elementor-section-content-middle elementor-section-full_width elementor-section-stretched elementor-section-height-default elementor-section-height-default\" data-id=\"88ff118\" data-element_type=\"section\" data-settings='{\"background_background\":\"classic\",\"stretch_section\":\"section-stretched\"}'>\n\t\t\t\t\t\t<div class=\"elementor-container elementor-column-gap-extended\">\n\t\t\t\t\t<div class=\"elementor-column elementor-col-100 elementor-top-column elementor-element elementor-element-c96a830\" data-id=\"c96a830\" data-element_type=\"column\">\n\t\t\t<div class=\"elementor-widget-wrap elementor-element-populated\">\n\t\t\t\t<div class=\"elementor-element elementor-element-c2bd521 e-con-full e-flex e-con e-parent\" data-id=\"c2bd521\" data-element_type=\"container\">\n\t\t\t\t<div class=\"elementor-element elementor-element-8ca72c1 elementor-widget elementor-widget-heading\" data-id=\"8ca72c1\" data-element_type=\"widget\" data-widget_type=\"heading.default\">\n\t\t\t\t<div class=\"elementor-widget-container\">\n\t\t\t<h3 class=\"elementor-heading-title elementor-size-default\">Klaar om het rustiger aan te doen?<\/h3>\t\t<\/div>\n\t\t\t\t<\/div>\n\t\t\t\t<div class=\"elementor-element elementor-element-6ff8457 elementor-align-center elementor-widget elementor-widget-button\" data-id=\"6ff8457\" data-element_type=\"widget\" data-widget_type=\"button.default\">\n\t\t\t\t<div class=\"elementor-widget-container\">\n\t\t\t\t\t\t\t<div class=\"elementor-button-wrapper\">\n\t\t\t\t\t<a class=\"elementor-button elementor-button-link elementor-size-sm\" href=\"https:\/\/booking.roomraccoon.pt\/zen-and-art\/en\/\" rel=\"noopener\" data-umami-event=\"link:Reservar Estadia\" data-umami-event-url=\"https:\/\/booking.roomraccoon.pt\/zen-and-art\/\">\n\t\t\t\t\t\t<span class=\"elementor-button-content-wrapper\">\n\t\t\t\t\t\t\t\t\t<span class=\"elementor-button-text\">Boek uw verblijf<\/span>\n\t\t\t\t\t<\/span>\n\t\t\t\t\t<\/a>\n\t\t\t\t<\/div>\n\t\t\t\t\t\t<\/div>\n\t\t\t\t<\/div>\n\t\t\t\t<\/div>\n\t\t\t\t\t<\/div>\n\t\t<\/div>\n\t\t\t\t\t<\/div>\n\t\t<\/section>\n\t\t\t\t<\/div>","protected":false},"excerpt":{"rendered":"<p>FAQs 1. Onde fica localizado o Zen &amp; Art? O hotel boutique Zen &amp; Art est\u00e1 localizado em Santa Maria da Feira, Portugal, perto do centro da cidade, a menos de 1 km do Castelo e a 6 km do Europarque. A cidade do Porto e Rio Douro ficam a 30km e o Aeroporto Francisco [&hellip;]<\/p>\n","protected":false},"author":1,"featured_media":0,"parent":0,"menu_order":0,"comment_status":"closed","ping_status":"closed","template":"","meta":{"rs_blank_template":"","rs_page_bg_color":"","slide_template_v7":"","inline_featured_image":false,"footnotes":""},"class_list":["post-5241","page","type-page","status-publish","hentry"],"_links":{"self":[{"href":"https:\/\/zenandart.pt\/nl\/wp-json\/wp\/v2\/pages\/5241","targetHints":{"allow":["GET"]}}],"collection":[{"href":"https:\/\/zenandart.pt\/nl\/wp-json\/wp\/v2\/pages"}],"about":[{"href":"https:\/\/zenandart.pt\/nl\/wp-json\/wp\/v2\/types\/page"}],"author":[{"embeddable":true,"href":"https:\/\/zenandart.pt\/nl\/wp-json\/wp\/v2\/users\/1"}],"replies":[{"embeddable":true,"href":"https:\/\/zenandart.pt\/nl\/wp-json\/wp\/v2\/comments?post=5241"}],"version-history":[{"count":13,"href":"https:\/\/zenandart.pt\/nl\/wp-json\/wp\/v2\/pages\/5241\/revisions"}],"predecessor-version":[{"id":14806,"href":"https:\/\/zenandart.pt\/nl\/wp-json\/wp\/v2\/pages\/5241\/revisions\/14806"}],"wp:attachment":[{"href":"https:\/\/zenandart.pt\/nl\/wp-json\/wp\/v2\/media?parent=5241"}],"curies":[{"name":"wp","href":"https:\/\/api.w.org\/{rel}","templated":true}]}}