{"id":7270,"date":"2024-11-18T01:29:10","date_gmt":"2024-11-18T01:29:10","guid":{"rendered":"https:\/\/zenandart.pt\/?page_id=7270"},"modified":"2026-05-03T23:55:47","modified_gmt":"2026-05-03T22:55:47","slug":"informativa-sulla-privacy","status":"publish","type":"page","link":"https:\/\/zenandart.pt\/it\/politica-de-privacidade\/","title":{"rendered":"Informativa sulla privacy"},"content":{"rendered":"<div data-elementor-type=\"wp-page\" data-elementor-id=\"7270\" class=\"elementor elementor-7270\">\n\t\t\t\t\t\t<section class=\"elementor-section elementor-top-section elementor-element elementor-element-704033e elementor-section-stretched elementor-section-boxed elementor-section-height-default elementor-section-height-default\" data-id=\"704033e\" data-element_type=\"section\" data-settings='{\"stretch_section\":\"section-stretched\"}'>\n\t\t\t\t\t\t<div class=\"elementor-container elementor-column-gap-extended\">\n\t\t\t\t\t<div class=\"elementor-column elementor-col-100 elementor-top-column elementor-element elementor-element-8cdee66\" data-id=\"8cdee66\" data-element_type=\"column\">\n\t\t\t<div class=\"elementor-widget-wrap elementor-element-populated\">\n\t\t\t\t\t\t<div class=\"elementor-element elementor-element-c79f466 elementor-invisible elementor-widget elementor-widget-text-editor\" data-id=\"c79f466\" data-element_type=\"widget\" data-settings='{\"_animation\":\"slide-up\"}' data-widget_type=\"text-editor.default\">\n\t\t\t\t<div class=\"elementor-widget-container\">\n\t\t\t\t\t\t\t<p><strong>Informativa sulla privacy<\/strong><\/p>\n<p>Ultimo aggiornamento: 17 novembre 2024<\/p>\n<p>A <strong>Zen e arte<\/strong> (accessibile all'indirizzo <a href=\"https:\/\/zenandart.pt\/it\/\" target=\"_new\" rel=\"noopener\" data-umami-event=\"link:https:\/\/zenandart.pt\" data-umami-event-url=\"https:\/\/zenandart.pt\">https:\/\/zenandart.pt<\/a>) tiene alla privacy dei propri utenti e si impegna a proteggere le informazioni personali che ci vengono fornite. La presente Informativa sulla privacy spiega come raccogliamo, utilizziamo, divulghiamo e proteggiamo le informazioni degli utenti.<\/p>\n<h3>1. <strong>Informazioni raccolte<\/strong><\/h3>\n<p>Raccogliamo i seguenti dati personali dagli utenti:<\/p>\n<ul>\n<li><strong>Dati personali<\/strong>Nome, indirizzo e-mail, indirizzo e numero di telefono.<\/li>\n<li><strong>Dati di navigazione<\/strong>Informazioni sul dispositivo, indirizzo IP, tipo di browser, pagine visitate e durata del soggiorno.<\/li>\n<li><strong>Biscotti<\/strong>Utilizziamo cookie di sessione, cookie di analisi e cookie di marketing per migliorare l'esperienza dell'utente e raccogliere dati statistici sull'utilizzo del sito.<\/li>\n<\/ul>\n<h3>2. <strong>Finalit\u00e0 della raccolta dati<\/strong><\/h3>\n<p>I dati raccolti vengono utilizzati per le seguenti finalit\u00e0:<\/p>\n<ul>\n<li><strong>Gestione delle prenotazioni<\/strong>Elaborazione e gestione delle prenotazioni effettuate dagli utenti tramite il nostro sito web.<\/li>\n<li><strong>Marketing<\/strong>Invio di comunicazioni promozionali e newsletter agli utenti che acconsentono a ricevere questo tipo di comunicazioni.<\/li>\n<li><strong>Analisi e miglioramenti<\/strong>Utilizzo di strumenti di analisi (come Google Analytics) per valutare le prestazioni del sito web e migliorare l'esperienza dell'utente.<\/li>\n<\/ul>\n<h3>3. <strong>Condivisione di informazioni con terze parti<\/strong><\/h3>\n<p>Non vendiamo, affittiamo o divulghiamo i vostri dati personali a terzi, tranne quando \u00e8 necessario per adempiere agli obblighi di legge o quando ci avvaliamo di fornitori di servizi. I dati possono essere condivisi con:<\/p>\n<ul>\n<li><strong>Google Analytics<\/strong>Per analizzare il traffico e il comportamento degli utenti sul sito.<\/li>\n<li><strong>CameraRaccoon<\/strong>Per la gestione delle prenotazioni e delle operazioni correlate.<\/li>\n<\/ul>\n<p>I dati raccolti da queste piattaforme sono trattati in conformit\u00e0 alle loro politiche sulla privacy.<\/p>\n<h3>4. <strong>Cookie e tecnologie di tracciamento<\/strong><\/h3>\n<p>Utilizziamo i cookie per migliorare l'esperienza di navigazione sul nostro sito web. I cookie sono piccoli file memorizzati sul dispositivo dell'utente che aiutano ad analizzare il traffico e a personalizzare i contenuti. I tipi di cookie che utilizziamo includono:<\/p>\n<ul>\n<li><strong>Cookie di sessione<\/strong>Conserva le informazioni di navigazione durante la visita al sito.<\/li>\n<li><strong>Cookie di analisi<\/strong>Utilizzato per raccogliere dati statistici sull'utilizzo del sito (ad es. tramite Google Analytics).<\/li>\n<li><strong>Cookie di marketing<\/strong>Utilizzato per visualizzare annunci pubblicitari pertinenti agli utenti.<\/li>\n<\/ul>\n<p>\u00c8 possibile controllare e\/o eliminare i cookie nelle impostazioni del browser. Si prega di notare che la disabilitazione dei cookie pu\u00f2 influire sulla funzionalit\u00e0 del sito web.<\/p>\n<h3>5. <strong>Sicurezza dei dati<\/strong><\/h3>\n<p>Adottiamo misure di sicurezza adeguate per proteggere i dati dell'utente da accessi non autorizzati, alterazione, divulgazione o distruzione. Utilizziamo la crittografia e altre tecnologie di sicurezza per garantire la protezione dei dati dell'utente.<\/p>\n<h3>6. <strong>Diritti degli utenti<\/strong><\/h3>\n<p>Ai sensi del Regolamento generale sulla protezione dei dati (GDPR), gli utenti hanno i seguenti diritti:<\/p>\n<ul>\n<li><strong>Diritto di accesso<\/strong>\u00c8 possibile richiedere una copia dei propri dati personali da noi conservati.<\/li>\n<li><strong>Diritto di rettifica<\/strong>\u00c8 possibile richiedere la correzione di eventuali dati personali errati o incompleti.<\/li>\n<li><strong>Diritto alla cancellazione<\/strong>\u00c8 possibile richiedere la cancellazione dei propri dati personali.<\/li>\n<li><strong>Diritto alla portabilit\u00e0 dei dati<\/strong>\u00c8 possibile richiedere il trasferimento dei propri dati a un'altra organizzazione, se applicabile.<\/li>\n<li><strong>Diritto di opposizione<\/strong>Potete opporvi al trattamento dei vostri dati per finalit\u00e0 di marketing.<\/li>\n<\/ul>\n<p>Per esercitare uno di questi diritti, vi preghiamo di contattarci via e-mail: <a rel=\"noopener\" data-umami-event=\"link:info@zenandart.pt\" href=\"javascript:void(0)\">info@zenandart.pt<\/a>.<\/p>\n<h3>7. <strong>Link a siti di terzi<\/strong><\/h3>\n<p>Il nostro sito pu\u00f2 contenere link ad altri siti web. Non abbiamo alcun controllo su questi siti e non siamo responsabili delle loro politiche sulla privacy. Si consiglia di leggere le norme sulla privacy di qualsiasi sito web di terzi prima di fornire informazioni personali.<\/p>\n<h3>8. <strong>Modifiche alla presente Informativa sulla privacy<\/strong><\/h3>\n<p>La presente Informativa sulla privacy pu\u00f2 essere aggiornata periodicamente. Eventuali modifiche saranno pubblicate su questa pagina e la data di aggiornamento sar\u00e0 modificata di conseguenza. Vi consigliamo di consultare regolarmente questa pagina per essere sempre informati su come proteggiamo le vostre informazioni.<\/p>\n<h3>9. <strong>Contatto<\/strong><\/h3>\n<p>In caso di domande o dubbi sulla presente Informativa sulla privacy, si prega di contattarci all'indirizzo:<\/p>\n<ul>\n<li><strong>E-mail<\/strong>: <a rel=\"noopener\" data-umami-event=\"link:info@zenandart.pt\" href=\"javascript:void(0)\">info@zenandart.pt<\/a><\/li>\n<li><strong>Indirizzo<\/strong>: Rua Dr. Paulo S\u00e1, n\u00ba2, 4520-219, Santa Maria da Feira, Portogallo<\/li>\n<\/ul>\t\t\t\t\t\t<\/div>\n\t\t\t\t<\/div>\n\t\t\t\t\t<\/div>\n\t\t<\/div>\n\t\t\t\t\t<\/div>\n\t\t<\/section>\n\t\t\t\t<\/div>","protected":false},"excerpt":{"rendered":"<p>Pol\u00edtica de Privacidade \u00daltima atualiza\u00e7\u00e3o: 17 Novembro 2024 A Zen and Art (acess\u00edvel em https:\/\/zenandart.pt) valoriza a privacidade dos seus utilizadores e compromete-se a proteger as informa\u00e7\u00f5es pessoais que nos s\u00e3o fornecidas. Esta Pol\u00edtica de Privacidade explica como recolhemos, utilizamos, divulgamos e protegemos as suas informa\u00e7\u00f5es. 1. Informa\u00e7\u00f5es Recolhidas Recolhemos os seguintes dados pessoais dos [&hellip;]<\/p>\n","protected":false},"author":1,"featured_media":0,"parent":0,"menu_order":0,"comment_status":"closed","ping_status":"closed","template":"","meta":{"rs_blank_template":"","rs_page_bg_color":"","slide_template_v7":"","inline_featured_image":false,"footnotes":""},"class_list":["post-7270","page","type-page","status-publish","hentry"],"_links":{"self":[{"href":"https:\/\/zenandart.pt\/it\/wp-json\/wp\/v2\/pages\/7270","targetHints":{"allow":["GET"]}}],"collection":[{"href":"https:\/\/zenandart.pt\/it\/wp-json\/wp\/v2\/pages"}],"about":[{"href":"https:\/\/zenandart.pt\/it\/wp-json\/wp\/v2\/types\/page"}],"author":[{"embeddable":true,"href":"https:\/\/zenandart.pt\/it\/wp-json\/wp\/v2\/users\/1"}],"replies":[{"embeddable":true,"href":"https:\/\/zenandart.pt\/it\/wp-json\/wp\/v2\/comments?post=7270"}],"version-history":[{"count":4,"href":"https:\/\/zenandart.pt\/it\/wp-json\/wp\/v2\/pages\/7270\/revisions"}],"predecessor-version":[{"id":7274,"href":"https:\/\/zenandart.pt\/it\/wp-json\/wp\/v2\/pages\/7270\/revisions\/7274"}],"wp:attachment":[{"href":"https:\/\/zenandart.pt\/it\/wp-json\/wp\/v2\/media?parent=7270"}],"curies":[{"name":"wp","href":"https:\/\/api.w.org\/{rel}","templated":true}]}}