{"id":5243,"date":"2024-07-23T14:32:24","date_gmt":"2024-07-23T13:32:24","guid":{"rendered":"https:\/\/zenandart.pt\/?page_id=5243"},"modified":"2025-11-30T21:55:42","modified_gmt":"2025-11-30T21:55:42","slug":"a-propos-de","status":"publish","type":"page","link":"https:\/\/zenandart.pt\/fr\/a-propos-de\/","title":{"rendered":"A propos de"},"content":{"rendered":"<div data-elementor-type=\"wp-page\" data-elementor-id=\"5243\" class=\"elementor elementor-5243\">\n\t\t\t\t\t\t<section class=\"elementor-section elementor-top-section elementor-element elementor-element-2025def elementor-section-stretched elementor-section-content-middle elementor-section-boxed elementor-section-height-default elementor-section-height-default\" data-id=\"2025def\" data-element_type=\"section\" data-settings='{\"stretch_section\":\"section-stretched\"}'>\n\t\t\t\t\t\t<div class=\"elementor-container elementor-column-gap-extended\">\n\t\t\t\t\t<div class=\"elementor-column elementor-col-50 elementor-top-column elementor-element elementor-element-b7f50be\" data-id=\"b7f50be\" data-element_type=\"column\">\n\t\t\t<div class=\"elementor-widget-wrap elementor-element-populated\">\n\t\t\t\t\t\t<div class=\"elementor-element elementor-element-b1281a4 elementor-widget elementor-widget-image\" data-id=\"b1281a4\" data-element_type=\"widget\" data-widget_type=\"image.default\">\n\t\t\t\t<div class=\"elementor-widget-container\">\n\t\t\t\t\t\t\t\t\t\t\t\t\t<img fetchpriority=\"high\" decoding=\"async\" width=\"600\" height=\"700\" src=\"https:\/\/zenandart.pt\/wp-content\/uploads\/zen-and-art-alojamento-de-charme-02.png\" class=\"attachment-full size-full wp-image-8733\" alt=\"Zen and Art - H\u00e9bergement de charme en Portugal\" srcset=\"https:\/\/zenandart.pt\/wp-content\/uploads\/zen-and-art-alojamento-de-charme-02.png 600w, https:\/\/zenandart.pt\/wp-content\/uploads\/zen-and-art-alojamento-de-charme-02-257x300.png 257w, https:\/\/zenandart.pt\/wp-content\/uploads\/zen-and-art-alojamento-de-charme-02-10x12.png 10w\" sizes=\"(max-width: 600px) 100vw, 600px\" title=\"\">\t\t\t\t\t\t\t\t\t\t\t\t\t<\/div>\n\t\t\t\t<\/div>\n\t\t\t\t\t<\/div>\n\t\t<\/div>\n\t\t\t\t<div class=\"elementor-column elementor-col-50 elementor-top-column elementor-element elementor-element-72424f6\" data-id=\"72424f6\" data-element_type=\"column\">\n\t\t\t<div class=\"elementor-widget-wrap elementor-element-populated\">\n\t\t\t\t\t\t<div class=\"elementor-element elementor-element-ad7f58d elementor-hidden-mobile elementor-invisible elementor-widget elementor-widget-heading\" data-id=\"ad7f58d\" data-element_type=\"widget\" data-settings='{\"_animation\":\"slide-up\"}' data-widget_type=\"heading.default\">\n\t\t\t\t<div class=\"elementor-widget-container\">\n\t\t\t<h1 class=\"elementor-heading-title elementor-size-default translation-block\">Zen &amp;<span class=\"text-theme\"> Art <\/span><\/h1>\t\t<\/div>\n\t\t\t\t<\/div>\n\t\t\t\t<div class=\"elementor-element elementor-element-9dad4fb elementor-invisible elementor-widget elementor-widget-text-editor\" data-id=\"9dad4fb\" data-element_type=\"widget\" data-settings='{\"_animation\":\"slide-up\",\"_animation_delay\":200}' data-widget_type=\"text-editor.default\">\n\t\t\t\t<div class=\"elementor-widget-container\">\n\t\t\t\t\t\t\t<p>La Casa da Lavandeira, une maison qui a plus de trois cents ans d'histoire, a \u00e9t\u00e9 acquise par Celestino Augusto Portela le 28 mai 1921. Un h\u00e9ritage familial qui perdure, le petit-fils du fondateur \u00e9tant l'actuel propri\u00e9taire, qui a acquis l'ensemble de la propri\u00e9t\u00e9 le 28 mai 2021.<\/p><p>Il a \u00e9t\u00e9 transform\u00e9 en un havre de luxe et d'art, avec deux chambres d'inspiration japonaise, une chambre bleue et une chambre cabane, qui refl\u00e8tent le go\u00fbt personnel et la vision esth\u00e9tique de l'actuel propri\u00e9taire.<\/p><p>En l'honneur de Celestino Martins Portela, p\u00e8re et mentor qui, tout au long de ses 87 ann\u00e9es de vie, a cultiv\u00e9 une profonde passion pour la gastronomie, le vin, l'\u00e9criture, la peinture et la sculpture, la Casa da Lavandeira, devenue un espace Zen &amp; Art, propose des chambres con\u00e7ues par des personnalit\u00e9s renomm\u00e9es dans leur domaine. Parmi elles, le chef Arnaldo Azevedo, qui s'est vu d\u00e9cerner un prix d'excellence pour la qualit\u00e9 de son travail. <i class=\"ti-star\"><\/i> Michelin ; le sculpteur Paulo Neves, ami personnel de Celestino Portela ; le peintre Ant\u00f3nio Pedro Macedo, originaire de Santa Maria da Feira et admir\u00e9 par Celestino Portela ; et le prestigieux \u0153nologue Lu\u00eds Sottomayor.<\/p><p>Chacune de ces chambres design a \u00e9t\u00e9 con\u00e7ue pour refl\u00e9ter l'intimit\u00e9, les go\u00fbts personnels et la vie priv\u00e9e de chaque cr\u00e9ateur, offrant ainsi une exp\u00e9rience unique et sophistiqu\u00e9e \u00e0 nos h\u00f4tes.<\/p><p>Remercie beaucoup!<br>Paulo Portela<\/p>\t\t\t\t\t\t<\/div>\n\t\t\t\t<\/div>\n\t\t\t\t\t<\/div>\n\t\t<\/div>\n\t\t\t\t\t<\/div>\n\t\t<\/section>\n\t\t\t\t<section class=\"elementor-section elementor-top-section elementor-element elementor-element-30cb129 elementor-section-content-middle elementor-section-stretched elementor-section-boxed elementor-section-height-default elementor-section-height-default\" data-id=\"30cb129\" data-element_type=\"section\" data-settings='{\"background_background\":\"classic\",\"stretch_section\":\"section-stretched\"}'>\n\t\t\t\t\t\t<div class=\"elementor-container elementor-column-gap-extended\">\n\t\t\t\t\t<div class=\"elementor-column elementor-col-50 elementor-top-column elementor-element elementor-element-95054ed elementor-invisible\" data-id=\"95054ed\" data-element_type=\"column\" data-settings='{\"animation\":\"slide-up\"}'>\n\t\t\t<div class=\"elementor-widget-wrap elementor-element-populated\">\n\t\t\t\t\t\t<div class=\"elementor-element elementor-element-33f8814 elementor-widget elementor-widget-heading\" data-id=\"33f8814\" data-element_type=\"widget\" data-widget_type=\"heading.default\">\n\t\t\t\t<div class=\"elementor-widget-container\">\n\t\t\t<h2 class=\"elementor-heading-title elementor-size-default\">R\u00c9SERVER CHAMBRE<\/h2>\t\t<\/div>\n\t\t\t\t<\/div>\n\t\t\t\t<div class=\"elementor-element elementor-element-f97a5ae elementor-widget elementor-widget-text-editor\" data-id=\"f97a5ae\" data-element_type=\"widget\" data-widget_type=\"text-editor.default\">\n\t\t\t\t<div class=\"elementor-widget-container\">\n\t\t\t\t\t\t\t<p>R\u00e9servez d\u00e8s maintenant votre s\u00e9jour au Zen and Art et profitez d'une atmosph\u00e8re exclusive o\u00f9 confort et \u00e9l\u00e9gance se rencontrent. L'acc\u00e8s aux restaurants locaux, aux attractions culturelles et aux sites touristiques est facile et rendra votre visite inoubliable.<\/p><p>Ne manquez pas la chance de vivre une exp\u00e9rience unique. R\u00e9servez d\u00e8s maintenant et plongez-vous dans le luxe et le charme de notre h\u00f4tel de charme \u00e0 Santa Maria da Feira.<\/p>\t\t\t\t\t\t<\/div>\n\t\t\t\t<\/div>\n\t\t\t\t\t<\/div>\n\t\t<\/div>\n\t\t\t\t<div class=\"elementor-column elementor-col-50 elementor-top-column elementor-element elementor-element-2acb794\" data-id=\"2acb794\" data-element_type=\"column\">\n\t\t\t<div class=\"elementor-widget-wrap elementor-element-populated\">\n\t\t\t\t\t\t<div class=\"elementor-element elementor-element-dfc5735 elementor-align-right elementor-mobile-align-left elementor-invisible elementor-widget elementor-widget-button\" data-id=\"dfc5735\" data-element_type=\"widget\" data-settings='{\"_animation\":\"scale\",\"_animation_delay\":200}' data-widget_type=\"button.default\">\n\t\t\t\t<div class=\"elementor-widget-container\">\n\t\t\t\t\t\t\t<div class=\"elementor-button-wrapper\">\n\t\t\t\t\t<a class=\"elementor-button elementor-button-link elementor-size-sm\" href=\"\/fr\/chambres\/\" data-umami-event=\"link:VER QUARTOS\" data-umami-event-url=\"\/quartos\/\">\n\t\t\t\t\t\t<span class=\"elementor-button-content-wrapper\">\n\t\t\t\t\t\t\t\t\t<span class=\"elementor-button-text\">VOIR LES CHAMBRES<\/span>\n\t\t\t\t\t<\/span>\n\t\t\t\t\t<\/a>\n\t\t\t\t<\/div>\n\t\t\t\t\t\t<\/div>\n\t\t\t\t<\/div>\n\t\t\t\t\t<\/div>\n\t\t<\/div>\n\t\t\t\t\t<\/div>\n\t\t<\/section>\n\t\t\t\t<section class=\"elementor-section elementor-top-section elementor-element elementor-element-22c977a elementor-section-stretched elementor-section-boxed elementor-section-height-default elementor-section-height-default\" data-id=\"22c977a\" data-element_type=\"section\" data-settings='{\"stretch_section\":\"section-stretched\"}'>\n\t\t\t\t\t\t<div class=\"elementor-container elementor-column-gap-extended\">\n\t\t\t\t\t<div class=\"elementor-column elementor-col-100 elementor-top-column elementor-element elementor-element-9c16a04 elementor-invisible\" data-id=\"9c16a04\" data-element_type=\"column\" data-settings='{\"animation\":\"slide-up\"}'>\n\t\t\t<div class=\"elementor-widget-wrap elementor-element-populated\">\n\t\t\t\t\t\t<div class=\"elementor-element elementor-element-dcab4b3 elementor-widget elementor-widget-heading\" data-id=\"dcab4b3\" data-element_type=\"widget\" data-widget_type=\"heading.default\">\n\t\t\t\t<div class=\"elementor-widget-container\">\n\t\t\t<h4 class=\"elementor-heading-title elementor-size-default\">Partenariats<\/h4>\t\t<\/div>\n\t\t\t\t<\/div>\n\t\t\t\t<div class=\"elementor-element elementor-element-569a35b elementor-widget elementor-widget-apus_element_brands\" data-id=\"569a35b\" data-element_type=\"widget\" data-settings='{\"columns_tablet\":\"3\",\"columns_mobile\":\"2\",\"columns\":\"2\",\"slides_to_scroll\":1}' data-widget_type=\"apus_element_brands.default\">\n\t\t\t\t<div class=\"elementor-widget-container\">\n\t\t\t            <div class=\"widget-brand  carousel\">\n                                <div class=\"content-inner\">\n                                            <div class=\"slick-carousel\" data-items=\"2\" data-large=\"3\" data-medium=\"3\" data-small=\"2\" data-smallest=\"2\" data-slidestoscroll=\"1\" data-slidestoscroll_large=\"1\" data-slidestoscroll_medium=\"1\" data-slidestoscroll_small=\"1\" data-slidestoscroll_smallest=\"1\" data-pagination=\"false\" data-nav=\"false\">\n                                                              \n                                    <div class=\"item\">\n                                        <div class=\"brand-item d-flex align-items-center justify-content-center\">\n                                                                                            <a href=\"https:\/\/www.booking.com\/hotel\/pt\/zen-amp-art-casa-da-lavandeira\" rel=\"noopener\" data-umami-event=\"link_click\" data-umami-event-url=\"https:\/\/www.booking.com\/hotel\/pt\/zen-amp-art-casa-da-lavandeira\">\n                                                                                            <img decoding=\"async\" src=\"https:\/\/zenandart.pt\/wp-content\/uploads\/booking_140.png\" alt=\"Image\" title=\"\">\n                                                                                            <\/a>\n                                                                                    <\/div>\n                                    <\/div>\n                                                                                              \n                                    <div class=\"item\">\n                                        <div class=\"brand-item d-flex align-items-center justify-content-center\">\n                                                                                            <img decoding=\"async\" src=\"https:\/\/zenandart.pt\/wp-content\/uploads\/expedia-zen-and-art-140.png\" alt=\"Image\" title=\"\">\n                                                                                    <\/div>\n                                    <\/div>\n                                                                                    <\/div>\n                                    <\/div>\n            <\/div>\n            \t\t<\/div>\n\t\t\t\t<\/div>\n\t\t\t\t\t<\/div>\n\t\t<\/div>\n\t\t\t\t\t<\/div>\n\t\t<\/section>\n\t\t\t\t<\/div>","protected":false},"excerpt":{"rendered":"<p>Zen &amp; Art A Casa da Lavandeira, uma casa com mais de trezentos anos de hist\u00f3ria, foi adquirida por Celestino Augusto Portela a 28 de maio de 1921. Um legado familiar que perdura, com o neto do fundador como atual propriet\u00e1rio, que, em 28 de maio de 2021, adquiriu a totalidade da propriedade. Foi transformada [&hellip;]<\/p>\n","protected":false},"author":1,"featured_media":0,"parent":0,"menu_order":0,"comment_status":"closed","ping_status":"closed","template":"","meta":{"inline_featured_image":false,"footnotes":""},"class_list":["post-5243","page","type-page","status-publish","hentry"],"_links":{"self":[{"href":"https:\/\/zenandart.pt\/fr\/wp-json\/wp\/v2\/pages\/5243","targetHints":{"allow":["GET"]}}],"collection":[{"href":"https:\/\/zenandart.pt\/fr\/wp-json\/wp\/v2\/pages"}],"about":[{"href":"https:\/\/zenandart.pt\/fr\/wp-json\/wp\/v2\/types\/page"}],"author":[{"embeddable":true,"href":"https:\/\/zenandart.pt\/fr\/wp-json\/wp\/v2\/users\/1"}],"replies":[{"embeddable":true,"href":"https:\/\/zenandart.pt\/fr\/wp-json\/wp\/v2\/comments?post=5243"}],"version-history":[{"count":10,"href":"https:\/\/zenandart.pt\/fr\/wp-json\/wp\/v2\/pages\/5243\/revisions"}],"predecessor-version":[{"id":12253,"href":"https:\/\/zenandart.pt\/fr\/wp-json\/wp\/v2\/pages\/5243\/revisions\/12253"}],"wp:attachment":[{"href":"https:\/\/zenandart.pt\/fr\/wp-json\/wp\/v2\/media?parent=5243"}],"curies":[{"name":"wp","href":"https:\/\/api.w.org\/{rel}","templated":true}]}}