{"id":5237,"date":"2024-07-23T14:32:11","date_gmt":"2024-07-23T13:32:11","guid":{"rendered":"https:\/\/zenandart.pt\/?page_id=5237"},"modified":"2026-04-24T03:43:31","modified_gmt":"2026-04-24T02:43:31","slug":"services","status":"publish","type":"page","link":"https:\/\/zenandart.pt\/fr\/services\/","title":{"rendered":"Services"},"content":{"rendered":"<div data-elementor-type=\"wp-page\" data-elementor-id=\"5237\" class=\"elementor elementor-5237\">\n\t\t\t\t\t\t<section class=\"elementor-section elementor-top-section elementor-element elementor-element-9dac10c elementor-section-stretched elementor-section-boxed elementor-section-height-default elementor-section-height-default\" data-id=\"9dac10c\" data-element_type=\"section\" data-settings='{\"stretch_section\":\"section-stretched\",\"background_background\":\"classic\"}'>\n\t\t\t\t\t\t<div class=\"elementor-container elementor-column-gap-no\">\n\t\t\t\t\t<div class=\"elementor-column elementor-col-100 elementor-top-column elementor-element elementor-element-1d97fb7\" data-id=\"1d97fb7\" data-element_type=\"column\" data-settings='{\"background_background\":\"classic\"}'>\n\t\t\t<div class=\"elementor-widget-wrap elementor-element-populated\">\n\t\t\t\t\t\t<section class=\"elementor-section elementor-inner-section elementor-element elementor-element-d96758a elementor-section-content-middle elementor-section-boxed elementor-section-height-default elementor-section-height-default\" data-id=\"d96758a\" data-element_type=\"section\">\n\t\t\t\t\t\t<div class=\"elementor-container elementor-column-gap-extended\">\n\t\t\t\t\t<div class=\"elementor-column elementor-col-50 elementor-inner-column elementor-element elementor-element-13fac7d elementor-invisible\" data-id=\"13fac7d\" data-element_type=\"column\" data-settings='{\"animation\":\"slide-up\"}'>\n\t\t\t<div class=\"elementor-widget-wrap elementor-element-populated\">\n\t\t\t\t\t\t<div class=\"elementor-element elementor-element-bfa9f2c elementor-widget elementor-widget-heading\" data-id=\"bfa9f2c\" data-element_type=\"widget\" data-widget_type=\"heading.default\">\n\t\t\t\t<div class=\"elementor-widget-container\">\n\t\t\t<h1 class=\"elementor-heading-title elementor-size-default\">SERVICES<\/h1>\t\t<\/div>\n\t\t\t\t<\/div>\n\t\t\t\t<div class=\"elementor-element elementor-element-c0b9624 elementor-widget elementor-widget-heading\" data-id=\"c0b9624\" data-element_type=\"widget\" data-widget_type=\"heading.default\">\n\t\t\t\t<div class=\"elementor-widget-container\">\n\t\t\t<h2 class=\"elementor-heading-title elementor-size-default\">DISPONIBLE<\/h2>\t\t<\/div>\n\t\t\t\t<\/div>\n\t\t\t\t\t<\/div>\n\t\t<\/div>\n\t\t\t\t<div class=\"elementor-column elementor-col-50 elementor-inner-column elementor-element elementor-element-99cf3f4\" data-id=\"99cf3f4\" data-element_type=\"column\">\n\t\t\t<div class=\"elementor-widget-wrap elementor-element-populated\">\n\t\t\t\t\t\t<div class=\"elementor-element elementor-element-b9d1619 elementor-invisible elementor-widget elementor-widget-text-editor\" data-id=\"b9d1619\" data-element_type=\"widget\" data-settings='{\"_animation\":\"slide-up\",\"_animation_delay\":150}' data-widget_type=\"text-editor.default\">\n\t\t\t\t<div class=\"elementor-widget-container\">\n\t\t\t\t\t\t\t<p>Nous proposons une s\u00e9lection exclusive de services personnalis\u00e9s, soigneusement con\u00e7us pour assurer votre confort, votre bien-\u00eatre et votre satisfaction totale.<\/p><p>Laissez-vous s\u00e9duire par le luxe et l'attention port\u00e9e aux d\u00e9tails qui feront de votre s\u00e9jour une exp\u00e9rience inoubliable.<\/p>\t\t\t\t\t\t<\/div>\n\t\t\t\t<\/div>\n\t\t\t\t\t<\/div>\n\t\t<\/div>\n\t\t\t\t\t<\/div>\n\t\t<\/section>\n\t\t\t\t<section class=\"elementor-section elementor-inner-section elementor-element elementor-element-be7b76b elementor-section-boxed elementor-section-height-default elementor-section-height-default\" data-id=\"be7b76b\" data-element_type=\"section\">\n\t\t\t\t\t\t<div class=\"elementor-container elementor-column-gap-extended\">\n\t\t\t\t\t<div class=\"elementor-column elementor-col-100 elementor-inner-column elementor-element elementor-element-b8d5e1c\" data-id=\"b8d5e1c\" data-element_type=\"column\">\n\t\t\t<div class=\"elementor-widget-wrap elementor-element-populated\">\n\t\t\t\t\t\t<div class=\"elementor-element elementor-element-326cdf5 elementor-invisible elementor-widget elementor-widget-apus_element_features_box\" data-id=\"326cdf5\" data-element_type=\"widget\" data-settings='{\"_animation\":\"slide-up\",\"_animation_delay\":150}' data-widget_type=\"apus_element_features_box.default\">\n\t\t\t\t<div class=\"elementor-widget-container\">\n\t\t\t            <div class=\"widget-features-box\">\n                  \n                    <div class=\"row\">\n                                                    <div class=\"item col-xl-4 col-md-6 col-12\">\n                                <div class=\"item-inner-features style1\">\n                                    <div class=\"top-inner\">\n                                                                                <div class=\"features-box-image d-inline-flex align-items-center justify-content-center icon\"><i class=\"flaticon-hotel-bell\"><\/i><\/div><\/div><div class=\"features-box-content\"><h3 class=\"title\">SERVICE DE BAR ET DE RESTAURANT<\/h3><div class=\"description\">Service de bar r\u00e9gulier. Service de restauration sur r\u00e9servation.<\/div><\/div>\n                                <\/div>\n                            <\/div>\n                                                    <div class=\"item col-xl-4 col-md-6 col-12\">\n                                <div class=\"item-inner-features style1\">\n                                    <div class=\"top-inner\">\n                                                                                <div class=\"features-box-image d-inline-flex align-items-center justify-content-center icon\"><i class=\"ti-user\"><\/i><\/div><\/div><div class=\"features-box-content\"><h3 class=\"title\">COURS DE YOGA<\/h3><div class=\"description\">D\u00e9tendez votre corps et votre esprit gr\u00e2ce \u00e0 notre service de cours de yoga, sur r\u00e9servation.<\/div><\/div>\n                                <\/div>\n                            <\/div>\n                                                    <div class=\"item col-xl-4 col-md-6 col-12\">\n                                <div class=\"item-inner-features style1\">\n                                    <div class=\"top-inner\">\n                                                                                <div class=\"features-box-image d-inline-flex align-items-center justify-content-center icon\"><i class=\"ti-direction\"><\/i><\/div><\/div><div class=\"features-box-content\"><h3 class=\"title\">VISITE D'UN ATELIER D'ARTISTE<\/h3><div class=\"description\">Des visites d'ateliers de divers artistes locaux sont possibles sur rendez-vous.<\/div><\/div>\n                                <\/div>\n                            <\/div>\n                                                    <div class=\"item col-xl-4 col-md-6 col-12\">\n                                <div class=\"item-inner-features style1\">\n                                    <div class=\"top-inner\">\n                                                                                <div class=\"features-box-image d-inline-flex align-items-center justify-content-center icon\"><i class=\"ti-video-camera\"><\/i><\/div><\/div><div class=\"features-box-content\"><h3 class=\"title\">LA S\u00c9CURIT\u00c9 PAR LA VID\u00c9OSURVEILLANCE<\/h3><div class=\"description\">Pour votre s\u00e9curit\u00e9 totale, nous avons mis en place un syst\u00e8me de vid\u00e9osurveillance. <\/div><\/div>\n                                <\/div>\n                            <\/div>\n                                                    <div class=\"item col-xl-4 col-md-6 col-12\">\n                                <div class=\"item-inner-features style1\">\n                                    <div class=\"top-inner\">\n                                                                                <div class=\"features-box-image d-inline-flex align-items-center justify-content-center icon\"><i class=\"ti-car\"><\/i><\/div><\/div><div class=\"features-box-content\"><h3 class=\"title\">PARKING PRIV\u00c9<\/h3><div class=\"description\">Stationnez confortablement dans notre parking priv\u00e9. Gratuit.<\/div><\/div>\n                                <\/div>\n                            <\/div>\n                                                    <div class=\"item col-xl-4 col-md-6 col-12\">\n                                <div class=\"item-inner-features style1\">\n                                    <div class=\"top-inner\">\n                                                                                <div class=\"features-box-image d-inline-flex align-items-center justify-content-center icon\"><i class=\"ti-world\"><\/i><\/div><\/div><div class=\"features-box-content\"><h3 class=\"title\">WI-FI INTERNET<\/h3><div class=\"description\">Nous disposons d'un service Internet WI-FI \u00e0 haut d\u00e9bit. Gratuit.<\/div><\/div>\n                                <\/div>\n                            <\/div>\n                                                    <div class=\"item col-xl-4 col-md-6 col-12\">\n                                <div class=\"item-inner-features style1\">\n                                    <div class=\"top-inner\">\n                                                                                <div class=\"features-box-image d-inline-flex align-items-center justify-content-center icon\"><i class=\"ti-key\"><\/i><\/div><\/div><div class=\"features-box-content\"><h3 class=\"title\">COFFRE<\/h3><div class=\"description\">Pour la s\u00e9curit\u00e9 de vos biens. Mat\u00e9riel disponible sur demande. Gratuit pour les enfants.<\/div><\/div>\n                                <\/div>\n                            <\/div>\n                                                    <div class=\"item col-xl-4 col-md-6 col-12\">\n                                <div class=\"item-inner-features style1\">\n                                    <div class=\"top-inner\">\n                                                                                <div class=\"features-box-image d-inline-flex align-items-center justify-content-center icon\"><i class=\"ti-plug\"><\/i><\/div><\/div><div class=\"features-box-content\"><h3 class=\"title\">S\u00c8CHE-CHEVEUX<\/h3><div class=\"description\">Pour votre confort. \u00c9quipement disponible sur demande. Gratuit.<\/div><\/div>\n                                <\/div>\n                            <\/div>\n                                                    <div class=\"item col-xl-4 col-md-6 col-12\">\n                                <div class=\"item-inner-features style1\">\n                                    <div class=\"top-inner\">\n                                                                                <div class=\"features-box-image d-inline-flex align-items-center justify-content-center icon\"><i class=\"ti-timer\"><\/i><\/div><\/div><div class=\"features-box-content\"><h3 class=\"title\">HORAIRE<\/h3><div class=\"description\">Tous les services sont disponibles tous les jours de 9h \u00e0 19h.<\/div><\/div>\n                                <\/div>\n                            <\/div>\n                                                    <div class=\"item col-xl-4 col-md-6 col-12\">\n                                <div class=\"item-inner-features style1\">\n                                    <div class=\"top-inner\">\n                                                                                <div class=\"features-box-image d-inline-flex align-items-center justify-content-center icon\"><i class=\"ti-bell\"><\/i><\/div><\/div><div class=\"features-box-content\"><h3 class=\"title\">d\u00eeners personnalis\u00e9s<\/h3><div class=\"description\">Dans la salle \u00e0 manger ou dans d'autres parties de la propri\u00e9t\u00e9, sur r\u00e9servation.<\/div><\/div>\n                                <\/div>\n                            <\/div>\n                                                    <div class=\"item col-xl-4 col-md-6 col-12\">\n                                <div class=\"item-inner-features style1\">\n                                    <div class=\"top-inner\">\n                                                                                <div class=\"features-box-image d-inline-flex align-items-center justify-content-center icon\"><i class=\"ti-hand-drag\"><\/i><\/div><\/div><div class=\"features-box-content\"><h3 class=\"title\">massages<\/h3><div class=\"description\">Dans la chambre, dans le jardin ext\u00e9rieur ou dans le champ de canne, sur r\u00e9servation.<\/div><\/div>\n                                <\/div>\n                            <\/div>\n                                                    <div class=\"item col-xl-4 col-md-6 col-12\">\n                                <div class=\"item-inner-features style1\">\n                                    <div class=\"top-inner\">\n                                                                                <div class=\"features-box-image d-inline-flex align-items-center justify-content-center icon\"><i class=\"flaticon-bike\"><\/i><\/div><\/div><div class=\"features-box-content\"><h3 class=\"title\">bicyclette<\/h3><div class=\"description\">Pour s'aventurer. Mat\u00e9riel disponible sur r\u00e9servation.<\/div><\/div>\n                                <\/div>\n                            <\/div>\n                                            <\/div>\n                            <\/div>\n            \t\t<\/div>\n\t\t\t\t<\/div>\n\t\t\t\t<div class=\"elementor-element elementor-element-a356c26 elementor-widget elementor-widget-text-editor\" data-id=\"a356c26\" data-element_type=\"widget\" data-widget_type=\"text-editor.default\">\n\t\t\t\t<div class=\"elementor-widget-container\">\n\t\t\t\t\t\t\t<p>* Les services disponibles sur r\u00e9servation doivent \u00eatre demand\u00e9s 48 heures \u00e0 l'avance.<\/p>\t\t\t\t\t\t<\/div>\n\t\t\t\t<\/div>\n\t\t\t\t\t<\/div>\n\t\t<\/div>\n\t\t\t\t\t<\/div>\n\t\t<\/section>\n\t\t\t\t\t<\/div>\n\t\t<\/div>\n\t\t\t\t\t<\/div>\n\t\t<\/section>\n\t\t\t\t<\/div>","protected":false},"excerpt":{"rendered":"<p>SERVI\u00c7OS DISPON\u00cdVEIS Oferecemos uma sele\u00e7\u00e3o exclusiva de servi\u00e7os personalizados, cuidadosamente pensados para assegurar o seu conforto, bem-estar e total satisfa\u00e7\u00e3o. Permita-se desfrutar do luxo e da aten\u00e7\u00e3o meticulosa aos detalhes, que tornar\u00e3o a sua estadia uma experi\u00eancia verdadeiramente inesquec\u00edvel. SERVI\u00c7O DE BAR &amp; RESTAURANTE Servi\u00e7o de bar regular. Servi\u00e7o de restaura\u00e7\u00e3o, mediante reserva. AULAS DE [&hellip;]<\/p>\n","protected":false},"author":1,"featured_media":0,"parent":0,"menu_order":0,"comment_status":"closed","ping_status":"closed","template":"","meta":{"inline_featured_image":false,"footnotes":""},"class_list":["post-5237","page","type-page","status-publish","hentry"],"_links":{"self":[{"href":"https:\/\/zenandart.pt\/fr\/wp-json\/wp\/v2\/pages\/5237","targetHints":{"allow":["GET"]}}],"collection":[{"href":"https:\/\/zenandart.pt\/fr\/wp-json\/wp\/v2\/pages"}],"about":[{"href":"https:\/\/zenandart.pt\/fr\/wp-json\/wp\/v2\/types\/page"}],"author":[{"embeddable":true,"href":"https:\/\/zenandart.pt\/fr\/wp-json\/wp\/v2\/users\/1"}],"replies":[{"embeddable":true,"href":"https:\/\/zenandart.pt\/fr\/wp-json\/wp\/v2\/comments?post=5237"}],"version-history":[{"count":11,"href":"https:\/\/zenandart.pt\/fr\/wp-json\/wp\/v2\/pages\/5237\/revisions"}],"predecessor-version":[{"id":13354,"href":"https:\/\/zenandart.pt\/fr\/wp-json\/wp\/v2\/pages\/5237\/revisions\/13354"}],"wp:attachment":[{"href":"https:\/\/zenandart.pt\/fr\/wp-json\/wp\/v2\/media?parent=5237"}],"curies":[{"name":"wp","href":"https:\/\/api.w.org\/{rel}","templated":true}]}}