{"id":9965,"date":"2025-11-17T21:28:43","date_gmt":"2025-11-17T21:28:43","guid":{"rendered":"https:\/\/zenandart.pt\/?page_id=9965"},"modified":"2025-11-29T19:15:40","modified_gmt":"2025-11-29T19:15:40","slug":"en-la-prensa","status":"publish","type":"page","link":"https:\/\/zenandart.pt\/es\/en-la-prensa\/","title":{"rendered":"En la prensa"},"content":{"rendered":"<div data-elementor-type=\"wp-page\" data-elementor-id=\"9965\" class=\"elementor elementor-9965\">\n\t\t\t\t\t\t<section class=\"elementor-section elementor-top-section elementor-element elementor-element-7c5af81 elementor-section-stretched elementor-section-boxed elementor-section-height-default elementor-section-height-default\" data-id=\"7c5af81\" data-element_type=\"section\" data-settings='{\"stretch_section\":\"section-stretched\",\"background_background\":\"classic\"}'>\n\t\t\t\t\t\t<div class=\"elementor-container elementor-column-gap-no\">\n\t\t\t\t\t<div class=\"elementor-column elementor-col-100 elementor-top-column elementor-element elementor-element-0bcaf17\" data-id=\"0bcaf17\" data-element_type=\"column\" data-settings='{\"background_background\":\"classic\"}'>\n\t\t\t<div class=\"elementor-widget-wrap elementor-element-populated\">\n\t\t\t\t\t\t<div class=\"elementor-element elementor-element-2ad0252 elementor-hidden-mobile elementor-invisible elementor-widget elementor-widget-heading\" data-id=\"2ad0252\" data-element_type=\"widget\" data-settings='{\"_animation\":\"slide-up\"}' data-widget_type=\"heading.default\">\n\t\t\t\t<div class=\"elementor-widget-container\">\n\t\t\t<h1 class=\"elementor-heading-title elementor-size-default\">En<span class=\"text-theme\"> Pulse<\/span><\/h1>\t\t<\/div>\n\t\t\t\t<\/div>\n\t\t\t\t<div class=\"elementor-element elementor-element-f883d2d elementor-widget elementor-widget-text-editor\" data-id=\"f883d2d\" data-element_type=\"widget\" data-widget_type=\"text-editor.default\">\n\t\t\t\t<div class=\"elementor-widget-container\">\n\t\t\t\t\t\t\t<p style=\"text-align: left;\">Nos enorgullece aparecer mencionados en peri\u00f3dicos, revistas, blogs y otros medios de comunicaci\u00f3n que reconocen nuestra dedicaci\u00f3n al confort, el dise\u00f1o y la tranquilidad.<\/p><p style=\"text-align: left;\">En esta p\u00e1gina hemos reunido algunas de las referencias medi\u00e1ticas, art\u00edculos, entrevistas y publicaciones que destacan nuestro concepto, nuestra est\u00e9tica y la experiencia \u00fanica que ofrecemos en el coraz\u00f3n de Santa Maria da Feira, Portugal.<\/p>\t\t\t\t\t\t<\/div>\n\t\t\t\t<\/div>\n\t\t\t\t<section class=\"elementor-section elementor-inner-section elementor-element elementor-element-9a0d34b elementor-section-content-middle elementor-section-boxed elementor-section-height-default elementor-section-height-default\" data-id=\"9a0d34b\" data-element_type=\"section\">\n\t\t\t\t\t\t<div class=\"elementor-container elementor-column-gap-extended\">\n\t\t\t\t\t<div class=\"elementor-column elementor-col-50 elementor-inner-column elementor-element elementor-element-fa20b59 elementor-invisible\" data-id=\"fa20b59\" data-element_type=\"column\" data-settings='{\"animation\":\"slide-up\"}'>\n\t\t\t<div class=\"elementor-widget-wrap elementor-element-populated\">\n\t\t\t\t\t\t<div class=\"elementor-element elementor-element-5547737 elementor-widget elementor-widget-text-editor\" data-id=\"5547737\" data-element_type=\"widget\" data-widget_type=\"text-editor.default\">\n\t\t\t\t<div class=\"elementor-widget-container\">\n\t\t\t\t\t\t\t<p><strong>T\u00edtulo:<\/strong><br>Zen &amp; Art: un hotel con encanto en Feira que es el homenaje de un hijo a su padre<\/p><p><strong>Publicaci\u00f3n: <\/strong>P\u00fablico<strong><br>Date:<\/strong> 25 de marzo de 2025<br><span style=\"text-decoration: underline;\"><a href=\"https:\/\/www.publico.pt\/2025\/03\/25\/fugas\/noticia\/zen-art-hotel-charme-feira-homenagem-filho-pai-2125108\" target=\"_blank\" rel=\"noopener\" data-umami-event=\"link:Link do Artigo\" data-umami-event-url=\"https:\/\/www.publico.pt\/2025\/03\/25\/fugas\/noticia\/zen-art-hotel-charme-feira-homenagem-filho-pai-2125108\">Enlace del art\u00edculo<\/a><\/span><\/p>\t\t\t\t\t\t<\/div>\n\t\t\t\t<\/div>\n\t\t\t\t\t<\/div>\n\t\t<\/div>\n\t\t\t\t<div class=\"elementor-column elementor-col-50 elementor-inner-column elementor-element elementor-element-92ce756\" data-id=\"92ce756\" data-element_type=\"column\">\n\t\t\t<div class=\"elementor-widget-wrap elementor-element-populated\">\n\t\t\t\t\t\t<div class=\"elementor-element elementor-element-4044626 elementor-widget elementor-widget-text-editor\" data-id=\"4044626\" data-element_type=\"widget\" data-widget_type=\"text-editor.default\">\n\t\t\t\t<div class=\"elementor-widget-container\">\n\t\t\t\t\t\t\t<p><strong>Introducci\u00f3n:<\/strong><br>Anta\u00f1o una granja familiar, la centenaria Casa da Lavandeira de Santa Maria da Feira cuenta ahora con nueve habitaciones, cinco de ellas dise\u00f1adas y decoradas por personalidades de las artes, la gastronom\u00eda y el vino.<\/p>\t\t\t\t\t\t<\/div>\n\t\t\t\t<\/div>\n\t\t\t\t\t<\/div>\n\t\t<\/div>\n\t\t\t\t\t<\/div>\n\t\t<\/section>\n\t\t\t\t<section class=\"elementor-section elementor-inner-section elementor-element elementor-element-33ba4d0 elementor-section-content-middle elementor-section-boxed elementor-section-height-default elementor-section-height-default\" data-id=\"33ba4d0\" data-element_type=\"section\">\n\t\t\t\t\t\t<div class=\"elementor-container elementor-column-gap-extended\">\n\t\t\t\t\t<div class=\"elementor-column elementor-col-50 elementor-inner-column elementor-element elementor-element-bae69ed elementor-invisible\" data-id=\"bae69ed\" data-element_type=\"column\" data-settings='{\"animation\":\"slide-up\"}'>\n\t\t\t<div class=\"elementor-widget-wrap elementor-element-populated\">\n\t\t\t\t\t\t<div class=\"elementor-element elementor-element-e7af56d elementor-widget elementor-widget-text-editor\" data-id=\"e7af56d\" data-element_type=\"widget\" data-widget_type=\"text-editor.default\">\n\t\t\t\t<div class=\"elementor-widget-container\">\n\t\t\t\t\t\t\t<p><strong>T\u00edtulo:<\/strong><br>Zen &amp; Art: un canto a las artes y a la serenidad en Santa Maria da Feira<\/p><p><strong>Publicaci\u00f3n: <\/strong>Agencia de Informaci\u00f3n del Norte<strong><br>Date:<\/strong> 10 de abril de 2025<br><span style=\"text-decoration: underline;\"><a href=\"https:\/\/www.airinformacao.pt\/2025\/04\/10\/zen-art-um-hino-as-artes-e-a-serenidade-em-santa-maria-da-feira\/\" target=\"_blank\" rel=\"noopener\" data-umami-event=\"link:Link do Artigo\" data-umami-event-url=\"https:\/\/www.airinformacao.pt\/2025\/04\/10\/zen-art-um-hino-as-artes-e-a-serenidade-em-santa-maria-da-feira\/\">Enlace del art\u00edculo<\/a><\/span><\/p>\t\t\t\t\t\t<\/div>\n\t\t\t\t<\/div>\n\t\t\t\t\t<\/div>\n\t\t<\/div>\n\t\t\t\t<div class=\"elementor-column elementor-col-50 elementor-inner-column elementor-element elementor-element-fabcff4\" data-id=\"fabcff4\" data-element_type=\"column\">\n\t\t\t<div class=\"elementor-widget-wrap elementor-element-populated\">\n\t\t\t\t\t\t<div class=\"elementor-element elementor-element-ff1429c elementor-widget elementor-widget-text-editor\" data-id=\"ff1429c\" data-element_type=\"widget\" data-widget_type=\"text-editor.default\">\n\t\t\t\t<div class=\"elementor-widget-container\">\n\t\t\t\t\t\t\t<p><strong>Introducci\u00f3n:<\/strong><br>El arte como ancla de una experiencia de relajaci\u00f3n, sosiego y contemplaci\u00f3n. Esto es lo que ofrece Zen &amp; Art, un hotel con encanto en el centro de Santa Maria da Feira. Una casa familiar con un siglo de historia se ha transformado en un alojamiento que combina el disfrute art\u00edstico con la conexi\u00f3n con la naturaleza.<\/p>\t\t\t\t\t\t<\/div>\n\t\t\t\t<\/div>\n\t\t\t\t\t<\/div>\n\t\t<\/div>\n\t\t\t\t\t<\/div>\n\t\t<\/section>\n\t\t\t\t<section class=\"elementor-section elementor-inner-section elementor-element elementor-element-4d2bfd3 elementor-section-content-middle elementor-section-boxed elementor-section-height-default elementor-section-height-default\" data-id=\"4d2bfd3\" data-element_type=\"section\">\n\t\t\t\t\t\t<div class=\"elementor-container elementor-column-gap-extended\">\n\t\t\t\t\t<div class=\"elementor-column elementor-col-50 elementor-inner-column elementor-element elementor-element-e6f973c elementor-invisible\" data-id=\"e6f973c\" data-element_type=\"column\" data-settings='{\"animation\":\"slide-up\"}'>\n\t\t\t<div class=\"elementor-widget-wrap elementor-element-populated\">\n\t\t\t\t\t\t<div class=\"elementor-element elementor-element-6548b79 elementor-widget elementor-widget-text-editor\" data-id=\"6548b79\" data-element_type=\"widget\" data-widget_type=\"text-editor.default\">\n\t\t\t\t<div class=\"elementor-widget-container\">\n\t\t\t\t\t\t\t<p><strong>Directorio:<\/strong><br>Boa Cama Boa Mesa<\/p><p><strong>Publicaci\u00f3n: <\/strong>Express<strong><br>Date:<\/strong> 1 de enero de 2025<br><span style=\"text-decoration: underline;\"><a href=\"https:\/\/expresso.pt\/boa-cama-boa-mesa\" target=\"_blank\" rel=\"noopener\" data-umami-event=\"link:Link\" data-umami-event-url=\"https:\/\/expresso.pt\/boa-cama-boa-mesa\">Enlace<\/a><\/span><\/p>\t\t\t\t\t\t<\/div>\n\t\t\t\t<\/div>\n\t\t\t\t\t<\/div>\n\t\t<\/div>\n\t\t\t\t<div class=\"elementor-column elementor-col-50 elementor-inner-column elementor-element elementor-element-a05ce64\" data-id=\"a05ce64\" data-element_type=\"column\">\n\t\t\t<div class=\"elementor-widget-wrap elementor-element-populated\">\n\t\t\t\t\t\t<div class=\"elementor-element elementor-element-b7e0fee elementor-widget elementor-widget-text-editor\" data-id=\"b7e0fee\" data-element_type=\"widget\" data-widget_type=\"text-editor.default\">\n\t\t\t\t<div class=\"elementor-widget-container\">\n\t\t\t\t\t\t\t<p><strong>Introducci\u00f3n:<\/strong><br>Fue con gran placer y honor que recibimos la noticia de que Zen &amp; Art ha sido incluido en la gu\u00eda \"Boa Cama Boa Mesa\" 2025 como uno de los principales alojamientos de Portugal.<\/p>\t\t\t\t\t\t<\/div>\n\t\t\t\t<\/div>\n\t\t\t\t<div class=\"elementor-element elementor-element-66866fd elementor-widget elementor-widget-image-gallery\" data-id=\"66866fd\" data-element_type=\"widget\" data-widget_type=\"image-gallery.default\">\n\t\t\t\t<div class=\"elementor-widget-container\">\n\t\t\t\t\t<div class=\"elementor-image-gallery\">\n\t\t\t<div id=\"gallery-1\" class=\"gallery galleryid-9965 gallery-columns-3 gallery-size-thumbnail\"><figure class=\"gallery-item\">\n\t\t\t<div class=\"gallery-icon landscape\">\n\t\t\t\t<a data-elementor-open-lightbox=\"yes\" data-elementor-lightbox-slideshow=\"66866fd\" data-elementor-lightbox-title=\"boa-cama-boa-mesa\" data-e-action-hash=\"#elementor-action%3Aaction%3Dlightbox%26settings%3DeyJpZCI6MTAwNTEsInVybCI6Imh0dHBzOlwvXC96ZW5hbmRhcnQucHRcL3dwLWNvbnRlbnRcL3VwbG9hZHNcL2JvYS1jYW1hLWJvYS1tZXNhLmpwZyIsInNsaWRlc2hvdyI6IjY2ODY2ZmQifQ%3D%3D\" href=\"https:\/\/zenandart.pt\/wp-content\/uploads\/boa-cama-boa-mesa.jpg\" data-umami-event=\"link_click\" data-umami-event-url=\"https:\/\/zenandart.pt\/wp-content\/uploads\/boa-cama-boa-mesa.jpg\"><img decoding=\"async\" width=\"150\" height=\"150\" src=\"https:\/\/zenandart.pt\/wp-content\/uploads\/boa-cama-boa-mesa-150x150.jpg\" class=\"attachment-thumbnail size-thumbnail\" alt=\"zen y arte en boa cama boa mesa 2025\" title=\"\"><\/a>\n\t\t\t<\/div><\/figure><figure class=\"gallery-item\">\n\t\t\t<div class=\"gallery-icon landscape\">\n\t\t\t\t<a data-elementor-open-lightbox=\"yes\" data-elementor-lightbox-slideshow=\"66866fd\" data-elementor-lightbox-title=\"boa-cama-boa-mesa-2025\" data-e-action-hash=\"#elementor-action%3Aaction%3Dlightbox%26settings%3DeyJpZCI6MTAwNTIsInVybCI6Imh0dHBzOlwvXC96ZW5hbmRhcnQucHRcL3dwLWNvbnRlbnRcL3VwbG9hZHNcL2JvYS1jYW1hLWJvYS1tZXNhLTIwMjUuanBnIiwic2xpZGVzaG93IjoiNjY4NjZmZCJ9\" href=\"https:\/\/zenandart.pt\/wp-content\/uploads\/boa-cama-boa-mesa-2025.jpg\" data-umami-event=\"link_click\" data-umami-event-url=\"https:\/\/zenandart.pt\/wp-content\/uploads\/boa-cama-boa-mesa-2025.jpg\"><img decoding=\"async\" width=\"150\" height=\"150\" src=\"https:\/\/zenandart.pt\/wp-content\/uploads\/boa-cama-boa-mesa-2025-150x150.jpg\" class=\"attachment-thumbnail size-thumbnail\" alt=\"buena cama buena mesa 2025\" title=\"\"><\/a>\n\t\t\t<\/div><\/figure><figure class=\"gallery-item\">\n\t\t\t<div class=\"gallery-icon landscape\">\n\t\t\t\t<a data-elementor-open-lightbox=\"yes\" data-elementor-lightbox-slideshow=\"66866fd\" data-elementor-lightbox-title=\"zen-and-art-no-boa-cama-boa-mesa\" data-e-action-hash=\"#elementor-action%3Aaction%3Dlightbox%26settings%3DeyJpZCI6MTAxMTMsInVybCI6Imh0dHBzOlwvXC96ZW5hbmRhcnQucHRcL3dwLWNvbnRlbnRcL3VwbG9hZHNcL3plbi1hbmQtYXJ0LW5vLWJvYS1jYW1hLWJvYS1tZXNhLmpwZyIsInNsaWRlc2hvdyI6IjY2ODY2ZmQifQ%3D%3D\" href=\"https:\/\/zenandart.pt\/wp-content\/uploads\/zen-and-art-no-boa-cama-boa-mesa.jpg\" data-umami-event=\"link_click\" data-umami-event-url=\"https:\/\/zenandart.pt\/wp-content\/uploads\/zen-and-art-no-boa-cama-boa-mesa.jpg\"><img decoding=\"async\" width=\"150\" height=\"150\" src=\"https:\/\/zenandart.pt\/wp-content\/uploads\/zen-and-art-no-boa-cama-boa-mesa-150x150.jpg\" class=\"attachment-thumbnail size-thumbnail\" alt=\"gu\u00eda zen y arte en la boa cama boa mesa\" title=\"\"><\/a>\n\t\t\t<\/div><\/figure>\n\t\t<\/div>\n\t\t<\/div>\n\t\t\t\t<\/div>\n\t\t\t\t<\/div>\n\t\t\t\t\t<\/div>\n\t\t<\/div>\n\t\t\t\t\t<\/div>\n\t\t<\/section>\n\t\t\t\t<section class=\"elementor-section elementor-inner-section elementor-element elementor-element-5ee37e3 elementor-section-boxed elementor-section-height-default elementor-section-height-default\" data-id=\"5ee37e3\" data-element_type=\"section\">\n\t\t\t\t\t\t<div class=\"elementor-container elementor-column-gap-extended\">\n\t\t\t\t\t<div class=\"elementor-column elementor-col-100 elementor-inner-column elementor-element elementor-element-76fa733\" data-id=\"76fa733\" data-element_type=\"column\">\n\t\t\t<div class=\"elementor-widget-wrap\">\n\t\t\t\t\t\t\t<\/div>\n\t\t<\/div>\n\t\t\t\t\t<\/div>\n\t\t<\/section>\n\t\t\t\t\t<\/div>\n\t\t<\/div>\n\t\t\t\t\t<\/div>\n\t\t<\/section>\n\t\t\t\t<\/div>","protected":false},"excerpt":{"rendered":"<p>Na Imprensa Temos orgulho em ser mencionados em jornais, revistas, blogs e outros meios de comunica\u00e7\u00e3o que reconhecem a nossa dedica\u00e7\u00e3o ao conforto, ao design e \u00e0 tranquilidade. Nesta p\u00e1gina reunimos algumas das refer\u00eancias medi\u00e1ticas, artigos, entrevistas e publica\u00e7\u00f5es que destacam o nosso conceito, a nossa est\u00e9tica e a experi\u00eancia \u00fanica que oferecemos no cora\u00e7\u00e3o [&hellip;]<\/p>\n","protected":false},"author":1,"featured_media":0,"parent":0,"menu_order":0,"comment_status":"closed","ping_status":"closed","template":"","meta":{"inline_featured_image":false,"footnotes":""},"class_list":["post-9965","page","type-page","status-publish","hentry"],"_links":{"self":[{"href":"https:\/\/zenandart.pt\/es\/wp-json\/wp\/v2\/pages\/9965","targetHints":{"allow":["GET"]}}],"collection":[{"href":"https:\/\/zenandart.pt\/es\/wp-json\/wp\/v2\/pages"}],"about":[{"href":"https:\/\/zenandart.pt\/es\/wp-json\/wp\/v2\/types\/page"}],"author":[{"embeddable":true,"href":"https:\/\/zenandart.pt\/es\/wp-json\/wp\/v2\/users\/1"}],"replies":[{"embeddable":true,"href":"https:\/\/zenandart.pt\/es\/wp-json\/wp\/v2\/comments?post=9965"}],"version-history":[{"count":10,"href":"https:\/\/zenandart.pt\/es\/wp-json\/wp\/v2\/pages\/9965\/revisions"}],"predecessor-version":[{"id":11568,"href":"https:\/\/zenandart.pt\/es\/wp-json\/wp\/v2\/pages\/9965\/revisions\/11568"}],"wp:attachment":[{"href":"https:\/\/zenandart.pt\/es\/wp-json\/wp\/v2\/media?parent=9965"}],"curies":[{"name":"wp","href":"https:\/\/api.w.org\/{rel}","templated":true}]}}