{"id":7270,"date":"2024-11-18T01:29:10","date_gmt":"2024-11-18T01:29:10","guid":{"rendered":"https:\/\/zenandart.pt\/?page_id=7270"},"modified":"2026-05-03T23:55:47","modified_gmt":"2026-05-03T22:55:47","slug":"politica-de-privacidad","status":"publish","type":"page","link":"https:\/\/zenandart.pt\/es\/politica-de-privacidade\/","title":{"rendered":"Pol\u00edtica de privacidad"},"content":{"rendered":"<div data-elementor-type=\"wp-page\" data-elementor-id=\"7270\" class=\"elementor elementor-7270\">\n\t\t\t\t\t\t<section class=\"elementor-section elementor-top-section elementor-element elementor-element-704033e elementor-section-stretched elementor-section-boxed elementor-section-height-default elementor-section-height-default\" data-id=\"704033e\" data-element_type=\"section\" data-settings='{\"stretch_section\":\"section-stretched\"}'>\n\t\t\t\t\t\t<div class=\"elementor-container elementor-column-gap-extended\">\n\t\t\t\t\t<div class=\"elementor-column elementor-col-100 elementor-top-column elementor-element elementor-element-8cdee66\" data-id=\"8cdee66\" data-element_type=\"column\">\n\t\t\t<div class=\"elementor-widget-wrap elementor-element-populated\">\n\t\t\t\t\t\t<div class=\"elementor-element elementor-element-c79f466 elementor-invisible elementor-widget elementor-widget-text-editor\" data-id=\"c79f466\" data-element_type=\"widget\" data-settings='{\"_animation\":\"slide-up\"}' data-widget_type=\"text-editor.default\">\n\t\t\t\t<div class=\"elementor-widget-container\">\n\t\t\t\t\t\t\t<p><strong>Pol\u00edtica de privacidad<\/strong><\/p>\n<p>\u00daltima actualizaci\u00f3n: 17 de noviembre de 2024<\/p>\n<p>A <strong>Zen y arte<\/strong> (accesible en <a href=\"https:\/\/zenandart.pt\/es\/\" target=\"_new\" rel=\"noopener\" data-umami-event=\"link:https:\/\/zenandart.pt\" data-umami-event-url=\"https:\/\/zenandart.pt\">https:\/\/zenandart.pt<\/a>) valora la privacidad de sus usuarios y se compromete a proteger la informaci\u00f3n personal que se nos proporciona. Esta pol\u00edtica de privacidad explica c\u00f3mo recopilamos, utilizamos, divulgamos y protegemos su informaci\u00f3n.<\/p>\n<h3>1. <strong>Informaci\u00f3n recogida<\/strong><\/h3>\n<p>Recogemos los siguientes datos personales de los usuarios:<\/p>\n<ul>\n<li><strong>Datos personales<\/strong>Nombre, direcci\u00f3n de correo electr\u00f3nico, direcci\u00f3n y n\u00famero de tel\u00e9fono.<\/li>\n<li><strong>Datos de navegaci\u00f3n<\/strong>Informaci\u00f3n sobre el dispositivo, la direcci\u00f3n IP, el tipo de navegador, las p\u00e1ginas visitadas y la duraci\u00f3n de la estancia.<\/li>\n<li><strong>Cookies<\/strong>Utilizamos cookies de sesi\u00f3n, cookies de an\u00e1lisis y cookies de marketing para mejorar la experiencia del usuario y recopilar datos estad\u00edsticos sobre el uso del sitio.<\/li>\n<\/ul>\n<h3>2. <strong>Recogida de datos<\/strong><\/h3>\n<p>Los datos recogidos se utilizan para los siguientes fines:<\/p>\n<ul>\n<li><strong>Gesti\u00f3n de reservas<\/strong>Tramitar y gestionar las reservas realizadas por los usuarios a trav\u00e9s de nuestro sitio web.<\/li>\n<li><strong>Marketing<\/strong>Env\u00edo de comunicaciones promocionales y boletines informativos a los usuarios que acepten recibir este tipo de comunicaciones.<\/li>\n<li><strong>An\u00e1lisis y mejoras<\/strong>Uso de herramientas de an\u00e1lisis (como Google Analytics) para evaluar el rendimiento del sitio y mejorar la experiencia del usuario.<\/li>\n<\/ul>\n<h3>3. <strong>Compartir informaci\u00f3n con terceros<\/strong><\/h3>\n<p>No vendemos, alquilamos ni revelamos sus datos personales a terceros, excepto cuando es necesario para cumplir obligaciones legales o cuando utilizamos proveedores de servicios. Los datos pueden compartirse con:<\/p>\n<ul>\n<li><strong>Google Analytics<\/strong>Para analizar el tr\u00e1fico y el comportamiento de los usuarios en el sitio.<\/li>\n<li><strong>RoomRaccoon<\/strong>: Para la gesti\u00f3n de reservas y operaciones conexas.<\/li>\n<\/ul>\n<p>Los datos recogidos por estas plataformas se procesan de acuerdo con sus propias pol\u00edticas de privacidad.<\/p>\n<h3>4. <strong>Cookies y tecnolog\u00edas de seguimiento<\/strong><\/h3>\n<p>Utilizamos cookies para mejorar la experiencia de navegaci\u00f3n en nuestro sitio web. Las cookies son peque\u00f1os archivos almacenados en el dispositivo del usuario que ayudan a analizar el tr\u00e1fico y personalizar el contenido. Los tipos de cookies que utilizamos incluyen:<\/p>\n<ul>\n<li><strong>Cookies de sesi\u00f3n<\/strong>Guarda su informaci\u00f3n de navegaci\u00f3n durante su visita al sitio.<\/li>\n<li><strong>Cookies de an\u00e1lisis<\/strong>Se utiliza para recopilar datos estad\u00edsticos sobre el uso del sitio (por ejemplo, a trav\u00e9s de Google Analytics).<\/li>\n<li><strong>Cookies de marketing<\/strong>Se utiliza para mostrar anuncios relevantes a los usuarios.<\/li>\n<\/ul>\n<p>Puede controlar y\/o eliminar las cookies en la configuraci\u00f3n de su navegador. Tenga en cuenta que desactivar las cookies puede afectar a la funcionalidad del sitio web.<\/p>\n<h3>5. <strong>Seguridad de los datos<\/strong><\/h3>\n<p>Adoptamos las medidas de seguridad adecuadas para proteger los datos de los usuarios contra el acceso no autorizado, la alteraci\u00f3n, la divulgaci\u00f3n o la destrucci\u00f3n. Utilizamos el cifrado y otras tecnolog\u00edas de seguridad para garantizar la protecci\u00f3n de sus datos.<\/p>\n<h3>6. <strong>Derechos de los usuarios<\/strong><\/h3>\n<p>De acuerdo con el Reglamento General de Protecci\u00f3n de Datos (RGPD), los usuarios tienen los siguientes derechos:<\/p>\n<ul>\n<li><strong>Derecho de acceso<\/strong>Puede solicitar una copia de sus datos personales almacenados por nosotros.<\/li>\n<li><strong>Derecho de rectificaci\u00f3n<\/strong>Puede solicitar la correcci\u00f3n de cualquier dato personal incorrecto o incompleto.<\/li>\n<li><strong>Derecho de supresi\u00f3n<\/strong>Puede solicitar la supresi\u00f3n de sus datos personales.<\/li>\n<li><strong>Derecho a la portabilidad de datos<\/strong>Puede solicitar que sus datos se transfieran a otra organizaci\u00f3n, si procede.<\/li>\n<li><strong>Derecho de oposici\u00f3n<\/strong>Puede oponerse al tratamiento de sus datos con fines comerciales.<\/li>\n<\/ul>\n<p>Para ejercer cualquiera de estos derechos, p\u00f3ngase en contacto con nosotros por correo electr\u00f3nico: <a rel=\"noopener\" data-umami-event=\"link:info@zenandart.pt\" href=\"javascript:void(0)\">info@zenandart.pt<\/a>.<\/p>\n<h3>7. <strong>Enlaces a sitios de terceros<\/strong><\/h3>\n<p>Nuestro sitio puede contener enlaces a otros sitios web. No tenemos ning\u00fan control sobre estos sitios y no somos responsables de sus pol\u00edticas de privacidad. Le recomendamos que lea las pol\u00edticas de privacidad de cualquier sitio web de terceros antes de facilitar informaci\u00f3n personal.<\/p>\n<h3>8. <strong>Cambios en esta pol\u00edtica de privacidad<\/strong><\/h3>\n<p>Podemos actualizar esta Pol\u00edtica de Privacidad de vez en cuando. Cualquier cambio se publicar\u00e1 en esta p\u00e1gina y la fecha de actualizaci\u00f3n se modificar\u00e1 en consecuencia. Le recomendamos que consulte esta p\u00e1gina con regularidad para mantenerse informado sobre c\u00f3mo protegemos su informaci\u00f3n.<\/p>\n<h3>9. <strong>P\u00f3ngase en contacto con<\/strong><\/h3>\n<p>Si tiene alguna pregunta o duda sobre esta Pol\u00edtica de privacidad, p\u00f3ngase en contacto con nosotros en:<\/p>\n<ul>\n<li><strong>Correo electr\u00f3nico<\/strong>: <a rel=\"noopener\" data-umami-event=\"link:info@zenandart.pt\" href=\"javascript:void(0)\">info@zenandart.pt<\/a><\/li>\n<li><strong>Direcci\u00f3n<\/strong>: Rua Dr. Paulo S\u00e1, n\u00ba2, 4520-219, Santa Maria da Feira, Portugal<\/li>\n<\/ul>\t\t\t\t\t\t<\/div>\n\t\t\t\t<\/div>\n\t\t\t\t\t<\/div>\n\t\t<\/div>\n\t\t\t\t\t<\/div>\n\t\t<\/section>\n\t\t\t\t<\/div>","protected":false},"excerpt":{"rendered":"<p>Pol\u00edtica de Privacidade \u00daltima atualiza\u00e7\u00e3o: 17 Novembro 2024 A Zen and Art (acess\u00edvel em https:\/\/zenandart.pt) valoriza a privacidade dos seus utilizadores e compromete-se a proteger as informa\u00e7\u00f5es pessoais que nos s\u00e3o fornecidas. Esta Pol\u00edtica de Privacidade explica como recolhemos, utilizamos, divulgamos e protegemos as suas informa\u00e7\u00f5es. 1. Informa\u00e7\u00f5es Recolhidas Recolhemos os seguintes dados pessoais dos [&hellip;]<\/p>\n","protected":false},"author":1,"featured_media":0,"parent":0,"menu_order":0,"comment_status":"closed","ping_status":"closed","template":"","meta":{"rs_blank_template":"","rs_page_bg_color":"","slide_template_v7":"","inline_featured_image":false,"footnotes":""},"class_list":["post-7270","page","type-page","status-publish","hentry"],"_links":{"self":[{"href":"https:\/\/zenandart.pt\/es\/wp-json\/wp\/v2\/pages\/7270","targetHints":{"allow":["GET"]}}],"collection":[{"href":"https:\/\/zenandart.pt\/es\/wp-json\/wp\/v2\/pages"}],"about":[{"href":"https:\/\/zenandart.pt\/es\/wp-json\/wp\/v2\/types\/page"}],"author":[{"embeddable":true,"href":"https:\/\/zenandart.pt\/es\/wp-json\/wp\/v2\/users\/1"}],"replies":[{"embeddable":true,"href":"https:\/\/zenandart.pt\/es\/wp-json\/wp\/v2\/comments?post=7270"}],"version-history":[{"count":4,"href":"https:\/\/zenandart.pt\/es\/wp-json\/wp\/v2\/pages\/7270\/revisions"}],"predecessor-version":[{"id":7274,"href":"https:\/\/zenandart.pt\/es\/wp-json\/wp\/v2\/pages\/7270\/revisions\/7274"}],"wp:attachment":[{"href":"https:\/\/zenandart.pt\/es\/wp-json\/wp\/v2\/media?parent=7270"}],"curies":[{"name":"wp","href":"https:\/\/api.w.org\/{rel}","templated":true}]}}