{"id":5237,"date":"2024-07-23T14:32:11","date_gmt":"2024-07-23T13:32:11","guid":{"rendered":"https:\/\/zenandart.pt\/?page_id=5237"},"modified":"2026-04-24T03:43:31","modified_gmt":"2026-04-24T02:43:31","slug":"servicios","status":"publish","type":"page","link":"https:\/\/zenandart.pt\/es\/servicios\/","title":{"rendered":"Servicios"},"content":{"rendered":"<div data-elementor-type=\"wp-page\" data-elementor-id=\"5237\" class=\"elementor elementor-5237\">\n\t\t\t\t\t\t<section class=\"elementor-section elementor-top-section elementor-element elementor-element-9dac10c elementor-section-stretched elementor-section-boxed elementor-section-height-default elementor-section-height-default\" data-id=\"9dac10c\" data-element_type=\"section\" data-settings='{\"stretch_section\":\"section-stretched\",\"background_background\":\"classic\"}'>\n\t\t\t\t\t\t<div class=\"elementor-container elementor-column-gap-no\">\n\t\t\t\t\t<div class=\"elementor-column elementor-col-100 elementor-top-column elementor-element elementor-element-1d97fb7\" data-id=\"1d97fb7\" data-element_type=\"column\" data-settings='{\"background_background\":\"classic\"}'>\n\t\t\t<div class=\"elementor-widget-wrap elementor-element-populated\">\n\t\t\t\t\t\t<section class=\"elementor-section elementor-inner-section elementor-element elementor-element-d96758a elementor-section-content-middle elementor-section-boxed elementor-section-height-default elementor-section-height-default\" data-id=\"d96758a\" data-element_type=\"section\">\n\t\t\t\t\t\t<div class=\"elementor-container elementor-column-gap-extended\">\n\t\t\t\t\t<div class=\"elementor-column elementor-col-50 elementor-inner-column elementor-element elementor-element-13fac7d elementor-invisible\" data-id=\"13fac7d\" data-element_type=\"column\" data-settings='{\"animation\":\"slide-up\"}'>\n\t\t\t<div class=\"elementor-widget-wrap elementor-element-populated\">\n\t\t\t\t\t\t<div class=\"elementor-element elementor-element-bfa9f2c elementor-widget elementor-widget-heading\" data-id=\"bfa9f2c\" data-element_type=\"widget\" data-widget_type=\"heading.default\">\n\t\t\t\t<div class=\"elementor-widget-container\">\n\t\t\t<h1 class=\"elementor-heading-title elementor-size-default\">SERVICIOS<\/h1>\t\t<\/div>\n\t\t\t\t<\/div>\n\t\t\t\t<div class=\"elementor-element elementor-element-c0b9624 elementor-widget elementor-widget-heading\" data-id=\"c0b9624\" data-element_type=\"widget\" data-widget_type=\"heading.default\">\n\t\t\t\t<div class=\"elementor-widget-container\">\n\t\t\t<h2 class=\"elementor-heading-title elementor-size-default\">DISPONIBLE<\/h2>\t\t<\/div>\n\t\t\t\t<\/div>\n\t\t\t\t\t<\/div>\n\t\t<\/div>\n\t\t\t\t<div class=\"elementor-column elementor-col-50 elementor-inner-column elementor-element elementor-element-99cf3f4\" data-id=\"99cf3f4\" data-element_type=\"column\">\n\t\t\t<div class=\"elementor-widget-wrap elementor-element-populated\">\n\t\t\t\t\t\t<div class=\"elementor-element elementor-element-b9d1619 elementor-invisible elementor-widget elementor-widget-text-editor\" data-id=\"b9d1619\" data-element_type=\"widget\" data-settings='{\"_animation\":\"slide-up\",\"_animation_delay\":150}' data-widget_type=\"text-editor.default\">\n\t\t\t\t<div class=\"elementor-widget-container\">\n\t\t\t\t\t\t\t<p>Ofrecemos una exclusiva selecci\u00f3n de servicios personalizados, cuidadosamente dise\u00f1ados para garantizar su comodidad, bienestar y satisfacci\u00f3n total.<\/p><p>Perm\u00edtase disfrutar del lujo y la meticulosa atenci\u00f3n al detalle que har\u00e1n de su estancia una experiencia verdaderamente inolvidable.<\/p>\t\t\t\t\t\t<\/div>\n\t\t\t\t<\/div>\n\t\t\t\t\t<\/div>\n\t\t<\/div>\n\t\t\t\t\t<\/div>\n\t\t<\/section>\n\t\t\t\t<section class=\"elementor-section elementor-inner-section elementor-element elementor-element-be7b76b elementor-section-boxed elementor-section-height-default elementor-section-height-default\" data-id=\"be7b76b\" data-element_type=\"section\">\n\t\t\t\t\t\t<div class=\"elementor-container elementor-column-gap-extended\">\n\t\t\t\t\t<div class=\"elementor-column elementor-col-100 elementor-inner-column elementor-element elementor-element-b8d5e1c\" data-id=\"b8d5e1c\" data-element_type=\"column\">\n\t\t\t<div class=\"elementor-widget-wrap elementor-element-populated\">\n\t\t\t\t\t\t<div class=\"elementor-element elementor-element-326cdf5 elementor-invisible elementor-widget elementor-widget-apus_element_features_box\" data-id=\"326cdf5\" data-element_type=\"widget\" data-settings='{\"_animation\":\"slide-up\",\"_animation_delay\":150}' data-widget_type=\"apus_element_features_box.default\">\n\t\t\t\t<div class=\"elementor-widget-container\">\n\t\t\t            <div class=\"widget-features-box\">\n                  \n                    <div class=\"row\">\n                                                    <div class=\"item col-xl-4 col-md-6 col-12\">\n                                <div class=\"item-inner-features style1\">\n                                    <div class=\"top-inner\">\n                                                                                <div class=\"features-box-image d-inline-flex align-items-center justify-content-center icon\"><i class=\"flaticon-hotel-bell\"><\/i><\/div><\/div><div class=\"features-box-content\"><h3 class=\"title\">SERVICIO DE BAR Y RESTAURANTE<\/h3><div class=\"description\">Servicio regular de bar. Servicio de catering previa reserva.<\/div><\/div>\n                                <\/div>\n                            <\/div>\n                                                    <div class=\"item col-xl-4 col-md-6 col-12\">\n                                <div class=\"item-inner-features style1\">\n                                    <div class=\"top-inner\">\n                                                                                <div class=\"features-box-image d-inline-flex align-items-center justify-content-center icon\"><i class=\"ti-user\"><\/i><\/div><\/div><div class=\"features-box-content\"><h3 class=\"title\">CLASES DE YOGA<\/h3><div class=\"description\">Relaje la mente y el cuerpo con nuestro servicio de clases de yoga, previa reserva.<\/div><\/div>\n                                <\/div>\n                            <\/div>\n                                                    <div class=\"item col-xl-4 col-md-6 col-12\">\n                                <div class=\"item-inner-features style1\">\n                                    <div class=\"top-inner\">\n                                                                                <div class=\"features-box-image d-inline-flex align-items-center justify-content-center icon\"><i class=\"ti-direction\"><\/i><\/div><\/div><div class=\"features-box-content\"><h3 class=\"title\">VISITA AL ESTUDIO DE LOS ARTISTAS<\/h3><div class=\"description\">Se pueden concertar visitas a los estudios de varios artistas locales.<\/div><\/div>\n                                <\/div>\n                            <\/div>\n                                                    <div class=\"item col-xl-4 col-md-6 col-12\">\n                                <div class=\"item-inner-features style1\">\n                                    <div class=\"top-inner\">\n                                                                                <div class=\"features-box-image d-inline-flex align-items-center justify-content-center icon\"><i class=\"ti-video-camera\"><\/i><\/div><\/div><div class=\"features-box-content\"><h3 class=\"title\">SEGURIDAD CON VIDEOVIGILANCIA<\/h3><div class=\"description\">Para su total seguridad, hemos implantado un sistema de videovigilancia. <\/div><\/div>\n                                <\/div>\n                            <\/div>\n                                                    <div class=\"item col-xl-4 col-md-6 col-12\">\n                                <div class=\"item-inner-features style1\">\n                                    <div class=\"top-inner\">\n                                                                                <div class=\"features-box-image d-inline-flex align-items-center justify-content-center icon\"><i class=\"ti-car\"><\/i><\/div><\/div><div class=\"features-box-content\"><h3 class=\"title\">APARCAMIENTO PRIVADO<\/h3><div class=\"description\">Aparque c\u00f3modamente en nuestro aparcamiento privado. Gratuito.<\/div><\/div>\n                                <\/div>\n                            <\/div>\n                                                    <div class=\"item col-xl-4 col-md-6 col-12\">\n                                <div class=\"item-inner-features style1\">\n                                    <div class=\"top-inner\">\n                                                                                <div class=\"features-box-image d-inline-flex align-items-center justify-content-center icon\"><i class=\"ti-world\"><\/i><\/div><\/div><div class=\"features-box-content\"><h3 class=\"title\">INTERNET WI-FI<\/h3><div class=\"description\">Disponemos de un servicio de Internet WI-FI de alta velocidad. Gratuito.<\/div><\/div>\n                                <\/div>\n                            <\/div>\n                                                    <div class=\"item col-xl-4 col-md-6 col-12\">\n                                <div class=\"item-inner-features style1\">\n                                    <div class=\"top-inner\">\n                                                                                <div class=\"features-box-image d-inline-flex align-items-center justify-content-center icon\"><i class=\"ti-key\"><\/i><\/div><\/div><div class=\"features-box-content\"><h3 class=\"title\">COFRE<\/h3><div class=\"description\">Para la seguridad de sus pertenencias. Equipamiento disponible previa solicitud. Gratuito.<\/div><\/div>\n                                <\/div>\n                            <\/div>\n                                                    <div class=\"item col-xl-4 col-md-6 col-12\">\n                                <div class=\"item-inner-features style1\">\n                                    <div class=\"top-inner\">\n                                                                                <div class=\"features-box-image d-inline-flex align-items-center justify-content-center icon\"><i class=\"ti-plug\"><\/i><\/div><\/div><div class=\"features-box-content\"><h3 class=\"title\">SECADOR DE PELO<\/h3><div class=\"description\">Para su comodidad. Equipamiento disponible previa petici\u00f3n. Gratuito.<\/div><\/div>\n                                <\/div>\n                            <\/div>\n                                                    <div class=\"item col-xl-4 col-md-6 col-12\">\n                                <div class=\"item-inner-features style1\">\n                                    <div class=\"top-inner\">\n                                                                                <div class=\"features-box-image d-inline-flex align-items-center justify-content-center icon\"><i class=\"ti-timer\"><\/i><\/div><\/div><div class=\"features-box-content\"><h3 class=\"title\">TIEMPO<\/h3><div class=\"description\">Todos los servicios est\u00e1n disponibles todos los d\u00edas de 9.00 a 19.00 horas.<\/div><\/div>\n                                <\/div>\n                            <\/div>\n                                                    <div class=\"item col-xl-4 col-md-6 col-12\">\n                                <div class=\"item-inner-features style1\">\n                                    <div class=\"top-inner\">\n                                                                                <div class=\"features-box-image d-inline-flex align-items-center justify-content-center icon\"><i class=\"ti-bell\"><\/i><\/div><\/div><div class=\"features-box-content\"><h3 class=\"title\">cenas personalizadas<\/h3><div class=\"description\">En el comedor o en otras partes de la propiedad, previa reserva.<\/div><\/div>\n                                <\/div>\n                            <\/div>\n                                                    <div class=\"item col-xl-4 col-md-6 col-12\">\n                                <div class=\"item-inner-features style1\">\n                                    <div class=\"top-inner\">\n                                                                                <div class=\"features-box-image d-inline-flex align-items-center justify-content-center icon\"><i class=\"ti-hand-drag\"><\/i><\/div><\/div><div class=\"features-box-content\"><h3 class=\"title\">masajes<\/h3><div class=\"description\">En la habitaci\u00f3n, en el jard\u00edn exterior o en el ca\u00f1averal, previa reserva.<\/div><\/div>\n                                <\/div>\n                            <\/div>\n                                                    <div class=\"item col-xl-4 col-md-6 col-12\">\n                                <div class=\"item-inner-features style1\">\n                                    <div class=\"top-inner\">\n                                                                                <div class=\"features-box-image d-inline-flex align-items-center justify-content-center icon\"><i class=\"flaticon-bike\"><\/i><\/div><\/div><div class=\"features-box-content\"><h3 class=\"title\">bicicleta<\/h3><div class=\"description\">Para aventurarse. Equipamiento disponible previa reserva.<\/div><\/div>\n                                <\/div>\n                            <\/div>\n                                            <\/div>\n                            <\/div>\n            \t\t<\/div>\n\t\t\t\t<\/div>\n\t\t\t\t<div class=\"elementor-element elementor-element-a356c26 elementor-widget elementor-widget-text-editor\" data-id=\"a356c26\" data-element_type=\"widget\" data-widget_type=\"text-editor.default\">\n\t\t\t\t<div class=\"elementor-widget-container\">\n\t\t\t\t\t\t\t<p>* Los servicios disponibles mediante reserva deben solicitarse con 48 horas de antelaci\u00f3n.<\/p>\t\t\t\t\t\t<\/div>\n\t\t\t\t<\/div>\n\t\t\t\t\t<\/div>\n\t\t<\/div>\n\t\t\t\t\t<\/div>\n\t\t<\/section>\n\t\t\t\t\t<\/div>\n\t\t<\/div>\n\t\t\t\t\t<\/div>\n\t\t<\/section>\n\t\t\t\t<\/div>","protected":false},"excerpt":{"rendered":"<p>SERVI\u00c7OS DISPON\u00cdVEIS Oferecemos uma sele\u00e7\u00e3o exclusiva de servi\u00e7os personalizados, cuidadosamente pensados para assegurar o seu conforto, bem-estar e total satisfa\u00e7\u00e3o. Permita-se desfrutar do luxo e da aten\u00e7\u00e3o meticulosa aos detalhes, que tornar\u00e3o a sua estadia uma experi\u00eancia verdadeiramente inesquec\u00edvel. SERVI\u00c7O DE BAR &amp; RESTAURANTE Servi\u00e7o de bar regular. Servi\u00e7o de restaura\u00e7\u00e3o, mediante reserva. AULAS DE [&hellip;]<\/p>\n","protected":false},"author":1,"featured_media":0,"parent":0,"menu_order":0,"comment_status":"closed","ping_status":"closed","template":"","meta":{"inline_featured_image":false,"footnotes":""},"class_list":["post-5237","page","type-page","status-publish","hentry"],"_links":{"self":[{"href":"https:\/\/zenandart.pt\/es\/wp-json\/wp\/v2\/pages\/5237","targetHints":{"allow":["GET"]}}],"collection":[{"href":"https:\/\/zenandart.pt\/es\/wp-json\/wp\/v2\/pages"}],"about":[{"href":"https:\/\/zenandart.pt\/es\/wp-json\/wp\/v2\/types\/page"}],"author":[{"embeddable":true,"href":"https:\/\/zenandart.pt\/es\/wp-json\/wp\/v2\/users\/1"}],"replies":[{"embeddable":true,"href":"https:\/\/zenandart.pt\/es\/wp-json\/wp\/v2\/comments?post=5237"}],"version-history":[{"count":11,"href":"https:\/\/zenandart.pt\/es\/wp-json\/wp\/v2\/pages\/5237\/revisions"}],"predecessor-version":[{"id":13354,"href":"https:\/\/zenandart.pt\/es\/wp-json\/wp\/v2\/pages\/5237\/revisions\/13354"}],"wp:attachment":[{"href":"https:\/\/zenandart.pt\/es\/wp-json\/wp\/v2\/media?parent=5237"}],"curies":[{"name":"wp","href":"https:\/\/api.w.org\/{rel}","templated":true}]}}