{"id":13850,"date":"2026-05-04T04:06:05","date_gmt":"2026-05-04T03:06:05","guid":{"rendered":"https:\/\/zenandart.pt\/?page_id=13850"},"modified":"2026-05-09T22:25:31","modified_gmt":"2026-05-09T21:25:31","slug":"servicios","status":"publish","type":"page","link":"https:\/\/zenandart.pt\/es\/servicos\/","title":{"rendered":"Servicios"},"content":{"rendered":"<div data-elementor-type=\"wp-page\" data-elementor-id=\"13850\" class=\"elementor elementor-13850\">\n\t\t\t\t\t\t<section class=\"elementor-section elementor-top-section elementor-element elementor-element-365a969 elementor-section-stretched elementor-section-boxed elementor-section-height-default elementor-section-height-default\" data-id=\"365a969\" data-element_type=\"section\" data-settings='{\"stretch_section\":\"section-stretched\",\"background_background\":\"classic\"}'>\n\t\t\t\t\t\t<div class=\"elementor-container elementor-column-gap-no\">\n\t\t\t\t\t<div class=\"elementor-column elementor-col-100 elementor-top-column elementor-element elementor-element-df22837\" data-id=\"df22837\" data-element_type=\"column\" data-settings='{\"background_background\":\"classic\"}'>\n\t\t\t<div class=\"elementor-widget-wrap elementor-element-populated\">\n\t\t\t\t\t\t<section class=\"elementor-section elementor-inner-section elementor-element elementor-element-38b02b5 elementor-section-content-middle elementor-section-boxed elementor-section-height-default elementor-section-height-default\" data-id=\"38b02b5\" data-element_type=\"section\">\n\t\t\t\t\t\t<div class=\"elementor-container elementor-column-gap-extended\">\n\t\t\t\t\t<div class=\"elementor-column elementor-col-50 elementor-inner-column elementor-element elementor-element-5d266a1 elementor-invisible\" data-id=\"5d266a1\" data-element_type=\"column\" data-settings='{\"animation\":\"slide-up\"}'>\n\t\t\t<div class=\"elementor-widget-wrap elementor-element-populated\">\n\t\t\t\t\t\t<div class=\"elementor-element elementor-element-3aea025 elementor-widget elementor-widget-heading\" data-id=\"3aea025\" data-element_type=\"widget\" data-widget_type=\"heading.default\">\n\t\t\t\t<div class=\"elementor-widget-container\">\n\t\t\t<h1 class=\"elementor-heading-title elementor-size-default\">EXPERIENCIAS<\/h1>\t\t<\/div>\n\t\t\t\t<\/div>\n\t\t\t\t<div class=\"elementor-element elementor-element-a9735f7 elementor-widget elementor-widget-heading\" data-id=\"a9735f7\" data-element_type=\"widget\" data-widget_type=\"heading.default\">\n\t\t\t\t<div class=\"elementor-widget-container\">\n\t\t\t<h2 class=\"elementor-heading-title elementor-size-default\">EN EL ESPACIO<\/h2>\t\t<\/div>\n\t\t\t\t<\/div>\n\t\t\t\t\t<\/div>\n\t\t<\/div>\n\t\t\t\t<div class=\"elementor-column elementor-col-50 elementor-inner-column elementor-element elementor-element-46080ba\" data-id=\"46080ba\" data-element_type=\"column\">\n\t\t\t<div class=\"elementor-widget-wrap elementor-element-populated\">\n\t\t\t\t\t\t<div class=\"elementor-element elementor-element-b4c302c elementor-invisible elementor-widget elementor-widget-text-editor\" data-id=\"b4c302c\" data-element_type=\"widget\" data-settings='{\"_animation\":\"slide-up\",\"_animation_delay\":150}' data-widget_type=\"text-editor.default\">\n\t\t\t\t<div class=\"elementor-widget-container\">\n\t\t\t\t\t\t\t<p>M\u00e1s que una estancia, Zen &amp; Art ofrece momentos \u00fanicos para que cada visita sea a\u00fan m\u00e1s especial. Cada estancia puede adaptarse a su ritmo y preferencias.<\/p><p>Ofrecemos una gama de experiencias dise\u00f1adas para complementar el ambiente del espacio, desde momentos de relajaci\u00f3n hasta ocasiones especiales.<\/p>\t\t\t\t\t\t<\/div>\n\t\t\t\t<\/div>\n\t\t\t\t\t<\/div>\n\t\t<\/div>\n\t\t\t\t\t<\/div>\n\t\t<\/section>\n\t\t\t\t<section class=\"elementor-section elementor-inner-section elementor-element elementor-element-9bd3a0b elementor-section-boxed elementor-section-height-default elementor-section-height-default\" data-id=\"9bd3a0b\" data-element_type=\"section\">\n\t\t\t\t\t\t<div class=\"elementor-container elementor-column-gap-extended\">\n\t\t\t\t\t<div class=\"elementor-column elementor-col-100 elementor-inner-column elementor-element elementor-element-8941253\" data-id=\"8941253\" data-element_type=\"column\">\n\t\t\t<div class=\"elementor-widget-wrap elementor-element-populated\">\n\t\t\t\t\t\t<div class=\"elementor-element elementor-element-1f198f9 elementor-invisible elementor-widget elementor-widget-apus_element_features_box\" data-id=\"1f198f9\" data-element_type=\"widget\" data-settings='{\"_animation\":\"slide-up\",\"_animation_delay\":150}' data-widget_type=\"apus_element_features_box.default\">\n\t\t\t\t<div class=\"elementor-widget-container\">\n\t\t\t            <div class=\"widget-features-box\">\n                  \n                    <div class=\"row\">\n                                                    <div class=\"item col-xl-4 col-md-6 col-12\">\n                                <div class=\"item-inner-features style2\">\n                                    <div class=\"top-inner\">\n                                                                                <div class=\"features-box-image d-inline-flex align-items-center justify-content-center icon\"><i class=\"flaticon-hotel-bell\"><\/i><\/div><\/div><div class=\"features-box-content\"><h3 class=\"title\">SERVICIO DE BAR Y RESTAURANTE<\/h3><div class=\"description\">Servicio regular de bar. Servicio de catering previa reserva.<\/div><\/div>\n                                <\/div>\n                            <\/div>\n                                                    <div class=\"item col-xl-4 col-md-6 col-12\">\n                                <div class=\"item-inner-features style2\">\n                                    <div class=\"top-inner\">\n                                                                                <div class=\"features-box-image d-inline-flex align-items-center justify-content-center icon\"><i class=\"ti-user\"><\/i><\/div><\/div><div class=\"features-box-content\"><h3 class=\"title\">CLASES DE YOGA<\/h3><div class=\"description\">Relaje la mente y el cuerpo con nuestro servicio de clases de yoga, previa reserva.<\/div><\/div>\n                                <\/div>\n                            <\/div>\n                                                    <div class=\"item col-xl-4 col-md-6 col-12\">\n                                <div class=\"item-inner-features style2\">\n                                    <div class=\"top-inner\">\n                                                                                <div class=\"features-box-image d-inline-flex align-items-center justify-content-center icon\"><i class=\"ti-car\"><\/i><\/div><\/div><div class=\"features-box-content\"><h3 class=\"title\">APARCAMIENTO PRIVADO<\/h3><div class=\"description\">Aparque c\u00f3modamente en nuestro aparcamiento privado. Gratuito.<\/div><\/div>\n                                <\/div>\n                            <\/div>\n                                                    <div class=\"item col-xl-4 col-md-6 col-12\">\n                                <div class=\"item-inner-features style2\">\n                                    <div class=\"top-inner\">\n                                                                                <div class=\"features-box-image d-inline-flex align-items-center justify-content-center icon\"><i class=\"fa fa-wifi\"><\/i><\/div><\/div><div class=\"features-box-content\"><h3 class=\"title\">WI-FI GRATUITO<\/h3><div class=\"description\">Disponemos de un servicio de Internet WI-FI de alta velocidad.<\/div><\/div>\n                                <\/div>\n                            <\/div>\n                                                    <div class=\"item col-xl-4 col-md-6 col-12\">\n                                <div class=\"item-inner-features style2\">\n                                    <div class=\"top-inner\">\n                                                                                <div class=\"features-box-image d-inline-flex align-items-center justify-content-center icon\"><i class=\"ti-hand-drag\"><\/i><\/div><\/div><div class=\"features-box-content\"><h3 class=\"title\">Servicio de masajes<\/h3><div class=\"description\">En la habitaci\u00f3n, en el jard\u00edn exterior o en el ca\u00f1averal, previa reserva.<\/div><\/div>\n                                <\/div>\n                            <\/div>\n                                                    <div class=\"item col-xl-4 col-md-6 col-12\">\n                                <div class=\"item-inner-features style2\">\n                                    <div class=\"top-inner\">\n                                                                                <div class=\"features-box-image d-inline-flex align-items-center justify-content-center icon\"><i class=\"flaticon-bike\"><\/i><\/div><\/div><div class=\"features-box-content\"><h3 class=\"title\">Bicicletas disponibles<\/h3><div class=\"description\">Para aventurarse. Equipamiento disponible previa reserva.<\/div><\/div>\n                                <\/div>\n                            <\/div>\n                                            <\/div>\n                            <\/div>\n            \t\t<\/div>\n\t\t\t\t<\/div>\n\t\t\t\t<div class=\"elementor-element elementor-element-8835b61 elementor-widget elementor-widget-text-editor\" data-id=\"8835b61\" data-element_type=\"widget\" data-widget_type=\"text-editor.default\">\n\t\t\t\t<div class=\"elementor-widget-container\">\n\t\t\t\t\t\t\t<p><em>* Servicios disponibles bajo reserva, deben solicitarse con 48 horas de antelaci\u00f3n.<\/em><\/p>\t\t\t\t\t\t<\/div>\n\t\t\t\t<\/div>\n\t\t\t\t\t<\/div>\n\t\t<\/div>\n\t\t\t\t\t<\/div>\n\t\t<\/section>\n\t\t\t\t\t<\/div>\n\t\t<\/div>\n\t\t\t\t\t<\/div>\n\t\t<\/section>\n\t\t\t\t<section class=\"elementor-section elementor-top-section elementor-element elementor-element-7c5af81 elementor-section-full_width elementor-section-height-default elementor-section-height-default\" data-id=\"7c5af81\" data-element_type=\"section\" data-settings='{\"background_background\":\"classic\"}'>\n\t\t\t\t\t\t<div class=\"elementor-container elementor-column-gap-no\">\n\t\t\t\t\t<div class=\"elementor-column elementor-col-100 elementor-top-column elementor-element elementor-element-0bcaf17\" data-id=\"0bcaf17\" data-element_type=\"column\" data-settings='{\"background_background\":\"classic\"}'>\n\t\t\t<div class=\"elementor-widget-wrap elementor-element-populated\">\n\t\t\t\t\t\t<section class=\"elementor-section elementor-inner-section elementor-element elementor-element-5ee37e3 elementor-section-boxed elementor-section-height-default elementor-section-height-default\" data-id=\"5ee37e3\" data-element_type=\"section\">\n\t\t\t\t\t\t<div class=\"elementor-container elementor-column-gap-extended\">\n\t\t\t\t\t<div class=\"elementor-column elementor-col-100 elementor-inner-column elementor-element elementor-element-76fa733\" data-id=\"76fa733\" data-element_type=\"column\">\n\t\t\t<div class=\"elementor-widget-wrap elementor-element-populated\">\n\t\t\t\t<div class=\"elementor-element elementor-element-bbb8b58 e-con-full e-flex e-con e-parent\" data-id=\"bbb8b58\" data-element_type=\"container\" data-settings='{\"background_background\":\"classic\"}'>\n\t\t\t\t<div class=\"elementor-element elementor-element-b1c31c9 elementor-widget elementor-widget-heading\" data-id=\"b1c31c9\" data-element_type=\"widget\" data-widget_type=\"heading.default\">\n\t\t\t\t<div class=\"elementor-widget-container\">\n\t\t\t<h3 class=\"elementor-heading-title elementor-size-default\">MOMENTOS <span style=\"color:#c19f7a\">ESPECIAL<\/span><\/h3>\t\t<\/div>\n\t\t\t\t<\/div>\n\t\t\t\t<div class=\"elementor-element elementor-element-622ab87 elementor-widget elementor-widget-apus_element_features_box\" data-id=\"622ab87\" data-element_type=\"widget\" data-widget_type=\"apus_element_features_box.default\">\n\t\t\t\t<div class=\"elementor-widget-container\">\n\t\t\t            <div class=\"widget-features-box  center\">\n                                    <div class=\"slick-carousel hidden-dots\" data-items=\"4\" data-large=\"2\" data-medium=\"2\" data-small=\"1\" data-smallest=\"1\" data-slidestoscroll=\"4\" data-slidestoscroll_large=\"4\" data-slidestoscroll_medium=\"4\" data-slidestoscroll_small=\"1\" data-slidestoscroll_smallest=\"1\" data-pagination=\"true\" data-nav=\"false\">\n                                                    <div class=\"item\">\n                                <div class=\"item-inner-features style2\">\n                                    <div class=\"top-inner\">\n                                                                                <div class=\"features-box-image d-inline-flex align-items-center justify-content-center img\"><img fetchpriority=\"high\" decoding=\"async\" width=\"720\" height=\"540\" src=\"https:\/\/zenandart.pt\/wp-content\/uploads\/jantares-privados.jpg\" class=\"attachment-full size-full wp-image-13895\" alt=\"cenas privadas\" srcset=\"https:\/\/zenandart.pt\/wp-content\/uploads\/jantares-privados.jpg 720w, https:\/\/zenandart.pt\/wp-content\/uploads\/jantares-privados-300x225.jpg 300w, https:\/\/zenandart.pt\/wp-content\/uploads\/jantares-privados-16x12.jpg 16w\" sizes=\"(max-width: 720px) 100vw, 720px\" title=\"\"><\/div><\/div><div class=\"features-box-content\"><h3 class=\"title\">Cenas privadas<\/h3><div class=\"description\">Un entorno exclusivo para disfrutar de momentos especiales en total intimidad.<\/div><\/div>\n                                <\/div>\n                            <\/div>\n                                                    <div class=\"item\">\n                                <div class=\"item-inner-features style2\">\n                                    <div class=\"top-inner\">\n                                                                                <div class=\"features-box-image d-inline-flex align-items-center justify-content-center img\"><img decoding=\"async\" width=\"720\" height=\"540\" src=\"https:\/\/zenandart.pt\/wp-content\/uploads\/aniversarios.jpg\" class=\"attachment-full size-full wp-image-13894\" alt=\"cumplea\u00f1os\" srcset=\"https:\/\/zenandart.pt\/wp-content\/uploads\/aniversarios.jpg 720w, https:\/\/zenandart.pt\/wp-content\/uploads\/aniversarios-300x225.jpg 300w, https:\/\/zenandart.pt\/wp-content\/uploads\/aniversarios-16x12.jpg 16w\" sizes=\"(max-width: 720px) 100vw, 720px\" title=\"\"><\/div><\/div><div class=\"features-box-content\"><h3 class=\"title\">Cumplea\u00f1os<\/h3><div class=\"description\">Celebre ocasiones importantes en un espacio \u00fanico y memorable.<\/div><\/div>\n                                <\/div>\n                            <\/div>\n                                                    <div class=\"item\">\n                                <div class=\"item-inner-features style2\">\n                                    <div class=\"top-inner\">\n                                                                                <div class=\"features-box-image d-inline-flex align-items-center justify-content-center img\"><img decoding=\"async\" width=\"720\" height=\"540\" src=\"https:\/\/zenandart.pt\/wp-content\/uploads\/lua-de-mel.jpg\" class=\"attachment-full size-full wp-image-13896\" alt=\"luna de miel\" srcset=\"https:\/\/zenandart.pt\/wp-content\/uploads\/lua-de-mel.jpg 720w, https:\/\/zenandart.pt\/wp-content\/uploads\/lua-de-mel-300x225.jpg 300w, https:\/\/zenandart.pt\/wp-content\/uploads\/lua-de-mel-16x12.jpg 16w\" sizes=\"(max-width: 720px) 100vw, 720px\" title=\"\"><\/div><\/div><div class=\"features-box-content\"><h3 class=\"title\">Luna de miel<\/h3><div class=\"description\">Un marco ideal para momentos en pareja, con un ambiente envolvente y especial.<\/div><\/div>\n                                <\/div>\n                            <\/div>\n                                                    <div class=\"item\">\n                                <div class=\"item-inner-features style2\">\n                                    <div class=\"top-inner\">\n                                                                                <div class=\"features-box-image d-inline-flex align-items-center justify-content-center img\"><img loading=\"lazy\" decoding=\"async\" width=\"720\" height=\"540\" src=\"https:\/\/zenandart.pt\/wp-content\/uploads\/sessoes-fotograficas.jpg\" class=\"attachment-full size-full wp-image-13897\" alt=\"sesiones fotogr\u00e1ficas\" srcset=\"https:\/\/zenandart.pt\/wp-content\/uploads\/sessoes-fotograficas.jpg 720w, https:\/\/zenandart.pt\/wp-content\/uploads\/sessoes-fotograficas-300x225.jpg 300w, https:\/\/zenandart.pt\/wp-content\/uploads\/sessoes-fotograficas-16x12.jpg 16w\" sizes=\"(max-width: 720px) 100vw, 720px\" title=\"\"><\/div><\/div><div class=\"features-box-content\"><h3 class=\"title\">Sesiones fotogr\u00e1ficas<\/h3><div class=\"description\">Un espacio \u00fanico lleno de identidad, perfecto para eventos especiales.<\/div><\/div>\n                                <\/div>\n                            <\/div>\n                                            <\/div>\n                            <\/div>\n            \t\t<\/div>\n\t\t\t\t<\/div>\n\t\t\t\t<\/div>\n\t\t\t\t<div class=\"elementor-element elementor-element-77d1b29 elementor-widget elementor-widget-spacer\" data-id=\"77d1b29\" data-element_type=\"widget\" data-widget_type=\"spacer.default\">\n\t\t\t\t<div class=\"elementor-widget-container\">\n\t\t\t\t\t<div class=\"elementor-spacer\">\n\t\t\t<div class=\"elementor-spacer-inner\"><\/div>\n\t\t<\/div>\n\t\t\t\t<\/div>\n\t\t\t\t<\/div>\n\t\t\t\t\t<\/div>\n\t\t<\/div>\n\t\t\t\t\t<\/div>\n\t\t<\/section>\n\t\t\t\t\t<\/div>\n\t\t<\/div>\n\t\t\t\t\t<\/div>\n\t\t<\/section>\n\t\t\t\t<section class=\"elementor-section elementor-top-section elementor-element elementor-element-f942c6c elementor-section-content-middle elementor-section-full_width elementor-section-stretched elementor-section-height-default elementor-section-height-default\" data-id=\"f942c6c\" data-element_type=\"section\" data-settings='{\"background_background\":\"classic\",\"stretch_section\":\"section-stretched\"}'>\n\t\t\t\t\t\t<div class=\"elementor-container elementor-column-gap-extended\">\n\t\t\t\t\t<div class=\"elementor-column elementor-col-100 elementor-top-column elementor-element elementor-element-580bfd2\" data-id=\"580bfd2\" data-element_type=\"column\">\n\t\t\t<div class=\"elementor-widget-wrap elementor-element-populated\">\n\t\t\t\t<div class=\"elementor-element elementor-element-397b1da e-con-full e-flex e-con e-parent\" data-id=\"397b1da\" data-element_type=\"container\">\n\t\t\t\t<div class=\"elementor-element elementor-element-39a5fca elementor-widget elementor-widget-heading\" data-id=\"39a5fca\" data-element_type=\"widget\" data-widget_type=\"heading.default\">\n\t\t\t\t<div class=\"elementor-widget-container\">\n\t\t\t<h3 class=\"elementor-heading-title elementor-size-default\">\u00bfPreparado para bajar el ritmo?<\/h3>\t\t<\/div>\n\t\t\t\t<\/div>\n\t\t\t\t<div class=\"elementor-element elementor-element-19e4583 elementor-align-center elementor-widget elementor-widget-button\" data-id=\"19e4583\" data-element_type=\"widget\" data-widget_type=\"button.default\">\n\t\t\t\t<div class=\"elementor-widget-container\">\n\t\t\t\t\t\t\t<div class=\"elementor-button-wrapper\">\n\t\t\t\t\t<a class=\"elementor-button elementor-button-link elementor-size-sm\" href=\"https:\/\/booking.roomraccoon.pt\/zen-and-art\/en\/\" rel=\"noopener\" data-umami-event=\"link:Reservar Estadia\" data-umami-event-url=\"https:\/\/booking.roomraccoon.pt\/zen-and-art\/\">\n\t\t\t\t\t\t<span class=\"elementor-button-content-wrapper\">\n\t\t\t\t\t\t\t\t\t<span class=\"elementor-button-text\">Reserve su estancia<\/span>\n\t\t\t\t\t<\/span>\n\t\t\t\t\t<\/a>\n\t\t\t\t<\/div>\n\t\t\t\t\t\t<\/div>\n\t\t\t\t<\/div>\n\t\t\t\t<\/div>\n\t\t\t\t\t<\/div>\n\t\t<\/div>\n\t\t\t\t\t<\/div>\n\t\t<\/section>\n\t\t\t\t<\/div>","protected":false},"excerpt":{"rendered":"<p>EXPERI\u00caNCIAS NO ESPA\u00c7O Mais do que uma estadia, o Zen &amp; Art oferece momentos \u00fanicos para tornar cada visita ainda mais especial. Cada estadia pode ser adaptada ao seu ritmo e \u00e0s suas prefer\u00eancias. Disponibilizamos um conjunto de experi\u00eancias pensadas para complementar o ambiente do espa\u00e7o, desde momentos de relaxamento a ocasi\u00f5es especiais. SERVI\u00c7O DE [&hellip;]<\/p>\n","protected":false},"author":1,"featured_media":0,"parent":0,"menu_order":0,"comment_status":"closed","ping_status":"closed","template":"","meta":{"rs_blank_template":"","rs_page_bg_color":"","slide_template_v7":"","inline_featured_image":false,"footnotes":""},"class_list":["post-13850","page","type-page","status-publish","hentry"],"_links":{"self":[{"href":"https:\/\/zenandart.pt\/es\/wp-json\/wp\/v2\/pages\/13850","targetHints":{"allow":["GET"]}}],"collection":[{"href":"https:\/\/zenandart.pt\/es\/wp-json\/wp\/v2\/pages"}],"about":[{"href":"https:\/\/zenandart.pt\/es\/wp-json\/wp\/v2\/types\/page"}],"author":[{"embeddable":true,"href":"https:\/\/zenandart.pt\/es\/wp-json\/wp\/v2\/users\/1"}],"replies":[{"embeddable":true,"href":"https:\/\/zenandart.pt\/es\/wp-json\/wp\/v2\/comments?post=13850"}],"version-history":[{"count":10,"href":"https:\/\/zenandart.pt\/es\/wp-json\/wp\/v2\/pages\/13850\/revisions"}],"predecessor-version":[{"id":14426,"href":"https:\/\/zenandart.pt\/es\/wp-json\/wp\/v2\/pages\/13850\/revisions\/14426"}],"wp:attachment":[{"href":"https:\/\/zenandart.pt\/es\/wp-json\/wp\/v2\/media?parent=13850"}],"curies":[{"name":"wp","href":"https:\/\/api.w.org\/{rel}","templated":true}]}}