{"id":7270,"date":"2024-11-18T01:29:10","date_gmt":"2024-11-18T01:29:10","guid":{"rendered":"https:\/\/zenandart.pt\/?page_id=7270"},"modified":"2026-05-03T23:55:47","modified_gmt":"2026-05-03T22:55:47","slug":"datenschutzbestimmungen","status":"publish","type":"page","link":"https:\/\/zenandart.pt\/de\/politica-de-privacidade\/","title":{"rendered":"Datenschutzbestimmungen"},"content":{"rendered":"<div data-elementor-type=\"wp-page\" data-elementor-id=\"7270\" class=\"elementor elementor-7270\">\n\t\t\t\t\t\t<section class=\"elementor-section elementor-top-section elementor-element elementor-element-704033e elementor-section-stretched elementor-section-boxed elementor-section-height-default elementor-section-height-default\" data-id=\"704033e\" data-element_type=\"section\" data-settings='{\"stretch_section\":\"section-stretched\"}'>\n\t\t\t\t\t\t<div class=\"elementor-container elementor-column-gap-extended\">\n\t\t\t\t\t<div class=\"elementor-column elementor-col-100 elementor-top-column elementor-element elementor-element-8cdee66\" data-id=\"8cdee66\" data-element_type=\"column\">\n\t\t\t<div class=\"elementor-widget-wrap elementor-element-populated\">\n\t\t\t\t\t\t<div class=\"elementor-element elementor-element-c79f466 elementor-invisible elementor-widget elementor-widget-text-editor\" data-id=\"c79f466\" data-element_type=\"widget\" data-settings='{\"_animation\":\"slide-up\"}' data-widget_type=\"text-editor.default\">\n\t\t\t\t<div class=\"elementor-widget-container\">\n\t\t\t\t\t\t\t<p><strong>Datenschutzbestimmungen<\/strong><\/p>\n<p>Letzte Aktualisierung: 17. November 2024<\/p>\n<p>A <strong>Zen und Kunst<\/strong> (erreichbar unter <a href=\"https:\/\/zenandart.pt\/de\/\" target=\"_new\" rel=\"noopener\" data-umami-event=\"link:https:\/\/zenandart.pt\" data-umami-event-url=\"https:\/\/zenandart.pt\">https:\/\/zenandart.pt<\/a>) sch\u00e4tzt die Privatsph\u00e4re seiner Nutzer und verpflichtet sich, die uns zur Verf\u00fcgung gestellten pers\u00f6nlichen Daten zu sch\u00fctzen. In dieser Datenschutzerkl\u00e4rung wird erl\u00e4utert, wie wir Ihre Daten erfassen, verwenden, weitergeben und sch\u00fctzen.<\/p>\n<h3>1. <strong>Gesammelte Informationen<\/strong><\/h3>\n<p>Wir sammeln die folgenden personenbezogenen Daten von Nutzern:<\/p>\n<ul>\n<li><strong>Pers\u00f6nliche Daten<\/strong>Name, E-Mail-Adresse, Anschrift und Telefonnummer.<\/li>\n<li><strong>Navigationsdaten<\/strong>Informationen \u00fcber das Ger\u00e4t, die IP-Adresse, den Browsertyp, die besuchten Seiten und die Dauer des Aufenthalts.<\/li>\n<li><strong>Cookies<\/strong>Wir verwenden Sitzungs-Cookies, Analyse-Cookies und Marketing-Cookies, um die Benutzerfreundlichkeit zu verbessern und statistische Daten \u00fcber die Nutzung der Website zu sammeln.<\/li>\n<\/ul>\n<h3>2. <strong>Zwecke der Datenerhebung<\/strong><\/h3>\n<p>Die erhobenen Daten werden f\u00fcr folgende Zwecke verwendet:<\/p>\n<ul>\n<li><strong>Buchungsmanagement<\/strong>Bearbeitung und Verwaltung von Buchungen, die von Nutzern \u00fcber unsere Website vorgenommen werden.<\/li>\n<li><strong>Marketing<\/strong>Versand von Werbemitteilungen und Newslettern an Nutzer, die dem Erhalt dieser Art von Kommunikation zustimmen.<\/li>\n<li><strong>Analysen und Verbesserungen<\/strong>Verwendung von Analysetools (z. B. Google Analytics) zur Bewertung der Leistung der Website und zur Verbesserung der Nutzererfahrung.<\/li>\n<\/ul>\n<h3>3. <strong>Weitergabe von Informationen an Dritte<\/strong><\/h3>\n<p>Wir verkaufen, vermieten oder geben Ihre pers\u00f6nlichen Daten nicht an Dritte weiter, es sei denn, dies ist zur Erf\u00fcllung gesetzlicher Verpflichtungen oder bei der Inanspruchnahme von Dienstleistern erforderlich. Daten k\u00f6nnen weitergegeben werden an:<\/p>\n<ul>\n<li><strong>Google Analytics<\/strong>Zur Analyse des Datenverkehrs und des Nutzerverhaltens auf der Website.<\/li>\n<li><strong>RoomRaccoon<\/strong>F\u00fcr die Verwaltung von Reservierungen und damit verbundenen Vorg\u00e4ngen.<\/li>\n<\/ul>\n<p>Die von diesen Plattformen gesammelten Daten werden in \u00dcbereinstimmung mit ihren eigenen Datenschutzrichtlinien verarbeitet.<\/p>\n<h3>4. <strong>Cookies und Tracking-Technologien<\/strong><\/h3>\n<p>Wir verwenden Cookies, um das Surferlebnis auf unserer Website zu verbessern. Cookies sind kleine Dateien, die auf dem Ger\u00e4t des Nutzers gespeichert werden und dabei helfen, den Datenverkehr zu analysieren und Inhalte zu personalisieren. Die Arten von Cookies, die wir verwenden, sind:<\/p>\n<ul>\n<li><strong>Sitzungs-Cookies<\/strong>Speichert Ihre Browsing-Informationen w\u00e4hrend Ihres Besuchs auf der Website.<\/li>\n<li><strong>Analyse Cookies<\/strong>Zur Erhebung statistischer Daten \u00fcber die Nutzung der Website (z. B. \u00fcber Google Analytics).<\/li>\n<li><strong>Marketing-Cookies<\/strong>Wird verwendet, um den Nutzern relevante Werbung anzuzeigen.<\/li>\n<\/ul>\n<p>Sie k\u00f6nnen Cookies in den Einstellungen Ihres Browsers kontrollieren und\/oder l\u00f6schen. Bitte beachten Sie, dass die Deaktivierung von Cookies die Funktionalit\u00e4t der Website beeintr\u00e4chtigen kann.<\/p>\n<h3>5. <strong>Datensicherheit<\/strong><\/h3>\n<p>Wir ergreifen angemessene Sicherheitsma\u00dfnahmen, um Nutzerdaten vor unbefugtem Zugriff, Ver\u00e4nderung, Offenlegung oder Zerst\u00f6rung zu sch\u00fctzen. Wir verwenden Verschl\u00fcsselung und andere Sicherheitstechnologien, um den Schutz Ihrer Daten zu gew\u00e4hrleisten.<\/p>\n<h3>6. <strong>Rechte der Nutzer<\/strong><\/h3>\n<p>Gem\u00e4\u00df der Allgemeinen Datenschutzverordnung (GDPR) haben die Nutzer folgende Rechte:<\/p>\n<ul>\n<li><strong>Recht auf Zugang<\/strong>Sie k\u00f6nnen eine Kopie Ihrer bei uns gespeicherten personenbezogenen Daten anfordern.<\/li>\n<li><strong>Recht auf Berichtigung<\/strong>Sie k\u00f6nnen die Berichtigung von unrichtigen oder unvollst\u00e4ndigen personenbezogenen Daten verlangen.<\/li>\n<li><strong>Recht auf L\u00f6schung<\/strong>Sie k\u00f6nnen die L\u00f6schung Ihrer personenbezogenen Daten beantragen.<\/li>\n<li><strong>Recht auf Daten\u00fcbertragbarkeit<\/strong>Sie k\u00f6nnen beantragen, dass Ihre Daten an eine andere Organisation \u00fcbermittelt werden, falls dies erforderlich ist.<\/li>\n<li><strong>Widerspruchsrecht<\/strong>Sie k\u00f6nnen der Verarbeitung Ihrer Daten zu Marketingzwecken widersprechen.<\/li>\n<\/ul>\n<p>Um eines dieser Rechte auszu\u00fcben, wenden Sie sich bitte per E-Mail an uns: <a rel=\"noopener\" data-umami-event=\"link:info@zenandart.pt\" href=\"javascript:void(0)\">info@zenandart.pt<\/a>.<\/p>\n<h3>7. <strong>Links zu Websites von Dritten<\/strong><\/h3>\n<p>Unsere Website kann Links zu anderen Websites enthalten. Wir haben keine Kontrolle \u00fcber diese Websites und sind nicht f\u00fcr deren Datenschutzrichtlinien verantwortlich. Wir empfehlen Ihnen, die Datenschutzrichtlinien der Websites Dritter zu lesen, bevor Sie pers\u00f6nliche Daten angeben.<\/p>\n<h3>8. <strong>\u00c4nderungen an dieser Datenschutzrichtlinie<\/strong><\/h3>\n<p>Wir k\u00f6nnen diese Datenschutzrichtlinie von Zeit zu Zeit aktualisieren. Alle \u00c4nderungen werden auf dieser Seite ver\u00f6ffentlicht und das Aktualisierungsdatum wird entsprechend angepasst. Wir empfehlen Ihnen, diese Seite regelm\u00e4\u00dfig zu lesen, um sich dar\u00fcber zu informieren, wie wir Ihre Daten sch\u00fctzen.<\/p>\n<h3>9. <strong>Kontakt<\/strong><\/h3>\n<p>Wenn Sie Fragen oder Bedenken bez\u00fcglich dieser Datenschutzrichtlinie haben, wenden Sie sich bitte an uns:<\/p>\n<ul>\n<li><strong>E-Mail<\/strong>: <a rel=\"noopener\" data-umami-event=\"link:info@zenandart.pt\" href=\"javascript:void(0)\">info@zenandart.pt<\/a><\/li>\n<li><strong>Adresse<\/strong>Rua Dr. Paulo S\u00e1, n\u00ba2, 4520-219, Santa Maria da Feira, Portugal<\/li>\n<\/ul>\t\t\t\t\t\t<\/div>\n\t\t\t\t<\/div>\n\t\t\t\t\t<\/div>\n\t\t<\/div>\n\t\t\t\t\t<\/div>\n\t\t<\/section>\n\t\t\t\t<\/div>","protected":false},"excerpt":{"rendered":"<p>Pol\u00edtica de Privacidade \u00daltima atualiza\u00e7\u00e3o: 17 Novembro 2024 A Zen and Art (acess\u00edvel em https:\/\/zenandart.pt) valoriza a privacidade dos seus utilizadores e compromete-se a proteger as informa\u00e7\u00f5es pessoais que nos s\u00e3o fornecidas. Esta Pol\u00edtica de Privacidade explica como recolhemos, utilizamos, divulgamos e protegemos as suas informa\u00e7\u00f5es. 1. Informa\u00e7\u00f5es Recolhidas Recolhemos os seguintes dados pessoais dos [&hellip;]<\/p>\n","protected":false},"author":1,"featured_media":0,"parent":0,"menu_order":0,"comment_status":"closed","ping_status":"closed","template":"","meta":{"rs_blank_template":"","rs_page_bg_color":"","slide_template_v7":"","inline_featured_image":false,"footnotes":""},"class_list":["post-7270","page","type-page","status-publish","hentry"],"_links":{"self":[{"href":"https:\/\/zenandart.pt\/de\/wp-json\/wp\/v2\/pages\/7270","targetHints":{"allow":["GET"]}}],"collection":[{"href":"https:\/\/zenandart.pt\/de\/wp-json\/wp\/v2\/pages"}],"about":[{"href":"https:\/\/zenandart.pt\/de\/wp-json\/wp\/v2\/types\/page"}],"author":[{"embeddable":true,"href":"https:\/\/zenandart.pt\/de\/wp-json\/wp\/v2\/users\/1"}],"replies":[{"embeddable":true,"href":"https:\/\/zenandart.pt\/de\/wp-json\/wp\/v2\/comments?post=7270"}],"version-history":[{"count":4,"href":"https:\/\/zenandart.pt\/de\/wp-json\/wp\/v2\/pages\/7270\/revisions"}],"predecessor-version":[{"id":7274,"href":"https:\/\/zenandart.pt\/de\/wp-json\/wp\/v2\/pages\/7270\/revisions\/7274"}],"wp:attachment":[{"href":"https:\/\/zenandart.pt\/de\/wp-json\/wp\/v2\/media?parent=7270"}],"curies":[{"name":"wp","href":"https:\/\/api.w.org\/{rel}","templated":true}]}}