{"id":5241,"date":"2024-07-23T14:31:25","date_gmt":"2024-07-23T13:31:25","guid":{"rendered":"https:\/\/zenandart.pt\/?page_id=5241"},"modified":"2025-12-01T19:35:37","modified_gmt":"2025-12-01T19:35:37","slug":"faq","status":"publish","type":"page","link":"https:\/\/zenandart.pt\/de\/faq\/","title":{"rendered":"FAQ"},"content":{"rendered":"<div data-elementor-type=\"wp-page\" data-elementor-id=\"5241\" class=\"elementor elementor-5241\">\n\t\t\t\t\t\t<section class=\"elementor-section elementor-top-section elementor-element elementor-element-e3c4e3f elementor-section-stretched elementor-section-boxed elementor-section-height-default elementor-section-height-default\" data-id=\"e3c4e3f\" data-element_type=\"section\" data-settings='{\"stretch_section\":\"section-stretched\"}'>\n\t\t\t\t\t\t<div class=\"elementor-container elementor-column-gap-extended\">\n\t\t\t\t\t<div class=\"elementor-column elementor-col-100 elementor-top-column elementor-element elementor-element-ea5328a\" data-id=\"ea5328a\" data-element_type=\"column\">\n\t\t\t<div class=\"elementor-widget-wrap elementor-element-populated\">\n\t\t\t\t\t\t<div class=\"elementor-element elementor-element-78a77da elementor-invisible elementor-widget elementor-widget-heading\" data-id=\"78a77da\" data-element_type=\"widget\" data-settings='{\"_animation\":\"slide-up\"}' data-widget_type=\"heading.default\">\n\t\t\t\t<div class=\"elementor-widget-container\">\n\t\t\t<h1 class=\"elementor-heading-title elementor-size-default translation-block\"><span class=\"text-theme\">H\u00c4UFIG GEFRAGTE <\/span>FRAGEN<\/h1>\t\t<\/div>\n\t\t\t\t<\/div>\n\t\t\t\t<div class=\"elementor-element elementor-element-8cf3063 elementor-widget__width-initial elementor-invisible elementor-widget elementor-widget-accordion\" data-id=\"8cf3063\" data-element_type=\"widget\" data-settings='{\"_animation\":\"slide-up\"}' data-widget_type=\"accordion.default\">\n\t\t\t\t<div class=\"elementor-widget-container\">\n\t\t\t\t\t<div class=\"elementor-accordion\">\n\t\t\t\t\t\t\t<div class=\"elementor-accordion-item\">\n\t\t\t\t\t<div id=\"elementor-tab-title-1471\" class=\"elementor-tab-title\" data-tab=\"1\" role=\"button\" aria-controls=\"elementor-tab-content-1471\" aria-expanded=\"false\">\n\t\t\t\t\t\t\t\t\t\t\t\t\t<span class=\"elementor-accordion-icon elementor-accordion-icon-right\" aria-hidden=\"true\">\n\t\t\t\t\t\t\t\t\t\t\t\t\t\t\t<span class=\"elementor-accordion-icon-closed\"><svg xmlns=\"http:\/\/www.w3.org\/2000\/svg\" width=\"28\" height=\"28\" viewbox=\"0 0 28 28\" fill=\"none\"><circle cx=\"14\" cy=\"14\" r=\"13.5\" stroke=\"#C29F7B\"><\/circle><path d=\"M9 13.5H19V14.5H9V13.5Z\" fill=\"#C29F7B\"><\/path><path d=\"M13.5 19L13.5 9L14.5 9L14.5 19H13.5Z\" fill=\"#C29F7B\"><\/path><\/svg><\/span>\n\t\t\t\t\t\t\t\t<span class=\"elementor-accordion-icon-opened\"><svg xmlns=\"http:\/\/www.w3.org\/2000\/svg\" width=\"28\" height=\"28\" viewbox=\"0 0 28 28\" fill=\"none\"><circle cx=\"14\" cy=\"14\" r=\"13.5\" stroke=\"#C29F7B\"><\/circle><path d=\"M9 13.5H19V14.5H9V13.5Z\" fill=\"#C29F7B\"><\/path><\/svg><\/span>\n\t\t\t\t\t\t\t\t\t\t\t\t\t\t<\/span>\n\t\t\t\t\t\t\t\t\t\t\t\t<a class=\"elementor-accordion-title\" tabindex=\"0\" data-umami-event=\"link:1. Onde fica localizado o Zen &amp; Art?\" href=\"javascript:void(0)\">1. Wo befindet sich Zen &amp; Art?<\/a>\n\t\t\t\t\t<\/div>\n\t\t\t\t\t<div id=\"elementor-tab-content-1471\" class=\"elementor-tab-content elementor-clearfix\" data-tab=\"1\" role=\"region\" aria-labelledby=\"elementor-tab-title-1471\"><p>Das G\u00e4stehaus Zen &amp; Art befindet sich in Santa Maria da Feira, Portugal, in der N\u00e4he des Stadtzentrums, weniger als 1 km vom Schloss und 6 km vom Europarque entfernt.<\/p><p>Die Stadt Porto und der Fluss Douro sind 30 km entfernt und der Flughafen Francisco S\u00e1 Carneiro ist 45 km entfernt. Der Strand von Espinho ist 15 km entfernt. Ideal f\u00fcr diejenigen, die ein Zimmer in einer lokalen Unterkunft oder einem Hotel in Santa Maria da Feira in der N\u00e4he von Europarque, Vila Nova de Gaia und Porto buchen m\u00f6chten.<\/p><\/div>\n\t\t\t\t<\/div>\n\t\t\t\t\t\t\t<div class=\"elementor-accordion-item\">\n\t\t\t\t\t<div id=\"elementor-tab-title-1472\" class=\"elementor-tab-title\" data-tab=\"2\" role=\"button\" aria-controls=\"elementor-tab-content-1472\" aria-expanded=\"false\">\n\t\t\t\t\t\t\t\t\t\t\t\t\t<span class=\"elementor-accordion-icon elementor-accordion-icon-right\" aria-hidden=\"true\">\n\t\t\t\t\t\t\t\t\t\t\t\t\t\t\t<span class=\"elementor-accordion-icon-closed\"><svg xmlns=\"http:\/\/www.w3.org\/2000\/svg\" width=\"28\" height=\"28\" viewbox=\"0 0 28 28\" fill=\"none\"><circle cx=\"14\" cy=\"14\" r=\"13.5\" stroke=\"#C29F7B\"><\/circle><path d=\"M9 13.5H19V14.5H9V13.5Z\" fill=\"#C29F7B\"><\/path><path d=\"M13.5 19L13.5 9L14.5 9L14.5 19H13.5Z\" fill=\"#C29F7B\"><\/path><\/svg><\/span>\n\t\t\t\t\t\t\t\t<span class=\"elementor-accordion-icon-opened\"><svg xmlns=\"http:\/\/www.w3.org\/2000\/svg\" width=\"28\" height=\"28\" viewbox=\"0 0 28 28\" fill=\"none\"><circle cx=\"14\" cy=\"14\" r=\"13.5\" stroke=\"#C29F7B\"><\/circle><path d=\"M9 13.5H19V14.5H9V13.5Z\" fill=\"#C29F7B\"><\/path><\/svg><\/span>\n\t\t\t\t\t\t\t\t\t\t\t\t\t\t<\/span>\n\t\t\t\t\t\t\t\t\t\t\t\t<a class=\"elementor-accordion-title\" tabindex=\"0\" data-umami-event=\"link:2. Diferen\u00e7a entre as tarifas Standard, Flex\u00edvel e N\u00e3o Reembols\u00e1vel?\" href=\"javascript:void(0)\">2. Unterschied zwischen Standard-, flexiblen und nicht erstattungsf\u00e4higen Tarifen?<\/a>\n\t\t\t\t\t<\/div>\n\t\t\t\t\t<div id=\"elementor-tab-content-1472\" class=\"elementor-tab-content elementor-clearfix\" data-tab=\"2\" role=\"region\" aria-labelledby=\"elementor-tab-title-1472\"><p><strong>Standard: <\/strong>Kostenlose Stornierung bis zu 7 Tage vor der Ankunft. Nach dieser Frist wird der volle Betrag der Reservierung im Falle einer Stornierung oder No-Show berechnet. Impliziert Vorauszahlung des vollen Betrags der Reservierung zum Zeitpunkt der Best\u00e4tigung.<\/p><p><strong>Nicht erstattungsf\u00e4hig: <\/strong>Keine R\u00fcckerstattung bei Stornierung, \u00c4nderung oder Nichterscheinen. Der Gesamtbetrag der Buchung muss zum Zeitpunkt der Best\u00e4tigung im Voraus bezahlt werden.<\/p><p><strong>Flexibel: <\/strong>Die Stornierung ist bis zu 24 Stunden vor der Ankunft kostenlos. Danach wird im Falle einer Stornierung oder Nichtanreise der volle Betrag der Reservierung in Rechnung gestellt. Zur Best\u00e4tigung der Buchung ist keine Vorauszahlung erforderlich. Die Zahlung kann online erfolgen oder bei der Ankunft beim Check-in bezahlt werden.<\/p><p>So \u00f6ffnen Sie die Online-Buchungsseite, <span style=\"text-decoration: underline;\"><strong><a href=\"https:\/\/booking.roomraccoon.pt\/zen-and-art\/en\/\" rel=\"noopener\" data-umami-event=\"link:clique aqui\" data-umami-event-url=\"https:\/\/booking.roomraccoon.pt\/zen-and-art\/\">hier klicken<\/a><\/strong><\/span>.<\/p><\/div>\n\t\t\t\t<\/div>\n\t\t\t\t\t\t\t<div class=\"elementor-accordion-item\">\n\t\t\t\t\t<div id=\"elementor-tab-title-1473\" class=\"elementor-tab-title\" data-tab=\"3\" role=\"button\" aria-controls=\"elementor-tab-content-1473\" aria-expanded=\"false\">\n\t\t\t\t\t\t\t\t\t\t\t\t\t<span class=\"elementor-accordion-icon elementor-accordion-icon-right\" aria-hidden=\"true\">\n\t\t\t\t\t\t\t\t\t\t\t\t\t\t\t<span class=\"elementor-accordion-icon-closed\"><svg xmlns=\"http:\/\/www.w3.org\/2000\/svg\" width=\"28\" height=\"28\" viewbox=\"0 0 28 28\" fill=\"none\"><circle cx=\"14\" cy=\"14\" r=\"13.5\" stroke=\"#C29F7B\"><\/circle><path d=\"M9 13.5H19V14.5H9V13.5Z\" fill=\"#C29F7B\"><\/path><path d=\"M13.5 19L13.5 9L14.5 9L14.5 19H13.5Z\" fill=\"#C29F7B\"><\/path><\/svg><\/span>\n\t\t\t\t\t\t\t\t<span class=\"elementor-accordion-icon-opened\"><svg xmlns=\"http:\/\/www.w3.org\/2000\/svg\" width=\"28\" height=\"28\" viewbox=\"0 0 28 28\" fill=\"none\"><circle cx=\"14\" cy=\"14\" r=\"13.5\" stroke=\"#C29F7B\"><\/circle><path d=\"M9 13.5H19V14.5H9V13.5Z\" fill=\"#C29F7B\"><\/path><\/svg><\/span>\n\t\t\t\t\t\t\t\t\t\t\t\t\t\t<\/span>\n\t\t\t\t\t\t\t\t\t\t\t\t<a class=\"elementor-accordion-title\" tabindex=\"0\" data-umami-event=\"link:3. Hor\u00e1rio de check-in e check-out?\" href=\"javascript:void(0)\">3. Check-in und Check-out Zeiten?<\/a>\n\t\t\t\t\t<\/div>\n\t\t\t\t\t<div id=\"elementor-tab-content-1473\" class=\"elementor-tab-content elementor-clearfix\" data-tab=\"3\" role=\"region\" aria-labelledby=\"elementor-tab-title-1473\"><p>Der Check-in ist zwischen 15.00 und 18.00 Uhr m\u00f6glich, und der Check-out muss zwischen 9.00 und 12.00 Uhr erfolgen.<\/p><\/div>\n\t\t\t\t<\/div>\n\t\t\t\t\t\t\t<div class=\"elementor-accordion-item\">\n\t\t\t\t\t<div id=\"elementor-tab-title-1474\" class=\"elementor-tab-title\" data-tab=\"4\" role=\"button\" aria-controls=\"elementor-tab-content-1474\" aria-expanded=\"false\">\n\t\t\t\t\t\t\t\t\t\t\t\t\t<span class=\"elementor-accordion-icon elementor-accordion-icon-right\" aria-hidden=\"true\">\n\t\t\t\t\t\t\t\t\t\t\t\t\t\t\t<span class=\"elementor-accordion-icon-closed\"><svg xmlns=\"http:\/\/www.w3.org\/2000\/svg\" width=\"28\" height=\"28\" viewbox=\"0 0 28 28\" fill=\"none\"><circle cx=\"14\" cy=\"14\" r=\"13.5\" stroke=\"#C29F7B\"><\/circle><path d=\"M9 13.5H19V14.5H9V13.5Z\" fill=\"#C29F7B\"><\/path><path d=\"M13.5 19L13.5 9L14.5 9L14.5 19H13.5Z\" fill=\"#C29F7B\"><\/path><\/svg><\/span>\n\t\t\t\t\t\t\t\t<span class=\"elementor-accordion-icon-opened\"><svg xmlns=\"http:\/\/www.w3.org\/2000\/svg\" width=\"28\" height=\"28\" viewbox=\"0 0 28 28\" fill=\"none\"><circle cx=\"14\" cy=\"14\" r=\"13.5\" stroke=\"#C29F7B\"><\/circle><path d=\"M9 13.5H19V14.5H9V13.5Z\" fill=\"#C29F7B\"><\/path><\/svg><\/span>\n\t\t\t\t\t\t\t\t\t\t\t\t\t\t<\/span>\n\t\t\t\t\t\t\t\t\t\t\t\t<a class=\"elementor-accordion-title\" tabindex=\"0\" data-umami-event=\"link:4. Condi\u00e7\u00f5es e ber\u00e7os para crian\u00e7as\" href=\"javascript:void(0)\">4. Bedingungen und Kinderbetten f\u00fcr Kinder<\/a>\n\t\t\t\t\t<\/div>\n\t\t\t\t\t<div id=\"elementor-tab-content-1474\" class=\"elementor-tab-content elementor-clearfix\" data-tab=\"4\" role=\"region\" aria-labelledby=\"elementor-tab-title-1474\"><p>Alle Kinder sind willkommen!<\/p><p>Um Preise und Belegungsinformationen zu sehen, f\u00fcgen Sie die Anzahl der Kinder und deren Alter zu Ihrer Suche hinzu. F\u00fcr Kinder von 0 bis 3 Jahren haben wir Kinderbetten (auf Anfrage) zu einem Preis von 30 \u20ac pro Nacht. Kinderbetten sind nicht im Gesamtpreis der Buchung enthalten und m\u00fcssen w\u00e4hrend Ihres Aufenthalts separat bezahlt werden.<\/p><\/div>\n\t\t\t\t<\/div>\n\t\t\t\t\t\t\t<div class=\"elementor-accordion-item\">\n\t\t\t\t\t<div id=\"elementor-tab-title-1475\" class=\"elementor-tab-title\" data-tab=\"5\" role=\"button\" aria-controls=\"elementor-tab-content-1475\" aria-expanded=\"false\">\n\t\t\t\t\t\t\t\t\t\t\t\t\t<span class=\"elementor-accordion-icon elementor-accordion-icon-right\" aria-hidden=\"true\">\n\t\t\t\t\t\t\t\t\t\t\t\t\t\t\t<span class=\"elementor-accordion-icon-closed\"><svg xmlns=\"http:\/\/www.w3.org\/2000\/svg\" width=\"28\" height=\"28\" viewbox=\"0 0 28 28\" fill=\"none\"><circle cx=\"14\" cy=\"14\" r=\"13.5\" stroke=\"#C29F7B\"><\/circle><path d=\"M9 13.5H19V14.5H9V13.5Z\" fill=\"#C29F7B\"><\/path><path d=\"M13.5 19L13.5 9L14.5 9L14.5 19H13.5Z\" fill=\"#C29F7B\"><\/path><\/svg><\/span>\n\t\t\t\t\t\t\t\t<span class=\"elementor-accordion-icon-opened\"><svg xmlns=\"http:\/\/www.w3.org\/2000\/svg\" width=\"28\" height=\"28\" viewbox=\"0 0 28 28\" fill=\"none\"><circle cx=\"14\" cy=\"14\" r=\"13.5\" stroke=\"#C29F7B\"><\/circle><path d=\"M9 13.5H19V14.5H9V13.5Z\" fill=\"#C29F7B\"><\/path><\/svg><\/span>\n\t\t\t\t\t\t\t\t\t\t\t\t\t\t<\/span>\n\t\t\t\t\t\t\t\t\t\t\t\t<a class=\"elementor-accordion-title\" tabindex=\"0\" data-umami-event=\"link:5. Como posso reservar um quarto?\" href=\"javascript:void(0)\">5. Wie kann ich ein Zimmer buchen?<\/a>\n\t\t\t\t\t<\/div>\n\t\t\t\t\t<div id=\"elementor-tab-content-1475\" class=\"elementor-tab-content elementor-clearfix\" data-tab=\"5\" role=\"region\" aria-labelledby=\"elementor-tab-title-1475\"><p>Sie k\u00f6nnen online buchen <span style=\"text-decoration: underline;\"><strong><a href=\"https:\/\/booking.roomraccoon.pt\/zen-and-art\/en\/\" rel=\"noopener\" data-umami-event=\"link:clicando aqui\" data-umami-event-url=\"https:\/\/booking.roomraccoon.pt\/zen-and-art\/\">indem Sie hier klicken<\/a><\/strong><\/span>per Telefon <a href=\"tel:+351968417877\" data-umami-event=\"link:+351 968 417 877\" data-umami-event-url=\"tel:+351968417877\">+351 968 417 877<\/a>, <a href=\"https:\/\/wa.me\/351968417877\" target=\"_blank\" rel=\"noopener\" data-umami-event=\"link:WhatsApp\" data-umami-event-url=\"https:\/\/wa.me\/351968417877\">WhatsApp<\/a> oder bei <a href=\"https:\/\/www.booking.com\/hotel\/pt\/zen-amp-art-casa-da-lavandeira\" target=\"_blank\" rel=\"noopener\" data-umami-event=\"link:Booking.com\" data-umami-event-url=\"https:\/\/www.booking.com\/hotel\/pt\/zen-amp-art-casa-da-lavandeira\">Buchen.com<\/a>.<\/p><\/div>\n\t\t\t\t<\/div>\n\t\t\t\t\t\t\t<div class=\"elementor-accordion-item\">\n\t\t\t\t\t<div id=\"elementor-tab-title-1476\" class=\"elementor-tab-title\" data-tab=\"6\" role=\"button\" aria-controls=\"elementor-tab-content-1476\" aria-expanded=\"false\">\n\t\t\t\t\t\t\t\t\t\t\t\t\t<span class=\"elementor-accordion-icon elementor-accordion-icon-right\" aria-hidden=\"true\">\n\t\t\t\t\t\t\t\t\t\t\t\t\t\t\t<span class=\"elementor-accordion-icon-closed\"><svg xmlns=\"http:\/\/www.w3.org\/2000\/svg\" width=\"28\" height=\"28\" viewbox=\"0 0 28 28\" fill=\"none\"><circle cx=\"14\" cy=\"14\" r=\"13.5\" stroke=\"#C29F7B\"><\/circle><path d=\"M9 13.5H19V14.5H9V13.5Z\" fill=\"#C29F7B\"><\/path><path d=\"M13.5 19L13.5 9L14.5 9L14.5 19H13.5Z\" fill=\"#C29F7B\"><\/path><\/svg><\/span>\n\t\t\t\t\t\t\t\t<span class=\"elementor-accordion-icon-opened\"><svg xmlns=\"http:\/\/www.w3.org\/2000\/svg\" width=\"28\" height=\"28\" viewbox=\"0 0 28 28\" fill=\"none\"><circle cx=\"14\" cy=\"14\" r=\"13.5\" stroke=\"#C29F7B\"><\/circle><path d=\"M9 13.5H19V14.5H9V13.5Z\" fill=\"#C29F7B\"><\/path><\/svg><\/span>\n\t\t\t\t\t\t\t\t\t\t\t\t\t\t<\/span>\n\t\t\t\t\t\t\t\t\t\t\t\t<a class=\"elementor-accordion-title\" tabindex=\"0\" data-umami-event=\"link:6. Servem pequeno-almo\u00e7o?\" href=\"javascript:void(0)\">6. Gibt es bei Ihnen Fr\u00fchst\u00fcck?<\/a>\n\t\t\t\t\t<\/div>\n\t\t\t\t\t<div id=\"elementor-tab-content-1476\" class=\"elementor-tab-content elementor-clearfix\" data-tab=\"6\" role=\"region\" aria-labelledby=\"elementor-tab-title-1476\"><p>Ja, das Fr\u00fchst\u00fcck ist bei allen Buchungen inbegriffen. Wir servieren ein Fr\u00fchst\u00fcck, das mit frischen Produkten aus der Region zubereitet wird, um Ihren Tag optimal zu beginnen.<\/p><\/div>\n\t\t\t\t<\/div>\n\t\t\t\t\t\t\t<div class=\"elementor-accordion-item\">\n\t\t\t\t\t<div id=\"elementor-tab-title-1477\" class=\"elementor-tab-title\" data-tab=\"7\" role=\"button\" aria-controls=\"elementor-tab-content-1477\" aria-expanded=\"false\">\n\t\t\t\t\t\t\t\t\t\t\t\t\t<span class=\"elementor-accordion-icon elementor-accordion-icon-right\" aria-hidden=\"true\">\n\t\t\t\t\t\t\t\t\t\t\t\t\t\t\t<span class=\"elementor-accordion-icon-closed\"><svg xmlns=\"http:\/\/www.w3.org\/2000\/svg\" width=\"28\" height=\"28\" viewbox=\"0 0 28 28\" fill=\"none\"><circle cx=\"14\" cy=\"14\" r=\"13.5\" stroke=\"#C29F7B\"><\/circle><path d=\"M9 13.5H19V14.5H9V13.5Z\" fill=\"#C29F7B\"><\/path><path d=\"M13.5 19L13.5 9L14.5 9L14.5 19H13.5Z\" fill=\"#C29F7B\"><\/path><\/svg><\/span>\n\t\t\t\t\t\t\t\t<span class=\"elementor-accordion-icon-opened\"><svg xmlns=\"http:\/\/www.w3.org\/2000\/svg\" width=\"28\" height=\"28\" viewbox=\"0 0 28 28\" fill=\"none\"><circle cx=\"14\" cy=\"14\" r=\"13.5\" stroke=\"#C29F7B\"><\/circle><path d=\"M9 13.5H19V14.5H9V13.5Z\" fill=\"#C29F7B\"><\/path><\/svg><\/span>\n\t\t\t\t\t\t\t\t\t\t\t\t\t\t<\/span>\n\t\t\t\t\t\t\t\t\t\t\t\t<a class=\"elementor-accordion-title\" tabindex=\"0\" data-umami-event=\"link:7. H\u00e1 estacionamento dispon\u00edvel no local?\" href=\"javascript:void(0)\">7. Gibt es vor Ort einen Parkplatz?<\/a>\n\t\t\t\t\t<\/div>\n\t\t\t\t\t<div id=\"elementor-tab-content-1477\" class=\"elementor-tab-content elementor-clearfix\" data-tab=\"7\" role=\"region\" aria-labelledby=\"elementor-tab-title-1477\"><p>Ja. Zen &amp; Art bietet kostenlose Privatparkpl\u00e4tze f\u00fcr die Fahrzeuge der G\u00e4ste.<\/p><\/div>\n\t\t\t\t<\/div>\n\t\t\t\t\t\t\t<div class=\"elementor-accordion-item\">\n\t\t\t\t\t<div id=\"elementor-tab-title-1478\" class=\"elementor-tab-title\" data-tab=\"8\" role=\"button\" aria-controls=\"elementor-tab-content-1478\" aria-expanded=\"false\">\n\t\t\t\t\t\t\t\t\t\t\t\t\t<span class=\"elementor-accordion-icon elementor-accordion-icon-right\" aria-hidden=\"true\">\n\t\t\t\t\t\t\t\t\t\t\t\t\t\t\t<span class=\"elementor-accordion-icon-closed\"><svg xmlns=\"http:\/\/www.w3.org\/2000\/svg\" width=\"28\" height=\"28\" viewbox=\"0 0 28 28\" fill=\"none\"><circle cx=\"14\" cy=\"14\" r=\"13.5\" stroke=\"#C29F7B\"><\/circle><path d=\"M9 13.5H19V14.5H9V13.5Z\" fill=\"#C29F7B\"><\/path><path d=\"M13.5 19L13.5 9L14.5 9L14.5 19H13.5Z\" fill=\"#C29F7B\"><\/path><\/svg><\/span>\n\t\t\t\t\t\t\t\t<span class=\"elementor-accordion-icon-opened\"><svg xmlns=\"http:\/\/www.w3.org\/2000\/svg\" width=\"28\" height=\"28\" viewbox=\"0 0 28 28\" fill=\"none\"><circle cx=\"14\" cy=\"14\" r=\"13.5\" stroke=\"#C29F7B\"><\/circle><path d=\"M9 13.5H19V14.5H9V13.5Z\" fill=\"#C29F7B\"><\/path><\/svg><\/span>\n\t\t\t\t\t\t\t\t\t\t\t\t\t\t<\/span>\n\t\t\t\t\t\t\t\t\t\t\t\t<a class=\"elementor-accordion-title\" tabindex=\"0\" data-umami-event=\"link:8. O alojamento oferece servi\u00e7os adicionais?\" href=\"javascript:void(0)\">8. Bietet die Unterkunft zus\u00e4tzliche Dienstleistungen an?<\/a>\n\t\t\t\t\t<\/div>\n\t\t\t\t\t<div id=\"elementor-tab-content-1478\" class=\"elementor-tab-content elementor-clearfix\" data-tab=\"8\" role=\"region\" aria-labelledby=\"elementor-tab-title-1478\"><p>Ja, alle Zimmer haben Zugang zu allen Annehmlichkeiten und Gemeinschaftsbereichen: Privatparkplatz, Bar, Au\u00dfenpool, Whirlpool, Terrasse, Innen- und Au\u00dfenkamin, Leseraum usw.<\/p><p>Pers\u00f6nliche Dienstleistungen wie Yoga, Massagen, Abendessen, Besuche von K\u00fcnstlerateliers, Empfehlungen f\u00fcr Ausfl\u00fcge in die Umgebung, Buchung von Aktivit\u00e4ten und vieles mehr werden auf der Website angeboten. <span style=\"text-decoration: underline;\"><a href=\"\/de\/dienstleistungen\/\" data-umami-event=\"link:Servi\u00e7os\" data-umami-event-url=\"\/servicos\/\">Dienstleistungen<\/a><\/span><\/p><\/div>\n\t\t\t\t<\/div>\n\t\t\t\t\t\t\t<div class=\"elementor-accordion-item\">\n\t\t\t\t\t<div id=\"elementor-tab-title-1479\" class=\"elementor-tab-title\" data-tab=\"9\" role=\"button\" aria-controls=\"elementor-tab-content-1479\" aria-expanded=\"false\">\n\t\t\t\t\t\t\t\t\t\t\t\t\t<span class=\"elementor-accordion-icon elementor-accordion-icon-right\" aria-hidden=\"true\">\n\t\t\t\t\t\t\t\t\t\t\t\t\t\t\t<span class=\"elementor-accordion-icon-closed\"><svg xmlns=\"http:\/\/www.w3.org\/2000\/svg\" width=\"28\" height=\"28\" viewbox=\"0 0 28 28\" fill=\"none\"><circle cx=\"14\" cy=\"14\" r=\"13.5\" stroke=\"#C29F7B\"><\/circle><path d=\"M9 13.5H19V14.5H9V13.5Z\" fill=\"#C29F7B\"><\/path><path d=\"M13.5 19L13.5 9L14.5 9L14.5 19H13.5Z\" fill=\"#C29F7B\"><\/path><\/svg><\/span>\n\t\t\t\t\t\t\t\t<span class=\"elementor-accordion-icon-opened\"><svg xmlns=\"http:\/\/www.w3.org\/2000\/svg\" width=\"28\" height=\"28\" viewbox=\"0 0 28 28\" fill=\"none\"><circle cx=\"14\" cy=\"14\" r=\"13.5\" stroke=\"#C29F7B\"><\/circle><path d=\"M9 13.5H19V14.5H9V13.5Z\" fill=\"#C29F7B\"><\/path><\/svg><\/span>\n\t\t\t\t\t\t\t\t\t\t\t\t\t\t<\/span>\n\t\t\t\t\t\t\t\t\t\t\t\t<a class=\"elementor-accordion-title\" tabindex=\"0\" data-umami-event=\"link:9. Realizam jantares e eventos de grupo personalizados?\" href=\"javascript:void(0)\">9. Veranstalten Sie personalisierte Abendessen und Gruppenveranstaltungen?<\/a>\n\t\t\t\t\t<\/div>\n\t\t\t\t\t<div id=\"elementor-tab-content-1479\" class=\"elementor-tab-content elementor-clearfix\" data-tab=\"9\" role=\"region\" aria-labelledby=\"elementor-tab-title-1479\"><p>Ja, wir bieten personalisierte Abendessen und Veranstaltungen f\u00fcr Gruppen an. Ob f\u00fcr eine Taufe, eine Hochzeit, eine Firmenveranstaltung oder eine Gruppe von Freunden. Kontaktieren Sie uns <span style=\"text-decoration: underline;\"><a href=\"\/de\/kontakte\/\" data-umami-event=\"link:contacto\" data-umami-event-url=\"\/contactos\/\">Kontakt<\/a><\/span> um mehr zu erfahren.<\/p><\/div>\n\t\t\t\t<\/div>\n\t\t\t\t\t\t\t\t<\/div>\n\t\t\t\t<\/div>\n\t\t\t\t<\/div>\n\t\t\t\t<div class=\"elementor-element elementor-element-2e9ce8e elementor-widget elementor-widget-spacer\" data-id=\"2e9ce8e\" data-element_type=\"widget\" data-widget_type=\"spacer.default\">\n\t\t\t\t<div class=\"elementor-widget-container\">\n\t\t\t\t\t<div class=\"elementor-spacer\">\n\t\t\t<div class=\"elementor-spacer-inner\"><\/div>\n\t\t<\/div>\n\t\t\t\t<\/div>\n\t\t\t\t<\/div>\n\t\t\t\t\t<\/div>\n\t\t<\/div>\n\t\t\t\t\t<\/div>\n\t\t<\/section>\n\t\t\t\t<\/div>","protected":false},"excerpt":{"rendered":"<p>PERGUNTAS FREQUENTES 1. Onde fica localizado o Zen &amp; Art? O alojamento Zen &amp; Art est\u00e1 localizado em Santa Maria da Feira, Portugal, perto do centro da cidade, a menos de 1 km do Castelo e a 6 km do Europarque. A cidade do Porto e Rio Douro ficam a 30km e o Aeroporto Francisco [&hellip;]<\/p>\n","protected":false},"author":1,"featured_media":0,"parent":0,"menu_order":0,"comment_status":"closed","ping_status":"closed","template":"","meta":{"inline_featured_image":false,"footnotes":""},"class_list":["post-5241","page","type-page","status-publish","hentry"],"_links":{"self":[{"href":"https:\/\/zenandart.pt\/de\/wp-json\/wp\/v2\/pages\/5241","targetHints":{"allow":["GET"]}}],"collection":[{"href":"https:\/\/zenandart.pt\/de\/wp-json\/wp\/v2\/pages"}],"about":[{"href":"https:\/\/zenandart.pt\/de\/wp-json\/wp\/v2\/types\/page"}],"author":[{"embeddable":true,"href":"https:\/\/zenandart.pt\/de\/wp-json\/wp\/v2\/users\/1"}],"replies":[{"embeddable":true,"href":"https:\/\/zenandart.pt\/de\/wp-json\/wp\/v2\/comments?post=5241"}],"version-history":[{"count":10,"href":"https:\/\/zenandart.pt\/de\/wp-json\/wp\/v2\/pages\/5241\/revisions"}],"predecessor-version":[{"id":12690,"href":"https:\/\/zenandart.pt\/de\/wp-json\/wp\/v2\/pages\/5241\/revisions\/12690"}],"wp:attachment":[{"href":"https:\/\/zenandart.pt\/de\/wp-json\/wp\/v2\/media?parent=5241"}],"curies":[{"name":"wp","href":"https:\/\/api.w.org\/{rel}","templated":true}]}}